{"id":1047,"date":"2024-07-31T15:13:15","date_gmt":"2024-07-31T15:13:15","guid":{"rendered":"https:\/\/fleursauvagelingerie.com\/?page_id=1047"},"modified":"2024-08-01T19:44:50","modified_gmt":"2024-08-01T19:44:50","slug":"a-propos","status":"publish","type":"page","link":"https:\/\/fleursauvagelingerie.com\/fr\/a-propos\/","title":{"rendered":"\u00c0 propos"},"content":{"rendered":"\t\t<div data-elementor-type=\"wp-page\" data-elementor-id=\"1047\" class=\"elementor elementor-1047\" data-elementor-post-type=\"page\">\n\t\t\t\t<div class=\"elementor-element elementor-element-819e011 e-con-full e-flex e-con e-parent\" data-id=\"819e011\" data-element_type=\"container\">\n\t\t<div class=\"elementor-element elementor-element-3064971 e-con-full e-flex e-con e-child\" data-id=\"3064971\" data-element_type=\"container\" data-settings=\"{&quot;background_background&quot;:&quot;classic&quot;}\">\n\t\t\t\t<div class=\"elementor-element elementor-element-3dec177 elementor-widget__width-initial elementor-widget elementor-widget-heading\" data-id=\"3dec177\" data-element_type=\"widget\" data-widget_type=\"heading.default\">\n\t\t\t\t<div class=\"elementor-widget-container\">\n\t\t\t\t\t<h2 class=\"elementor-heading-title elementor-size-default\">Fleur Sauvage<\/h2>\t\t\t\t<\/div>\n\t\t\t\t<\/div>\n\t\t\t\t<\/div>\n\t\t<div class=\"elementor-element elementor-element-7dd53d5 e-flex e-con-boxed e-con e-child\" data-id=\"7dd53d5\" data-element_type=\"container\">\n\t\t\t\t\t<div class=\"e-con-inner\">\n\t\t\t\t<div class=\"elementor-element elementor-element-404d1fd elementor-widget elementor-widget-heading\" data-id=\"404d1fd\" data-element_type=\"widget\" data-widget_type=\"heading.default\">\n\t\t\t\t<div class=\"elementor-widget-container\">\n\t\t\t\t\t<h2 class=\"elementor-heading-title elementor-size-default\">Communaut\u00e9 <em>FSL<\/em><\/h2>\t\t\t\t<\/div>\n\t\t\t\t<\/div>\n\t\t\t\t<div class=\"elementor-element elementor-element-589bea6 elementor-widget elementor-widget-spacer\" data-id=\"589bea6\" data-element_type=\"widget\" data-widget_type=\"spacer.default\">\n\t\t\t\t<div class=\"elementor-widget-container\">\n\t\t\t\t\t\t\t<div class=\"elementor-spacer\">\n\t\t\t<div class=\"elementor-spacer-inner\"><\/div>\n\t\t<\/div>\n\t\t\t\t\t\t<\/div>\n\t\t\t\t<\/div>\n\t\t\t\t<div class=\"elementor-element elementor-element-61d8059 elementor-widget elementor-widget-text-editor\" data-id=\"61d8059\" data-element_type=\"widget\" data-widget_type=\"text-editor.default\">\n\t\t\t\t<div class=\"elementor-widget-container\">\n\t\t\t\t\t\t\t\t\t<div class=\"rich-text__text rte\"><p><strong>Fleur Sauvage Lingerie <\/strong>a \u00e9t\u00e9 cr\u00e9\u00e9 pour promouvoir l&rsquo;<em>exploration corporelle<\/em>dans tout son ensemble, tant au niveau physique que psychologique. Nous croyons fortement que tout humain vit une sexualit\u00e9 qui lui est unique et nous tenions \u00e0 encourager la c\u00e9l\u00e9bration de l&rsquo;<em>\u00e9panouissement \u00e9rotique <\/em>\u00e0 travers le jeu.<\/p><p><strong>Fleur Sauvage Lingerie <\/strong>a \u00e9t\u00e9 r\u00e9fl\u00e9chis pour initier sa communaut\u00e9 \u00e0 l&rsquo;art des <em>pratiques BDSM et la sexualit\u00e9 lente<\/em>. Ayant pour but de vous guider \u00e0 tester vos limites individuelles et d\u00e9couvrir de nouvelles sensations de la t\u00eate aux orteils.\u00a0<\/p><p><strong>Fleur Sauvage Lingerie <\/strong>croit fermement dans la beaut\u00e9 de la <em>diversit\u00e9 humaine <\/em>\u00e0 tous \u00e2ges, au plaisir passant par<em>le consentement <\/em>avant tout, aux d\u00e9couvertes possibles face \u00e0 l&rsquo;inconnu qui vous attend dans le l\u00e2cher prise de vos barri\u00e8res.<\/p><p><strong>Fleur Sauvage Lingerie <\/strong>vous invite donc \u00e0 suivre cette proposition de jeu dans le <em>respect, l&rsquo;authenticit\u00e9, l&rsquo;\u00e9rotisme et le bien-\u00eatre <\/em>afin de vous offrir des moments pour vous amuser et vous red\u00e9couvrir comme jamais auparavant!<\/p><\/div>\t\t\t\t\t\t\t\t<\/div>\n\t\t\t\t<\/div>\n\t\t\t\t<div class=\"elementor-element elementor-element-3cdfa3e elementor-widget elementor-widget-spacer\" data-id=\"3cdfa3e\" data-element_type=\"widget\" data-widget_type=\"spacer.default\">\n\t\t\t\t<div class=\"elementor-widget-container\">\n\t\t\t\t\t\t\t<div class=\"elementor-spacer\">\n\t\t\t<div class=\"elementor-spacer-inner\"><\/div>\n\t\t<\/div>\n\t\t\t\t\t\t<\/div>\n\t\t\t\t<\/div>\n\t\t\t\t\t<\/div>\n\t\t\t\t<\/div>\n\t\t<div class=\"elementor-element elementor-element-223c48a e-con-full e-flex e-con e-child\" data-id=\"223c48a\" data-element_type=\"container\" data-settings=\"{&quot;background_background&quot;:&quot;classic&quot;}\">\n\t\t\t\t<\/div>\n\t\t<div class=\"elementor-element elementor-element-3fd530d e-flex e-con-boxed e-con e-child\" data-id=\"3fd530d\" data-element_type=\"container\">\n\t\t\t\t\t<div class=\"e-con-inner\">\n\t\t\t\t<div class=\"elementor-element elementor-element-0f7cb5b elementor-widget elementor-widget-heading\" data-id=\"0f7cb5b\" data-element_type=\"widget\" data-widget_type=\"heading.default\">\n\t\t\t\t<div class=\"elementor-widget-container\">\n\t\t\t\t\t<h2 class=\"elementor-heading-title elementor-size-default\">Pr\u00e9sentation de la <em>Designer Fondatrice<\/em><\/h2>\t\t\t\t<\/div>\n\t\t\t\t<\/div>\n\t\t\t\t<div class=\"elementor-element elementor-element-271a012 elementor-widget elementor-widget-spacer\" data-id=\"271a012\" data-element_type=\"widget\" data-widget_type=\"spacer.default\">\n\t\t\t\t<div class=\"elementor-widget-container\">\n\t\t\t\t\t\t\t<div class=\"elementor-spacer\">\n\t\t\t<div class=\"elementor-spacer-inner\"><\/div>\n\t\t<\/div>\n\t\t\t\t\t\t<\/div>\n\t\t\t\t<\/div>\n\t\t\t\t<div class=\"elementor-element elementor-element-2e1c63d elementor-widget__width-initial elementor-widget-mobile__width-inherit elementor-widget elementor-widget-text-editor\" data-id=\"2e1c63d\" data-element_type=\"widget\" data-widget_type=\"text-editor.default\">\n\t\t\t\t<div class=\"elementor-widget-container\">\n\t\t\t\t\t\t\t\t\t<div class=\"rich-text__text rte\"><p>Du plus loin que je me souvienne, la lingerie a toujours \u00e9t\u00e9 intrigante pour moi. \u00c0 l\u2019adolescence, je m\u2019int\u00e9ressais d\u00e9j\u00e0 aux plus grandes marques de lingerie fine qui pouvait bien circuler dans les m\u00e9dias.<\/p><p>Avec du recul, je dirais que l\u2019aspect si technique et si d\u00e9licat de ce type de v\u00eatement me faisait ressentir de la curiosit\u00e9 que je ne saurais expliquer \u00e0 100%. La lingerie est le type de v\u00eatement qui d\u00e9gage le plus d\u2019\u00e9nergie et qui pourtant couvre le moins notre corps, et pour moi c\u2019\u00e9tait prenant \u00e0 quel point il y en avait \u00e0 apprendre sur ce sujet.<\/p><p>Je me suis donc dirig\u00e9 apr\u00e8s le secondaire en design de v\u00eatements dit f\u00e9minins pour apprendre la base de conception. Mes projets \u00e9taient concentr\u00e9s sur l\u2019\u00e9tude des diff\u00e9rentes silhouettes, des zones \u00e9rog\u00e8nes \u00e0 travers les \u00e9poques et le rapport \u00e0 la sexualit\u00e9 des femmes.<\/p><p>Ensuite, je suis all\u00e9e \u00e9tudier la sexualit\u00e9 humaine \u00e0 l\u2019Universit\u00e9 pour pouvoir approfondir mes connaissances, ouvrir mes horizons en soci\u00e9t\u00e9 et parfaire mon d\u00e9veloppement d\u2019identit\u00e9 de designer.<\/p><p>J\u2019ai poursuivi avec une ann\u00e9e d\u2019\u00e9tude en gestion par apr\u00e8s pour pouvoir valider mon envie de cr\u00e9er<br \/>une marque de lingerie comme j\u2019avais toujours r\u00eav\u00e9 pr\u00e9sentant les humains sous un autre jour.<\/p><p>D\u00e9montrer que la beaut\u00e9 a plusieurs sens et images de fa\u00e7on impr\u00e9cise, naturelle et authentique. D\u2019ouvrir le dialogue et de b\u00e2tir des opportunit\u00e9s pour illustrer les diff\u00e9rentes identit\u00e9s qui circulent autour de nous. Je crois fortement qu\u2019il y a autant d\u2019identit\u00e9s sexuelles qu\u2019il y a d\u2019humains ce qui me laisse croire que j\u2019ai bien du travail devant moi pour toutes les repr\u00e9senter au meilleur de mes capacit\u00e9s.<\/p><p>C\u2019est de ces nombreuses r\u00e9flexions \u00e0 travers mon parcours, que Fleur Sauvage Lingerie est (enfin) n\u00e9 et a \u00e9volu\u00e9 \u00e0 partir de premi\u00e8res illustrations \u00e0 la mise en march\u00e9 sur notre site environ 2 ans plus tard.<\/p><p>Il me fait donc un immense plaisir de pouvoir partager avec vous cette vision et cette repr\u00e9sentation de ce qu\u2019est mon identit\u00e9 de designer \u00e0 travers la communaut\u00e9 FSL.<\/p><p><strong><em>Laurianne Andr\u00e9<\/em><\/strong><\/p><p><strong><em>Designer fondatrice<\/em><\/strong><\/p><\/div>\t\t\t\t\t\t\t\t<\/div>\n\t\t\t\t<\/div>\n\t\t\t\t<div class=\"elementor-element elementor-element-d5b00bc elementor-widget elementor-widget-spacer\" data-id=\"d5b00bc\" data-element_type=\"widget\" data-widget_type=\"spacer.default\">\n\t\t\t\t<div class=\"elementor-widget-container\">\n\t\t\t\t\t\t\t<div class=\"elementor-spacer\">\n\t\t\t<div class=\"elementor-spacer-inner\"><\/div>\n\t\t<\/div>\n\t\t\t\t\t\t<\/div>\n\t\t\t\t<\/div>\n\t\t\t\t\t<\/div>\n\t\t\t\t<\/div>\n\t\t\t\t<\/div>\n\t\t\t\t<\/div>\n\t\t","protected":false},"excerpt":{"rendered":"<p>Fleur Sauvage Communaut\u00e9 FSL Fleur Sauvage Lingerie a \u00e9t\u00e9 cr\u00e9\u00e9 pour promouvoir l&rsquo;exploration corporelledans tout son ensemble, tant au niveau physique que psychologique. Nous croyons fortement que tout humain vit une sexualit\u00e9 qui lui est unique et nous tenions \u00e0 encourager la c\u00e9l\u00e9bration de l&rsquo;\u00e9panouissement \u00e9rotique \u00e0 travers le jeu. Fleur Sauvage Lingerie a \u00e9t\u00e9 [&hellip;]<\/p>\n","protected":false},"author":2,"featured_media":0,"parent":0,"menu_order":0,"comment_status":"closed","ping_status":"closed","template":"","meta":{"_bbp_topic_count":0,"_bbp_reply_count":0,"_bbp_total_topic_count":0,"_bbp_total_reply_count":0,"_bbp_voice_count":0,"_bbp_anonymous_reply_count":0,"_bbp_topic_count_hidden":0,"_bbp_reply_count_hidden":0,"_bbp_forum_subforum_count":0,"footnotes":""},"class_list":["post-1047","page","type-page","status-publish","hentry"],"_links":{"self":[{"href":"https:\/\/fleursauvagelingerie.com\/fr\/wp-json\/wp\/v2\/pages\/1047","targetHints":{"allow":["GET"]}}],"collection":[{"href":"https:\/\/fleursauvagelingerie.com\/fr\/wp-json\/wp\/v2\/pages"}],"about":[{"href":"https:\/\/fleursauvagelingerie.com\/fr\/wp-json\/wp\/v2\/types\/page"}],"author":[{"embeddable":true,"href":"https:\/\/fleursauvagelingerie.com\/fr\/wp-json\/wp\/v2\/users\/2"}],"replies":[{"embeddable":true,"href":"https:\/\/fleursauvagelingerie.com\/fr\/wp-json\/wp\/v2\/comments?post=1047"}],"version-history":[{"count":5,"href":"https:\/\/fleursauvagelingerie.com\/fr\/wp-json\/wp\/v2\/pages\/1047\/revisions"}],"predecessor-version":[{"id":1264,"href":"https:\/\/fleursauvagelingerie.com\/fr\/wp-json\/wp\/v2\/pages\/1047\/revisions\/1264"}],"wp:attachment":[{"href":"https:\/\/fleursauvagelingerie.com\/fr\/wp-json\/wp\/v2\/media?parent=1047"}],"curies":[{"name":"wp","href":"https:\/\/api.w.org\/{rel}","templated":true}]}}