{"id":1164,"date":"2024-08-01T15:26:12","date_gmt":"2024-08-01T15:26:12","guid":{"rendered":"https:\/\/fleursauvagelingerie.com\/?page_id=1164"},"modified":"2024-08-01T15:40:46","modified_gmt":"2024-08-01T15:40:46","slug":"politique-dexpedition","status":"publish","type":"page","link":"https:\/\/fleursauvagelingerie.com\/fr\/politique-dexpedition\/","title":{"rendered":"Politique d&rsquo;exp\u00e9dition"},"content":{"rendered":"\t\t<div data-elementor-type=\"wp-page\" data-elementor-id=\"1164\" class=\"elementor elementor-1164\" data-elementor-post-type=\"page\">\n\t\t\t\t<div class=\"elementor-element elementor-element-97fd0f3 e-flex e-con-boxed e-con e-parent\" data-id=\"97fd0f3\" data-element_type=\"container\">\n\t\t\t\t\t<div class=\"e-con-inner\">\n\t\t\t\t<div class=\"elementor-element elementor-element-9963f80 elementor-widget elementor-widget-text-editor\" data-id=\"9963f80\" data-element_type=\"widget\" data-widget_type=\"text-editor.default\">\n\t\t\t\t<div class=\"elementor-widget-container\">\n\t\t\t\t\t\t\t\t\t<p><b>Les d\u00e9lais de commande<\/b><\/p><p>Parfois, il peut y avoir des impr\u00e9vus et des retards surviennent. Ils surviennent rarement et sont g\u00e9n\u00e9ralement caus\u00e9s par des facteurs ind\u00e9pendants de notre volont\u00e9. Si cette situation devait se produire, nous vous demandons de bien vouloir rester patient.e et compr\u00e9hensif.ve.<\/p><p>Afin d&rsquo;\u00e9liminer toute possibilit\u00e9 de retard, veuillez vous assurer d&rsquo;entrer les bons d\u00e9tails de livraison. Si vous avez rempli le formulaire avec une ou plusieurs erreurs, n&rsquo;h\u00e9sitez pas \u00e0 nous contacter par <b>info@fleursauvagelingerie.com<\/b>. Nous allons r\u00e9soudre ce probl\u00e8me d\u00e8s que possible pour vous assurer de recevoir votre article rapidement.<\/p><p>Si le d\u00e9lai de livraison est d\u00e9j\u00e0 \u00e9coul\u00e9 et que vous n&rsquo;avez toujours pas re\u00e7u votre colis, veuillez nous contacter \u00e0 <b>info@fleursauvagelingerie.com<\/b> afin que nous puissions voir ce qui ne va pas.<\/p><p>DROITS ET TAXES\u00a0<\/p><p>Exp\u00e9dition aux \u00c9tats-Unis<\/p><p>L&rsquo;exp\u00e9dition aux \u00c9tats-Unis est exempt\u00e9e de taxe de vente. Il n&rsquo;y a pas d&rsquo;autres taxes ou droits d&rsquo;importation appliqu\u00e9s aux colis exp\u00e9di\u00e9s aux \u00c9tats-Unis. Cependant, certaines taxes locales non douani\u00e8res peuvent \u00eatre per\u00e7ues et sont \u00e0 la charge du client.e. Fleur Sauvage Lingerie Inc. n&rsquo;assume aucune responsabilit\u00e9 pour le paiement ou la d\u00e9claration de taxes locales suppl\u00e9mentaires.<\/p><p>\u00a0\u00a0Transport maritime international<\/p><p>Si vous commandez depuis un pays autre que les \u00c9tats-Unis, vous devrez peut-\u00eatre payer des droits d&rsquo;importation. Fleur Sauvage Lingerie Inc. n&rsquo;est pas responsable de d\u00e9clarer ou de payer des taxes exclusives ou internationales. Tous les prix sur le site Web, ainsi que le co\u00fbt total de votre commande, n&rsquo;incluent aucune taxe de vente ni aucun droit de douane.<\/p><p>Le.la client.e est enti\u00e8rement responsable des taxes et droits qu&rsquo;iel pourrait avoir \u00e0 payer. Si des taxes ou droits locaux s&rsquo;appliquent au colis, le.la client.e devra les payer pour lib\u00e9rer le colis de la douane. Une fois la commande exp\u00e9di\u00e9e, tous les droits et taxes deviennent non remboursables. Et si le.la client.e retourne des articles, Fleur Sauvage Lingerie Inc. ne rembourse pas les taxes et droits associ\u00e9s.\u00a0<\/p><p><b>QUE SE PASSE-T-IL SI JE NE PAYE PAS LA TAXE POUR MA COMMANDE ?<\/b><\/p><p>Les taxes et droits d&rsquo;importation ne sont pas appliqu\u00e9s \u00e0 chaque colis. Mais, pour \u00e9viter tout malentendu, il est important que vous v\u00e9rifiiez s&rsquo;il y aura des paiements suppl\u00e9mentaires requis par vos services locaux.<\/p><p>Veuillez noter que si vous d\u00e9cidez de ne pas payer les taxes ou droits d&rsquo;importation et choisissez de rejeter le colis, Fleur Sauvage Lingerie Inc. ne rembourse que 50% du co\u00fbt de votre commande. Le co\u00fbt de l&rsquo;exp\u00e9dition n&rsquo;est pas rembours\u00e9.<\/p><p><b>PUIS-JE ANNULER OU MODIFIER MA COMMANDE ?\u00a0<\/b><\/p><p>Une fois que vous avez pass\u00e9 votre commande, nous la recevons imm\u00e9diatement pour minimiser le temps de fabrication. Fleur Sauvage Lingerie Inc. annulera la commande sans frais si le client demande l&rsquo;annulation dans les 24 heures apr\u00e8s avoir pass\u00e9 la commande. Pour annuler la commande, veuillez nous contacter \u00e0 <b>info@fleursauvagelingerie.com<\/b>.<\/p><p>Nous ne pouvons pas garantir une annulation gratuite r\u00e9ussie pour les commandes pass\u00e9es un week-end. Si vous r\u00e9ussissez \u00e0 annuler la commande dans les 24 heures suivant sa passation, vous ne serez pas factur\u00e9. Si les frais ont d\u00e9j\u00e0 \u00e9t\u00e9 pr\u00e9lev\u00e9s sur votre carte de cr\u00e9dit, nous vous rembourserons int\u00e9gralement le prix d&rsquo;achat.<\/p><p>Fleur Sauvage Lingerie Inc. n&rsquo;accepte pas les annulations demand\u00e9es pendant une fin de semaine ou apr\u00e8s l&rsquo;exp\u00e9dition de la commande. Vous devrez alors payer la totalit\u00e9.<\/p>\t\t\t\t\t\t\t\t<\/div>\n\t\t\t\t<\/div>\n\t\t\t\t\t<\/div>\n\t\t\t\t<\/div>\n\t\t\t\t<\/div>\n\t\t","protected":false},"excerpt":{"rendered":"<p>Les d\u00e9lais de commande Parfois, il peut y avoir des impr\u00e9vus et des retards surviennent. Ils surviennent rarement et sont g\u00e9n\u00e9ralement caus\u00e9s par des facteurs ind\u00e9pendants de notre volont\u00e9. Si cette situation devait se produire, nous vous demandons de bien vouloir rester patient.e et compr\u00e9hensif.ve. Afin d&rsquo;\u00e9liminer toute possibilit\u00e9 de retard, veuillez vous assurer d&rsquo;entrer [&hellip;]<\/p>\n","protected":false},"author":2,"featured_media":0,"parent":0,"menu_order":0,"comment_status":"closed","ping_status":"closed","template":"","meta":{"_bbp_topic_count":0,"_bbp_reply_count":0,"_bbp_total_topic_count":0,"_bbp_total_reply_count":0,"_bbp_voice_count":0,"_bbp_anonymous_reply_count":0,"_bbp_topic_count_hidden":0,"_bbp_reply_count_hidden":0,"_bbp_forum_subforum_count":0,"footnotes":""},"class_list":["post-1164","page","type-page","status-publish","hentry"],"_links":{"self":[{"href":"https:\/\/fleursauvagelingerie.com\/fr\/wp-json\/wp\/v2\/pages\/1164","targetHints":{"allow":["GET"]}}],"collection":[{"href":"https:\/\/fleursauvagelingerie.com\/fr\/wp-json\/wp\/v2\/pages"}],"about":[{"href":"https:\/\/fleursauvagelingerie.com\/fr\/wp-json\/wp\/v2\/types\/page"}],"author":[{"embeddable":true,"href":"https:\/\/fleursauvagelingerie.com\/fr\/wp-json\/wp\/v2\/users\/2"}],"replies":[{"embeddable":true,"href":"https:\/\/fleursauvagelingerie.com\/fr\/wp-json\/wp\/v2\/comments?post=1164"}],"version-history":[{"count":4,"href":"https:\/\/fleursauvagelingerie.com\/fr\/wp-json\/wp\/v2\/pages\/1164\/revisions"}],"predecessor-version":[{"id":1179,"href":"https:\/\/fleursauvagelingerie.com\/fr\/wp-json\/wp\/v2\/pages\/1164\/revisions\/1179"}],"wp:attachment":[{"href":"https:\/\/fleursauvagelingerie.com\/fr\/wp-json\/wp\/v2\/media?parent=1164"}],"curies":[{"name":"wp","href":"https:\/\/api.w.org\/{rel}","templated":true}]}}