{"id":1166,"date":"2024-08-01T15:27:06","date_gmt":"2024-08-01T15:27:06","guid":{"rendered":"https:\/\/fleursauvagelingerie.com\/?page_id=1166"},"modified":"2024-08-02T13:32:37","modified_gmt":"2024-08-02T13:32:37","slug":"carrieres","status":"publish","type":"page","link":"https:\/\/fleursauvagelingerie.com\/fr\/carrieres\/","title":{"rendered":"Carri\u00e8res"},"content":{"rendered":"\t\t<div data-elementor-type=\"wp-page\" data-elementor-id=\"1166\" class=\"elementor elementor-1166\" data-elementor-post-type=\"page\">\n\t\t\t\t<div class=\"elementor-element elementor-element-92c220d e-con-full e-flex e-con e-parent\" data-id=\"92c220d\" data-element_type=\"container\">\n\t\t<div class=\"elementor-element elementor-element-e3803ff e-con-full e-flex e-con e-child\" data-id=\"e3803ff\" data-element_type=\"container\" data-settings=\"{&quot;background_background&quot;:&quot;classic&quot;}\">\n\t\t\t\t<div class=\"elementor-element elementor-element-f1c84ed elementor-widget__width-initial elementor-widget-mobile__width-inherit elementor-widget elementor-widget-heading\" data-id=\"f1c84ed\" data-element_type=\"widget\" data-widget_type=\"heading.default\">\n\t\t\t\t<div class=\"elementor-widget-container\">\n\t\t\t\t\t<span class=\"elementor-heading-title elementor-size-default\">Joignez la communaut\u00e9 FSL!<\/span>\t\t\t\t<\/div>\n\t\t\t\t<\/div>\n\t\t\t\t<\/div>\n\t\t<div class=\"elementor-element elementor-element-d67c744 e-flex e-con-boxed e-con e-child\" data-id=\"d67c744\" data-element_type=\"container\">\n\t\t\t\t\t<div class=\"e-con-inner\">\n\t\t<div class=\"elementor-element elementor-element-0ceab82 e-con-full e-flex e-con e-child\" data-id=\"0ceab82\" data-element_type=\"container\" data-settings=\"{&quot;background_background&quot;:&quot;classic&quot;}\">\n\t\t\t\t<div class=\"elementor-element elementor-element-c0af2ae elementor-widget elementor-widget-heading\" data-id=\"c0af2ae\" data-element_type=\"widget\" data-widget_type=\"heading.default\">\n\t\t\t\t<div class=\"elementor-widget-container\">\n\t\t\t\t\t<h2 class=\"elementor-heading-title elementor-size-default\">Emplois<\/h2>\t\t\t\t<\/div>\n\t\t\t\t<\/div>\n\t\t\t\t<div class=\"elementor-element elementor-element-224e876 elementor-widget elementor-widget-text-editor\" data-id=\"224e876\" data-element_type=\"widget\" data-widget_type=\"text-editor.default\">\n\t\t\t\t<div class=\"elementor-widget-container\">\n\t\t\t\t\t\t\t\t\t<p>Nous ne recherchons pas \u00e0 ajouter une personne \u00e0 notre \u00e9quipe pr\u00e9sentement. Par contre, nous conservons pr\u00e9cieusement les candidatures en tout temps au <a href=\"mailto:info@fleursauvagelingerie.com\">info@fleursauvagelingerie.com<\/a>.<\/p>\t\t\t\t\t\t\t\t<\/div>\n\t\t\t\t<\/div>\n\t\t\t\t<\/div>\n\t\t<div class=\"elementor-element elementor-element-479a1f0 e-con-full e-flex e-con e-child\" data-id=\"479a1f0\" data-element_type=\"container\" data-settings=\"{&quot;background_background&quot;:&quot;classic&quot;}\">\n\t\t\t\t<div class=\"elementor-element elementor-element-8ac9287 elementor-widget elementor-widget-heading\" data-id=\"8ac9287\" data-element_type=\"widget\" data-widget_type=\"heading.default\">\n\t\t\t\t<div class=\"elementor-widget-container\">\n\t\t\t\t\t<h2 class=\"elementor-heading-title elementor-size-default\">Blogue FSL<\/h2>\t\t\t\t<\/div>\n\t\t\t\t<\/div>\n\t\t\t\t<div class=\"elementor-element elementor-element-b16bcaf elementor-widget elementor-widget-text-editor\" data-id=\"b16bcaf\" data-element_type=\"widget\" data-widget_type=\"text-editor.default\">\n\t\t\t\t<div class=\"elementor-widget-container\">\n\t\t\t\t\t\t\t\t\t<p>Pour une soumission de po\u00e8mes ou nouvelles \u00e9rotiques pour notre blogue FSL : <a href=\"mailto:info@fleursauvagelingerie.com\">info@fleursauvagelingerie.com<\/a><\/p>\t\t\t\t\t\t\t\t<\/div>\n\t\t\t\t<\/div>\n\t\t\t\t<\/div>\n\t\t<div class=\"elementor-element elementor-element-af32890 e-con-full e-flex e-con e-child\" data-id=\"af32890\" data-element_type=\"container\" data-settings=\"{&quot;background_background&quot;:&quot;classic&quot;}\">\n\t\t\t\t<div class=\"elementor-element elementor-element-fa6356c elementor-widget elementor-widget-heading\" data-id=\"fa6356c\" data-element_type=\"widget\" data-widget_type=\"heading.default\">\n\t\t\t\t<div class=\"elementor-widget-container\">\n\t\t\t\t\t<h2 class=\"elementor-heading-title elementor-size-default\">Contenus\/\u00c9v\u00e9nements<\/h2>\t\t\t\t<\/div>\n\t\t\t\t<\/div>\n\t\t\t\t<div class=\"elementor-element elementor-element-cbe93fc elementor-widget elementor-widget-text-editor\" data-id=\"cbe93fc\" data-element_type=\"widget\" data-widget_type=\"text-editor.default\">\n\t\t\t\t<div class=\"elementor-widget-container\">\n\t\t\t\t\t\t\t\t\t<p>Pour toute demande de collaborations avec Fleur Sauvage Lingerie pour un \u00e9v\u00e9nement ou de la cr\u00e9ation de contenus, s.v.p. nous contactez au <a href=\"mailto:fleursauvagelingerie@outlook.com\">fleursauvagelingerie@outlook.com<\/a>.<\/p>\t\t\t\t\t\t\t\t<\/div>\n\t\t\t\t<\/div>\n\t\t\t\t<\/div>\n\t\t\t\t\t<\/div>\n\t\t\t\t<\/div>\n\t\t\t\t<\/div>\n\t\t\t\t<\/div>\n\t\t","protected":false},"excerpt":{"rendered":"<p>Joignez la communaut\u00e9 FSL! Emplois Nous ne recherchons pas \u00e0 ajouter une personne \u00e0 notre \u00e9quipe pr\u00e9sentement. Par contre, nous conservons pr\u00e9cieusement les candidatures en tout temps au info@fleursauvagelingerie.com. Blogue FSL Pour une soumission de po\u00e8mes ou nouvelles \u00e9rotiques pour notre blogue FSL : info@fleursauvagelingerie.com Contenus\/\u00c9v\u00e9nements Pour toute demande de collaborations avec Fleur Sauvage Lingerie [&hellip;]<\/p>\n","protected":false},"author":2,"featured_media":0,"parent":0,"menu_order":0,"comment_status":"closed","ping_status":"closed","template":"","meta":{"_bbp_topic_count":0,"_bbp_reply_count":0,"_bbp_total_topic_count":0,"_bbp_total_reply_count":0,"_bbp_voice_count":0,"_bbp_anonymous_reply_count":0,"_bbp_topic_count_hidden":0,"_bbp_reply_count_hidden":0,"_bbp_forum_subforum_count":0,"footnotes":""},"class_list":["post-1166","page","type-page","status-publish","hentry"],"_links":{"self":[{"href":"https:\/\/fleursauvagelingerie.com\/fr\/wp-json\/wp\/v2\/pages\/1166","targetHints":{"allow":["GET"]}}],"collection":[{"href":"https:\/\/fleursauvagelingerie.com\/fr\/wp-json\/wp\/v2\/pages"}],"about":[{"href":"https:\/\/fleursauvagelingerie.com\/fr\/wp-json\/wp\/v2\/types\/page"}],"author":[{"embeddable":true,"href":"https:\/\/fleursauvagelingerie.com\/fr\/wp-json\/wp\/v2\/users\/2"}],"replies":[{"embeddable":true,"href":"https:\/\/fleursauvagelingerie.com\/fr\/wp-json\/wp\/v2\/comments?post=1166"}],"version-history":[{"count":5,"href":"https:\/\/fleursauvagelingerie.com\/fr\/wp-json\/wp\/v2\/pages\/1166\/revisions"}],"predecessor-version":[{"id":1295,"href":"https:\/\/fleursauvagelingerie.com\/fr\/wp-json\/wp\/v2\/pages\/1166\/revisions\/1295"}],"wp:attachment":[{"href":"https:\/\/fleursauvagelingerie.com\/fr\/wp-json\/wp\/v2\/media?parent=1166"}],"curies":[{"name":"wp","href":"https:\/\/api.w.org\/{rel}","templated":true}]}}