{"id":1475,"date":"2024-08-23T18:38:27","date_gmt":"2024-08-23T18:38:27","guid":{"rendered":"https:\/\/fleursauvagelingerie.com\/?page_id=1475"},"modified":"2024-10-23T18:49:34","modified_gmt":"2024-10-23T18:49:34","slug":"contact","status":"publish","type":"page","link":"https:\/\/fleursauvagelingerie.com\/fr\/contact\/","title":{"rendered":"Contact"},"content":{"rendered":"\t\t<div data-elementor-type=\"wp-page\" data-elementor-id=\"1475\" class=\"elementor elementor-1475\" data-elementor-post-type=\"page\">\n\t\t\t\t<div class=\"elementor-element elementor-element-0e51de1 e-flex e-con-boxed e-con e-parent\" data-id=\"0e51de1\" data-element_type=\"container\" data-e-type=\"container\">\n\t\t\t\t\t<div class=\"e-con-inner\">\n\t\t\t\t<div class=\"elementor-element elementor-element-3df201e elementor-widget elementor-widget-heading\" data-id=\"3df201e\" data-element_type=\"widget\" data-e-type=\"widget\" data-widget_type=\"heading.default\">\n\t\t\t\t<div class=\"elementor-widget-container\">\n\t\t\t\t\t<h1 class=\"elementor-heading-title elementor-size-default\">Contactez-<em>nous<\/em><\/h1>\t\t\t\t<\/div>\n\t\t\t\t<\/div>\n\t\t\t\t<div class=\"elementor-element elementor-element-b684b20 elementor-widget elementor-widget-text-editor\" data-id=\"b684b20\" data-element_type=\"widget\" data-e-type=\"widget\" data-widget_type=\"text-editor.default\">\n\t\t\t\t<div class=\"elementor-widget-container\">\n\t\t\t\t\t\t\t\t\t<div class=\"rte\"><div>L&rsquo;\u00e9quipe de <strong>Fleur Sauvage Lingerie<\/strong> se fera un plaisir de r\u00e9pondre \u00e0 vos questions, commentaires, suggestions et autres. N&rsquo;h\u00e9sitez pas \u00e0 nous \u00e9crire \u00e0 propos de notre marque, nos produits, nos s\u00e9ances photos, etc.<\/div><div>\u00a0<\/div><div>Au plaisir de pouvoir \u00e9changer avec vous!<\/div><\/div>\t\t\t\t\t\t\t\t<\/div>\n\t\t\t\t<\/div>\n\t\t\t\t<div class=\"elementor-element elementor-element-28583a8 elementor-widget elementor-widget-html\" data-id=\"28583a8\" data-element_type=\"widget\" data-e-type=\"widget\" data-widget_type=\"html.default\">\n\t\t\t\t<div class=\"elementor-widget-container\">\n\t\t\t\t\t<div id=\"zf_div_0KDty6Xsd-BYC_lOus8Se1ahYDeFkDpjcBxq-hKN0nU\"><\/div><script type=\"text\/javascript\">(function() {\ntry{\nvar f = document.createElement(\"iframe\");\nvar langCode = \"&zf_lang=fr\";\nif (window.location.href.includes(\"\/en\")) {\n  langCode = \"&zf_lang=en\";\n}\nf.src = 'https:\/\/forms.binome.ca\/binome\/form\/Fleursauvagelingerie\/formperma\/0KDty6Xsd-BYC_lOus8Se1ahYDeFkDpjcBxq-hKN0nU?zf_rszfm=1' + langCode;\n\nf.style.border=\"none\";\nf.style.height=\"783px\";\nf.style.width=\"90%\";\nf.style.transition=\"all 0.5s ease\";\nf.setAttribute(\"aria-label\", 'Fleur\\x20sauvage\\x20lingerie');\n\nvar d = document.getElementById(\"zf_div_0KDty6Xsd-BYC_lOus8Se1ahYDeFkDpjcBxq-hKN0nU\");\nd.appendChild(f);\nwindow.addEventListener('message', function (){\nvar evntData = event.data;\nif( evntData && evntData.constructor == String ){\nvar zf_ifrm_data = evntData.split(\"|\");\nif ( zf_ifrm_data.length == 2 || zf_ifrm_data.length == 3 ) {\nvar zf_perma = zf_ifrm_data[0];\nvar zf_ifrm_ht_nw = ( parseInt(zf_ifrm_data[1], 10) + 15 ) + \"px\";\nvar iframe = document.getElementById(\"zf_div_0KDty6Xsd-BYC_lOus8Se1ahYDeFkDpjcBxq-hKN0nU\").getElementsByTagName(\"iframe\")[0];\nif ( (iframe.src).indexOf('formperma') > 0 && (iframe.src).indexOf(zf_perma) > 0 ) {\nvar prevIframeHeight = iframe.style.height;\nvar zf_tout = false;\nif( zf_ifrm_data.length == 3 ) {\niframe.scrollIntoView();\nzf_tout = true;\n}\nif ( prevIframeHeight != zf_ifrm_ht_nw ) {\nif( zf_tout ) {\nsetTimeout(function(){\niframe.style.height = zf_ifrm_ht_nw;\n},500);\n} else {\niframe.style.height = zf_ifrm_ht_nw;\n}\n}\n}\n}\n}\n}, false);\n}catch(e){}\n})();<\/script>\t\t\t\t<\/div>\n\t\t\t\t<\/div>\n\t\t\t\t\t<\/div>\n\t\t\t\t<\/div>\n\t\t\t\t<\/div>\n\t\t","protected":false},"excerpt":{"rendered":"<p>Contactez-nous L&rsquo;\u00e9quipe de Fleur Sauvage Lingerie se fera un plaisir de r\u00e9pondre \u00e0 vos questions, commentaires, suggestions et autres. N&rsquo;h\u00e9sitez pas \u00e0 nous \u00e9crire \u00e0 propos de notre marque, nos produits, nos s\u00e9ances photos, etc.\u00a0Au plaisir de pouvoir \u00e9changer avec vous!<\/p>\n","protected":false},"author":2,"featured_media":0,"parent":0,"menu_order":0,"comment_status":"closed","ping_status":"closed","template":"","meta":{"_bbp_topic_count":0,"_bbp_reply_count":0,"_bbp_total_topic_count":0,"_bbp_total_reply_count":0,"_bbp_voice_count":0,"_bbp_anonymous_reply_count":0,"_bbp_topic_count_hidden":0,"_bbp_reply_count_hidden":0,"_bbp_forum_subforum_count":0,"footnotes":""},"class_list":["post-1475","page","type-page","status-publish","hentry"],"_links":{"self":[{"href":"https:\/\/fleursauvagelingerie.com\/fr\/wp-json\/wp\/v2\/pages\/1475","targetHints":{"allow":["GET"]}}],"collection":[{"href":"https:\/\/fleursauvagelingerie.com\/fr\/wp-json\/wp\/v2\/pages"}],"about":[{"href":"https:\/\/fleursauvagelingerie.com\/fr\/wp-json\/wp\/v2\/types\/page"}],"author":[{"embeddable":true,"href":"https:\/\/fleursauvagelingerie.com\/fr\/wp-json\/wp\/v2\/users\/2"}],"replies":[{"embeddable":true,"href":"https:\/\/fleursauvagelingerie.com\/fr\/wp-json\/wp\/v2\/comments?post=1475"}],"version-history":[{"count":17,"href":"https:\/\/fleursauvagelingerie.com\/fr\/wp-json\/wp\/v2\/pages\/1475\/revisions"}],"predecessor-version":[{"id":3151,"href":"https:\/\/fleursauvagelingerie.com\/fr\/wp-json\/wp\/v2\/pages\/1475\/revisions\/3151"}],"wp:attachment":[{"href":"https:\/\/fleursauvagelingerie.com\/fr\/wp-json\/wp\/v2\/media?parent=1475"}],"curies":[{"name":"wp","href":"https:\/\/api.w.org\/{rel}","templated":true}]}}