{"id":17,"date":"2024-06-14T15:23:05","date_gmt":"2024-06-14T15:23:05","guid":{"rendered":"https:\/\/fleursauvagelingerie.com\/?page_id=17"},"modified":"2024-08-01T15:05:54","modified_gmt":"2024-08-01T15:05:54","slug":"refund_returns","status":"publish","type":"page","link":"https:\/\/fleursauvagelingerie.com\/fr\/refund_returns\/","title":{"rendered":"Politique de retour et \u00e9changes"},"content":{"rendered":"\t\t<div data-elementor-type=\"wp-page\" data-elementor-id=\"17\" class=\"elementor elementor-17\" data-elementor-post-type=\"page\">\n\t\t\t\t<div class=\"elementor-element elementor-element-29e78dfd e-flex e-con-boxed e-con e-parent\" data-id=\"29e78dfd\" data-element_type=\"container\">\n\t\t\t\t\t<div class=\"e-con-inner\">\n\t\t\t\t<div class=\"elementor-element elementor-element-35cb0f12 elementor-widget elementor-widget-text-editor\" data-id=\"35cb0f12\" data-element_type=\"widget\" data-widget_type=\"text-editor.default\">\n\t\t\t\t<div class=\"elementor-widget-container\">\n\t\t\t\t\t\t\t\t\t<div class=\"shopify-policy__body\">\n<div class=\"rte\">\n<p><b>Politique d\u2019\u00e9change<\/b><\/p>\n<p>Nous avons une politique d&rsquo;\u00e9change de 15 jours, ce qui signifie que vous avez 15 jours apr\u00e8s r\u00e9ception de votre article pour demander un \u00e9change pour une autre taille ou si un article \u00e0 des probl\u00e8mes de dommages.<\/p>\n<p>Pour \u00eatre \u00e9ligible \u00e0 un \u00e9change, votre article doit \u00eatre dans le m\u00eame \u00e9tat que vous l&rsquo;avez re\u00e7u, non port\u00e9 ou non utilis\u00e9, avec des \u00e9tiquettes et dans son emballage d&rsquo;origine. Vous aurez \u00e9galement besoin du re\u00e7u ou de la preuve d&rsquo;achat.<\/p>\n<p><b>Pour d\u00e9marrer un \u00e9change, vous pouvez nous contacter \u00e0 info@fleursauvagelingerie.com.<\/b> Si votre \u00e9change est accept\u00e9, vous pourrez utiliser l&rsquo;\u00e9tiquette d&rsquo;exp\u00e9dition d&rsquo;\u00e9change dans votre bo\u00eete, ainsi que des instructions sur comment et o\u00f9 envoyer votre colis. Les articles qui nous sont renvoy\u00e9s sans demande pr\u00e9alable d&rsquo;\u00e9change ne seront pas accept\u00e9s.<\/p>\n<p>Vous pouvez toujours nous contacter pour toute question de retour \u00e0 <b>info@fleursauvagelingerie.com<\/b>.<\/p>\n<p><b>Dommages et probl\u00e8mes<\/b><\/p>\n<p>Veuillez inspecter votre commande \u00e0 la r\u00e9ception et nous contacter imm\u00e9diatement si l&rsquo;article est d\u00e9fectueux, endommag\u00e9 ou si vous recevez le mauvais article, afin que nous puissions \u00e9valuer le probl\u00e8me et le r\u00e9soudre.<\/p>\n<p><b>Articles non retournables<\/b><\/p>\n<p>Pour une question d&rsquo;hygi\u00e8ne et d&rsquo;intimit\u00e9, nous n&rsquo;accepterons aucun retour de produits (Cuir artificiel, lingerie, accessoires, jouets \u00e9rotiques, etc). Veuillez nous contacter si vous avez des questions.<\/p>\n<p>Malheureusement, nous ne pouvons pas accepter les retours d&rsquo;articles sold\u00e9s ou de cartes-cadeaux.<\/p>\n<p><b>Remboursements<\/b><\/p>\n<p>Nous vous informerons une fois que nous aurons re\u00e7u et inspect\u00e9 votre retour, et vous ferons savoir si le remboursement a \u00e9t\u00e9 approuv\u00e9 ou non. En cas d&rsquo;approbation, vous serez automatiquement rembours\u00e9 sur votre mode de paiement d&rsquo;origine. N&rsquo;oubliez pas que votre banque ou votre soci\u00e9t\u00e9 de carte de cr\u00e9dit peut prendre un certain temps pour traiter et publier le remboursement \u00e9galement.<\/p>\n<\/div>\n<\/div>\t\t\t\t\t\t\t\t<\/div>\n\t\t\t\t<\/div>\n\t\t\t\t\t<\/div>\n\t\t\t\t<\/div>\n\t\t\t\t<\/div>\n\t\t","protected":false},"excerpt":{"rendered":"<p>Politique d\u2019\u00e9change Nous avons une politique d&rsquo;\u00e9change de 15 jours, ce qui signifie que vous avez 15 jours apr\u00e8s r\u00e9ception de votre article pour demander un \u00e9change pour une autre taille ou si un article \u00e0 des probl\u00e8mes de dommages. Pour \u00eatre \u00e9ligible \u00e0 un \u00e9change, votre article doit \u00eatre dans le m\u00eame \u00e9tat que [&hellip;]<\/p>\n","protected":false},"author":1,"featured_media":0,"parent":0,"menu_order":0,"comment_status":"closed","ping_status":"closed","template":"","meta":{"_bbp_topic_count":0,"_bbp_reply_count":0,"_bbp_total_topic_count":0,"_bbp_total_reply_count":0,"_bbp_voice_count":0,"_bbp_anonymous_reply_count":0,"_bbp_topic_count_hidden":0,"_bbp_reply_count_hidden":0,"_bbp_forum_subforum_count":0,"footnotes":""},"class_list":["post-17","page","type-page","status-publish","hentry"],"_links":{"self":[{"href":"https:\/\/fleursauvagelingerie.com\/fr\/wp-json\/wp\/v2\/pages\/17","targetHints":{"allow":["GET"]}}],"collection":[{"href":"https:\/\/fleursauvagelingerie.com\/fr\/wp-json\/wp\/v2\/pages"}],"about":[{"href":"https:\/\/fleursauvagelingerie.com\/fr\/wp-json\/wp\/v2\/types\/page"}],"author":[{"embeddable":true,"href":"https:\/\/fleursauvagelingerie.com\/fr\/wp-json\/wp\/v2\/users\/1"}],"replies":[{"embeddable":true,"href":"https:\/\/fleursauvagelingerie.com\/fr\/wp-json\/wp\/v2\/comments?post=17"}],"version-history":[{"count":5,"href":"https:\/\/fleursauvagelingerie.com\/fr\/wp-json\/wp\/v2\/pages\/17\/revisions"}],"predecessor-version":[{"id":1154,"href":"https:\/\/fleursauvagelingerie.com\/fr\/wp-json\/wp\/v2\/pages\/17\/revisions\/1154"}],"wp:attachment":[{"href":"https:\/\/fleursauvagelingerie.com\/fr\/wp-json\/wp\/v2\/media?parent=17"}],"curies":[{"name":"wp","href":"https:\/\/api.w.org\/{rel}","templated":true}]}}