{"id":3,"date":"2024-06-05T13:31:13","date_gmt":"2024-06-05T13:31:13","guid":{"rendered":"https:\/\/fleursauvagelingerie.com\/?page_id=3"},"modified":"2024-08-01T15:08:17","modified_gmt":"2024-08-01T15:08:17","slug":"privacy-policy","status":"publish","type":"page","link":"https:\/\/fleursauvagelingerie.com\/fr\/privacy-policy\/","title":{"rendered":"Politique de confidentialit\u00e9"},"content":{"rendered":"\t\t<div data-elementor-type=\"wp-page\" data-elementor-id=\"3\" class=\"elementor elementor-3\" data-elementor-post-type=\"page\">\n\t\t\t\t<div class=\"elementor-element elementor-element-42b50eac e-flex e-con-boxed e-con e-parent\" data-id=\"42b50eac\" data-element_type=\"container\">\n\t\t\t\t\t<div class=\"e-con-inner\">\n\t\t\t\t<div class=\"elementor-element elementor-element-4301439 elementor-widget elementor-widget-text-editor\" data-id=\"4301439\" data-element_type=\"widget\" data-widget_type=\"text-editor.default\">\n\t\t\t\t<div class=\"elementor-widget-container\">\n\t\t\t\t\t\t\t\t\t<div class=\"shopify-policy__body\">\n<div class=\"rte\">\n<p><b>Cette politique de confidentialit\u00e9 d\u00e9crit comment www.fleursauvagelingerie.com collecte, utilise et divulgue vos informations personnelles lorsque vous visitez ou effectuez un achat sur le site.<\/b><\/p>\n<p><b>Contact<\/b><\/p>\n<p><b>Apr\u00e8s avoir examin\u00e9 cette politique, si vous avez des questions suppl\u00e9mentaires, souhaitez plus d&rsquo;informations sur nos pratiques de confidentialit\u00e9 ou souhaitez d\u00e9poser une plainte, veuillez nous contacter par e-mail \u00e0 <\/b><b>info@fleursauvagelingerie.com<\/b><b>.<\/b><\/p>\n<p><b>Collecte d&rsquo;informations personnelles<\/b><\/p>\n<p>Lorsque vous visitez le Site, nous recueillons certaines informations sur votre appareil, votre interaction avec le Site et les informations n\u00e9cessaires au traitement de vos achats. Nous pouvons \u00e9galement collecter des informations suppl\u00e9mentaires si vous nous contactez pour le support client. Dans cette politique de confidentialit\u00e9, nous nous r\u00e9f\u00e9rons \u00e0 toute information concernant une personne identifiable (y compris les informations ci-dessous) en tant qu'\u00a0\u00bbinformations personnelles\u00a0\u00bb. Consultez la liste ci-dessous pour plus d&rsquo;informations sur les informations personnelles que nous collectons et pourquoi.<\/p>\n<ul>\n<li>\n<p>Informations sur l&rsquo;appareil<\/p>\n<\/li>\n<\/ul>\n<p>o Objectif de la collecte\u00a0: charger le site avec pr\u00e9cision pour vous et effectuer des analyses sur l&rsquo;utilisation du site afin d&rsquo;optimiser notre site.<\/p>\n<p>o Source de collecte : Collect\u00e9e automatiquement lorsque vous acc\u00e9dez \u00e0 notre Site en utilisant des cookies, des fichiers journaux, des balises Web, des balises ou des pixels.<\/p>\n<p>o Divulgation \u00e0 des fins commerciales\u00a0: partag\u00e9e avec nos entreprises de traitement Shopify, Shipstation.<\/p>\n<p>o Informations personnelles collect\u00e9es\u00a0: version du navigateur Web, adresse IP, fuseau horaire, informations sur les cookies, quels sites ou produits vous consultez, termes de recherche et comment vous interagissez avec le site.<\/p>\n<ul>\n<li>\n<p>Informations sur la commande<\/p>\n<\/li>\n<\/ul>\n<p>o Objectif de la collecte\u00a0: vous fournir des produits ou des services pour ex\u00e9cuter notre contrat, traiter vos informations de paiement, organiser l&rsquo;exp\u00e9dition et vous fournir des factures et\/ou des confirmations de commande, communiquer avec vous, filtrer nos commandes pour d\u00e9tecter tout risque potentiel ou fraude , et lorsque cela est conforme aux pr\u00e9f\u00e9rences que vous avez partag\u00e9es avec nous, vous fournir des informations ou des publicit\u00e9s relatives \u00e0 nos produits ou services.<\/p>\n<p>o Source de collecte\u00a0: collect\u00e9es aupr\u00e8s de vous.<\/p>\n<p>o Divulgation \u00e0 des fins commerciales\u00a0: partag\u00e9e avec notre sous-traitant Shopify, Shipstation, les entreprises de livraison [AJOUTER TOUT AUTRE FOURNISSEUR AVEC QUI VOUS PARTAGEZ CETTE INFORMATION. PAR EXEMPLE, LES CANAUX DE VENTE, LES PASSERELLES DE PAIEMENT, LES APPLICATIONS D&rsquo;EXP\u00c9DITION ET D&rsquo;EX\u00c9CUTION].<\/p>\n<p>o Informations personnelles collect\u00e9es\u00a0: nom, adresse de facturation, adresse de livraison, informations de paiement (y compris les num\u00e9ros de carte de cr\u00e9dit [INS\u00c9RER TOUT AUTRE TYPE DE PAIEMENT ACCEPT\u00c9]), adresse e-mail et num\u00e9ro de t\u00e9l\u00e9phone.<\/p>\n<ul>\n<li>\n<p>Informations sur l&rsquo;assistance client<\/p>\n<\/li>\n<\/ul>\n<p>o Objet de la collecte\u00a0:<\/p>\n<p>o Source de collecte :<\/p>\n<p>o Divulgation \u00e0 des fins commerciales\u00a0:<\/p>\n<p>o Informations personnelles collect\u00e9es\u00a0: [INS\u00c9RER TOUTE AUTRE INFORMATION QUE VOUS COLLECTEZ\u00a0: DONN\u00c9ES HORS LIGNE, DONN\u00c9ES\/LISTES MARKETING ACHET\u00c9ES]<\/p>\n<p>o Objectif de la collecte : fournir un support client.<\/p>\n<p>o Source de collecte\u00a0: collect\u00e9es aupr\u00e8s de vous<\/p>\n<p>o Divulgation \u00e0 des fins commerciales\u00a0: [AJOUTER TOUT FOURNISSEUR UTILIS\u00c9 POUR FOURNIR UN SUPPORT CLIENT]<\/p>\n<p>o Informations personnelles collect\u00e9es\u00a0: [AJOUTER TOUTE MODIFICATION AUX INFORMATIONS \u00c9NUM\u00c9R\u00c9ES CI-DESSUS OU DES INFORMATIONS SUPPL\u00c9MENTAIRES AU BESOIN.]<\/p>\n<p>[INS\u00c9RER LA SECTION SUIVANTE SI UNE RESTRICTION D&rsquo;\u00c2GE EST REQUISE]<\/p>\n<p>\u00a0\u00a0<\/p>\n<p><b>Mineurs<\/b><\/p>\n<p>Le Site n&rsquo;est pas destin\u00e9 aux personnes \u00e2g\u00e9es de moins de 18 ans. Nous ne collectons pas intentionnellement des informations personnelles aupr\u00e8s d&rsquo;enfants. Si vous \u00eates le parent ou le tuteur et pensez que votre enfant nous a fourni des informations personnelles, veuillez nous contacter \u00e0 l&rsquo;adresse ci-dessus pour demander la suppression.<\/p>\n<p><b>Partage d&rsquo;informations personnelles<\/b><\/p>\n<p>Nous partageons vos informations personnelles avec des prestataires de services pour nous aider \u00e0 fournir nos services et \u00e0 remplir nos contrats avec vous, comme d\u00e9crit ci-dessus. Par exemple:<\/p>\n<p>\u2022 Nous utilisons Shopify pour alimenter notre boutique en ligne. Vous pouvez en savoir plus sur la fa\u00e7on dont Shopify utilise vos informations personnelles ici : https:\/\/www.shopify.com\/legal\/privacy.<\/p>\n<p>\u2022 Nous pouvons partager vos informations personnelles pour nous conformer aux lois et r\u00e9glementations applicables, pour r\u00e9pondre \u00e0 une citation \u00e0 compara\u00eetre, un mandat de perquisition ou toute autre demande l\u00e9gale d&rsquo;informations que nous recevons, ou pour prot\u00e9ger nos droits.<\/p>\n<p><b>\u2022 [INS\u00c9RER LES INFORMATIONS SUR LES AUTRES FOURNISSEURS DE SERVICES]<\/b><\/p>\n<p><b>[INCLUEZ LA SECTION SUIVANTE SI VOUS UTILISEZ LE REMARKETING OU LA PUBLICIT\u00c9 CIBL\u00c9E]<\/b><\/p>\n<p><b>Publicit\u00e9 comportementale<\/b><\/p>\n<p>Comme d\u00e9crit ci-dessus, nous utilisons vos informations personnelles pour vous fournir des publicit\u00e9s cibl\u00e9es ou des communications marketing susceptibles de vous int\u00e9resser. Par exemple:<\/p>\n<p>Nous utilisons Google Analytics pour nous aider \u00e0 comprendre comment nos clients utilisent le Site. Vous pouvez en savoir plus sur la mani\u00e8re dont Google utilise vos informations personnelles ici\u00a0: https:\/\/www.google.com\/intl\/en\/policies\/privacy\/. Vous pouvez \u00e9galement d\u00e9sactiver Google Analytics ici\u00a0: https:\/\/tools.google.com\/dlpage\/gaoptout.<\/p>\n<p>Nous partageons avec nos partenaires publicitaires des informations sur votre utilisation du Site, vos achats et votre interaction avec nos publicit\u00e9s sur d&rsquo;autres sites Web. Nous recueillons et partageons certaines de ces informations directement avec nos partenaires publicitaires et, dans certains cas, par l&rsquo;utilisation de cookies ou d&rsquo;autres technologies similaires (auxquelles vous pouvez consentir, selon votre emplacement).<\/p>\n<p>Pour plus d&rsquo;informations sur le fonctionnement de la publicit\u00e9 cibl\u00e9e, vous pouvez visiter la page \u00e9ducative de Network Advertising Initiative (\u00ab\u00a0NAI\u00a0\u00bb) \u00e0 l&rsquo;adresse https:\/\/www.networkadvertising.org\/understanding-online-advertising\/how-does-it-work.<\/p>\n<p>Vous pouvez d\u00e9sactiver la publicit\u00e9 cibl\u00e9e en :<\/p>\n<p>[INCLURE LES LIENS DE D\u00c9SACTIVATION DES SERVICES UTILIS\u00c9S. LES LIENS COMMUNS COMPRENNENT\u00a0:<\/p>\n<p>\u2022 FACEBOOK &#8211; https:\/\/www.facebook.com\/settings\/?tab=ads<\/p>\n<p>\u2022 GOOGLE &#8211; https:\/\/www.google.com\/settings\/ads\/anonymous<\/p>\n<p>\u2022 BING &#8211; https:\/\/advertise.bingads.microsoft.com\/en-us\/resources\/policies\/personalized-ads]<\/p>\n<p><b>De plus, vous pouvez d\u00e9sactiver certains de ces services en visitant le portail de d\u00e9sactivation de la Digital Advertising Alliance \u00e0 l&rsquo;adresse : <\/b><a href=\"https:\/\/optout.aboutads\"><b>https:\/\/optout.aboutads<\/b><\/a><b>.<\/b><\/p>\n<p>Utilisation des informations personnelle<\/p>\n<p>Nous utilisons vos informations personnelles pour vous fournir nos services, notamment\u00a0: proposer des produits \u00e0 la vente, traiter les paiements, l&rsquo;exp\u00e9dition et l&rsquo;ex\u00e9cution de votre commande, et vous tenir au courant des nouveaux produits, services et offres<\/p>\n<p><strong>Base l\u00e9gale<\/strong><\/p>\n<p>Conform\u00e9ment au R\u00e8glement g\u00e9n\u00e9ral sur la protection des donn\u00e9es (\u00ab\u00a0RGPD\u00a0\u00bb), si vous \u00eates un r\u00e9sident de l&rsquo;Espace \u00e9conomique europ\u00e9en (\u00ab\u00a0EEE\u00a0\u00bb), nous traitons vos informations personnelles selon les bases l\u00e9gales suivantes\u00a0:<\/p>\n<p>\u2022 Votre consentement;<\/p>\n<p>\u2022 L&rsquo;ex\u00e9cution du contrat entre vous et le Site ;<\/p>\n<p>\u2022 Respect de nos obligations l\u00e9gales ;<\/p>\n<p>\u2022 Pour prot\u00e9ger vos int\u00e9r\u00eats vitaux ;<\/p>\n<p>\u2022 Pour accomplir une t\u00e2che effectu\u00e9e dans l&rsquo;int\u00e9r\u00eat public ;<\/p>\n<p>\u2022 Pour nos int\u00e9r\u00eats l\u00e9gitimes, qui ne pr\u00e9valent pas sur vos libert\u00e9s et droits fondamentaux.<\/p>\n<p><strong>R\u00e9tention<\/strong><\/p>\n<p>Lorsque vous passez une commande via le site, nous conserverons vos informations personnelles pour nos dossiers \u00e0 moins que et jusqu&rsquo;\u00e0 ce que vous nous demandiez d&rsquo;effacer ces informations. Pour plus d&rsquo;informations sur votre droit d&rsquo;effacement, veuillez consulter la section \u00ab\u00a0Vos droits\u00a0\u00bb ci-dessous.<\/p>\n<p><b>Prise de d\u00e9cision automatique<\/b><\/p>\n<p><b>Si vous \u00eates un r\u00e9sident de l&rsquo;EEE, vous avez le droit de vous opposer au traitement bas\u00e9 uniquement sur la prise de d\u00e9cision automatis\u00e9e (qui inclut le profilage), lorsque cette prise de d\u00e9cision a un effet juridique sur vous ou vous affecte de mani\u00e8re significative.<\/b><\/p>\n<p><b>Nous [NE\/NE PAS] nous engageons dans une prise de d\u00e9cision enti\u00e8rement automatis\u00e9e qui a un effet l\u00e9gal ou autrement significatif en utilisant les donn\u00e9es des clients.<\/b><\/p>\n<p><b>Notre processeur Shopify utilise une prise de d\u00e9cision automatis\u00e9e limit\u00e9e pour emp\u00eacher la fraude qui n&rsquo;a pas d&rsquo;effet l\u00e9gal ou autrement significatif sur vous.<\/b><\/p>\n<p>Les services qui incluent des \u00e9l\u00e9ments de prise de d\u00e9cision automatis\u00e9e comprennent\u00a0:<\/p>\n<p>\u2022 Liste noire temporaire d&rsquo;adresses IP associ\u00e9es \u00e0 des transactions r\u00e9p\u00e9t\u00e9es ayant \u00e9chou\u00e9. Cette liste noire persiste pendant un petit nombre d&rsquo;heures.<\/p>\n<p>\u2022 Liste noire temporaire des cartes de cr\u00e9dit associ\u00e9es aux adresses IP de la liste noire. Cette liste noire persiste pendant un petit nombre de jours.<\/p>\n<br \/>\n<p><b>Cookies<\/b><\/p>\n<p>Un cookie est une petite quantit\u00e9 d&rsquo;informations qui est t\u00e9l\u00e9charg\u00e9e sur votre ordinateur ou appareil lorsque vous visitez notre site. Nous utilisons un certain nombre de cookies diff\u00e9rents, y compris des cookies fonctionnels, de performance, publicitaires et de m\u00e9dias sociaux ou de contenu. Les cookies am\u00e9liorent votre exp\u00e9rience de navigation en permettant au site Web de se souvenir de vos actions et de vos pr\u00e9f\u00e9rences (telles que la connexion et la s\u00e9lection de la r\u00e9gion). Cela signifie que vous n&rsquo;avez pas \u00e0 ressaisir ces informations \u00e0 chaque fois que vous revenez sur le site ou naviguez d&rsquo;une page \u00e0 l&rsquo;autre. Les cookies fournissent \u00e9galement des informations sur la fa\u00e7on dont les gens utilisent le site Web, par exemple s&rsquo;il s&rsquo;agit de leur premi\u00e8re visite ou s&rsquo;ils sont des visiteurs fr\u00e9quents.<\/p>\n<p>Nous utilisons les cookies suivants pour optimiser votre exp\u00e9rience sur notre Site et pour fournir nos services.<\/p>\n<p><b>Cookies n\u00e9cessaires au fonctionnement du magasin<\/b><\/p>\n<p>La dur\u00e9e de conservation d&rsquo;un cookie sur votre ordinateur ou votre appareil mobile varie selon qu&rsquo;il s&rsquo;agit d&rsquo;un cookie \u00ab persistant \u00bb ou de \u00ab session \u00bb. Les cookies de session durent jusqu&rsquo;\u00e0 ce que vous arr\u00eatiez de naviguer et les cookies persistants durent jusqu&rsquo;\u00e0 leur expiration ou leur suppression. La plupart des cookies que nous utilisons sont persistants et expirent entre 30 minutes et deux ans \u00e0 compter de la date \u00e0 laquelle ils sont t\u00e9l\u00e9charg\u00e9s sur votre appareil.<\/p>\n<p>Vous pouvez contr\u00f4ler et g\u00e9rer les cookies de diff\u00e9rentes mani\u00e8res. Veuillez garder \u00e0 l&rsquo;esprit que la suppression ou le blocage des cookies peut avoir un impact n\u00e9gatif sur votre exp\u00e9rience utilisateur et que certaines parties de notre site Web peuvent ne plus \u00eatre enti\u00e8rement accessibles.<\/p>\n<p>La plupart des navigateurs acceptent automatiquement les cookies, mais vous pouvez choisir d&rsquo;accepter ou non les cookies via les commandes de votre navigateur, souvent disponibles dans le menu \u00ab\u00a0Outils\u00a0\u00bb ou \u00ab\u00a0Pr\u00e9f\u00e9rences\u00a0\u00bb de votre navigateur. Pour plus d&rsquo;informations sur la mani\u00e8re de modifier les param\u00e8tres de votre navigateur ou sur la mani\u00e8re de bloquer, g\u00e9rer ou filtrer les cookies, consultez le fichier d&rsquo;aide de votre navigateur ou des sites tels que : www.allaboutcookies.org.<\/p>\n<p>De plus, veuillez noter que le blocage des cookies peut ne pas emp\u00eacher compl\u00e8tement la fa\u00e7on dont nous partageons des informations avec des tiers tels que nos partenaires publicitaires. Pour exercer vos droits ou refuser certaines utilisations de vos informations par ces parties, veuillez suivre les instructions de la section \u00ab\u00a0Publicit\u00e9 comportementale\u00a0\u00bb ci-dessus.<\/p>\n<p><b>Ne pas suivre<\/b><\/p>\n<p>Veuillez noter que parce qu&rsquo;il n&rsquo;y a pas de compr\u00e9hension coh\u00e9rente de l&rsquo;industrie sur la fa\u00e7on de r\u00e9pondre aux signaux \u00abNe pas suivre\u00bb, nous ne modifions pas nos pratiques de collecte et d&rsquo;utilisation des donn\u00e9es lorsque nous d\u00e9tectons un tel signal de votre navigateur.<\/p>\n<p><strong>Changements<\/strong><\/p>\n<p>Nous pouvons mettre \u00e0 jour cette politique de confidentialit\u00e9 de temps \u00e0 autre afin de refl\u00e9ter, par exemple, des modifications de nos pratiques ou pour d&rsquo;autres raisons op\u00e9rationnelles, l\u00e9gales ou r\u00e9glementaires.<\/p>\n<p><strong>Plaintes<\/strong><\/p>\n<p>Comme indiqu\u00e9 ci-dessus, si vous souhaitez d\u00e9poser une plainte, veuillez nous contacter par e-mail ou par courrier en utilisant les coordonn\u00e9es fournies sous \u00ab\u00a0Contact\u00a0\u00bb ci-dessus.<\/p>\n<p>Si vous n&rsquo;\u00eates pas satisfait de notre r\u00e9ponse \u00e0 votre plainte, vous avez le droit de d\u00e9poser votre plainte aupr\u00e8s de l&rsquo;autorit\u00e9 de protection des donn\u00e9es comp\u00e9tente. Vous pouvez contacter votre autorit\u00e9 locale de protection des donn\u00e9es ou notre autorit\u00e9 de contr\u00f4le ici\u00a0: https:\/\/www.priv.gc.ca\/en\/\u00a0<\/p>\n<p>Chez Fleur Sauvage Lingerie, le responsable de la protection des renseignements personnels est Laurianne Andr\u00e9, pr\u00e9sidente de la compagnie. Pour la contacter: <b>info@fleursauvagelingerie.com<\/b><\/p>\n<\/div>\n<\/div>\t\t\t\t\t\t\t\t<\/div>\n\t\t\t\t<\/div>\n\t\t\t\t\t<\/div>\n\t\t\t\t<\/div>\n\t\t\t\t<\/div>\n\t\t","protected":false},"excerpt":{"rendered":"<p>Cette politique de confidentialit\u00e9 d\u00e9crit comment www.fleursauvagelingerie.com collecte, utilise et divulgue vos informations personnelles lorsque vous visitez ou effectuez un achat sur le site. Contact Apr\u00e8s avoir examin\u00e9 cette politique, si vous avez des questions suppl\u00e9mentaires, souhaitez plus d&rsquo;informations sur nos pratiques de confidentialit\u00e9 ou souhaitez d\u00e9poser une plainte, veuillez nous contacter par e-mail \u00e0 [&hellip;]<\/p>\n","protected":false},"author":1,"featured_media":0,"parent":0,"menu_order":0,"comment_status":"closed","ping_status":"open","template":"","meta":{"_bbp_topic_count":0,"_bbp_reply_count":0,"_bbp_total_topic_count":0,"_bbp_total_reply_count":0,"_bbp_voice_count":0,"_bbp_anonymous_reply_count":0,"_bbp_topic_count_hidden":0,"_bbp_reply_count_hidden":0,"_bbp_forum_subforum_count":0,"footnotes":""},"class_list":["post-3","page","type-page","status-publish","hentry"],"_links":{"self":[{"href":"https:\/\/fleursauvagelingerie.com\/fr\/wp-json\/wp\/v2\/pages\/3","targetHints":{"allow":["GET"]}}],"collection":[{"href":"https:\/\/fleursauvagelingerie.com\/fr\/wp-json\/wp\/v2\/pages"}],"about":[{"href":"https:\/\/fleursauvagelingerie.com\/fr\/wp-json\/wp\/v2\/types\/page"}],"author":[{"embeddable":true,"href":"https:\/\/fleursauvagelingerie.com\/fr\/wp-json\/wp\/v2\/users\/1"}],"replies":[{"embeddable":true,"href":"https:\/\/fleursauvagelingerie.com\/fr\/wp-json\/wp\/v2\/comments?post=3"}],"version-history":[{"count":3,"href":"https:\/\/fleursauvagelingerie.com\/fr\/wp-json\/wp\/v2\/pages\/3\/revisions"}],"predecessor-version":[{"id":1157,"href":"https:\/\/fleursauvagelingerie.com\/fr\/wp-json\/wp\/v2\/pages\/3\/revisions\/1157"}],"wp:attachment":[{"href":"https:\/\/fleursauvagelingerie.com\/fr\/wp-json\/wp\/v2\/media?parent=3"}],"curies":[{"name":"wp","href":"https:\/\/api.w.org\/{rel}","templated":true}]}}