{"id":879,"date":"2024-07-30T14:38:25","date_gmt":"2024-07-30T14:38:25","guid":{"rendered":"https:\/\/fleursauvagelingerie.com\/?page_id=879"},"modified":"2024-09-05T23:31:00","modified_gmt":"2024-09-05T23:31:00","slug":"blogue","status":"publish","type":"page","link":"https:\/\/fleursauvagelingerie.com\/fr\/blogue\/","title":{"rendered":"Blogue"},"content":{"rendered":"\t\t<div data-elementor-type=\"wp-page\" data-elementor-id=\"879\" class=\"elementor elementor-879\" data-elementor-post-type=\"page\">\n\t\t\t\t<div class=\"elementor-element elementor-element-897a077 e-con-full e-flex e-con e-parent\" data-id=\"897a077\" data-element_type=\"container\">\n\t\t<div class=\"elementor-element elementor-element-07721e8 e-con-full e-flex e-con e-child\" data-id=\"07721e8\" data-element_type=\"container\" data-settings=\"{&quot;background_background&quot;:&quot;classic&quot;}\">\n\t\t\t\t<div class=\"elementor-element elementor-element-ea9c82a elementor-widget__width-initial elementor-widget-mobile__width-inherit elementor-widget elementor-widget-heading\" data-id=\"ea9c82a\" data-element_type=\"widget\" data-widget_type=\"heading.default\">\n\t\t\t\t<div class=\"elementor-widget-container\">\n\t\t\t\t\t<span class=\"elementor-heading-title elementor-size-default\">Fleur Sauvage Culture<\/span>\t\t\t\t<\/div>\n\t\t\t\t<\/div>\n\t\t\t\t<\/div>\n\t\t<div class=\"elementor-element elementor-element-596af76 e-flex e-con-boxed e-con e-child\" data-id=\"596af76\" data-element_type=\"container\">\n\t\t\t\t\t<div class=\"e-con-inner\">\n\t\t\t\t<div class=\"elementor-element elementor-element-811af4f elementor-nav-menu__align-center elementor-nav-menu--dropdown-none elementor-widget elementor-widget-nav-menu\" data-id=\"811af4f\" data-element_type=\"widget\" data-settings=\"{&quot;layout&quot;:&quot;horizontal&quot;,&quot;submenu_icon&quot;:{&quot;value&quot;:&quot;&lt;svg aria-hidden=\\&quot;true\\&quot; class=\\&quot;e-font-icon-svg e-fas-caret-down\\&quot; viewBox=\\&quot;0 0 320 512\\&quot; xmlns=\\&quot;http:\\\/\\\/www.w3.org\\\/2000\\\/svg\\&quot;&gt;&lt;path d=\\&quot;M31.3 192h257.3c17.8 0 26.7 21.5 14.1 34.1L174.1 354.8c-7.8 7.8-20.5 7.8-28.3 0L17.2 226.1C4.6 213.5 13.5 192 31.3 192z\\&quot;&gt;&lt;\\\/path&gt;&lt;\\\/svg&gt;&quot;,&quot;library&quot;:&quot;fa-solid&quot;}}\" data-widget_type=\"nav-menu.default\">\n\t\t\t\t<div class=\"elementor-widget-container\">\n\t\t\t\t\t\t\t\t<nav aria-label=\"Menu\" class=\"elementor-nav-menu--main elementor-nav-menu__container elementor-nav-menu--layout-horizontal e--pointer-framed e--animation-fade\">\n\t\t\t\t<ul id=\"menu-1-811af4f\" class=\"elementor-nav-menu\"><li class=\"menu-item menu-item-type-taxonomy menu-item-object-category menu-item-1754\"><a href=\"https:\/\/fleursauvagelingerie.com\/fr\/categories\/histoire-de-la-sexualite\/\" class=\"elementor-item\">Histoire de la sexualit\u00e9<\/a><\/li>\n<li class=\"menu-item menu-item-type-taxonomy menu-item-object-category menu-item-1756\"><a href=\"https:\/\/fleursauvagelingerie.com\/fr\/categories\/lingerie-et-accessoires\/\" class=\"elementor-item\">Lingerie et accessoires<\/a><\/li>\n<li class=\"menu-item menu-item-type-taxonomy menu-item-object-category menu-item-1755\"><a href=\"https:\/\/fleursauvagelingerie.com\/fr\/categories\/epanouissement-erotique\/\" class=\"elementor-item\">\u00c9panouissement \u00e9rotique<\/a><\/li>\n<li class=\"menu-item menu-item-type-taxonomy menu-item-object-category menu-item-1757\"><a href=\"https:\/\/fleursauvagelingerie.com\/fr\/categories\/pornographie-litteraire\/\" class=\"elementor-item\">Pornographie litt\u00e9raire<\/a><\/li>\n<\/ul>\t\t\t<\/nav>\n\t\t\t\t\t\t<nav class=\"elementor-nav-menu--dropdown elementor-nav-menu__container\" aria-hidden=\"true\">\n\t\t\t\t<ul id=\"menu-2-811af4f\" class=\"elementor-nav-menu\"><li class=\"menu-item menu-item-type-taxonomy menu-item-object-category menu-item-1754\"><a href=\"https:\/\/fleursauvagelingerie.com\/fr\/categories\/histoire-de-la-sexualite\/\" class=\"elementor-item\" tabindex=\"-1\">Histoire de la sexualit\u00e9<\/a><\/li>\n<li class=\"menu-item menu-item-type-taxonomy menu-item-object-category menu-item-1756\"><a href=\"https:\/\/fleursauvagelingerie.com\/fr\/categories\/lingerie-et-accessoires\/\" class=\"elementor-item\" tabindex=\"-1\">Lingerie et accessoires<\/a><\/li>\n<li class=\"menu-item menu-item-type-taxonomy menu-item-object-category menu-item-1755\"><a href=\"https:\/\/fleursauvagelingerie.com\/fr\/categories\/epanouissement-erotique\/\" class=\"elementor-item\" tabindex=\"-1\">\u00c9panouissement \u00e9rotique<\/a><\/li>\n<li class=\"menu-item menu-item-type-taxonomy menu-item-object-category menu-item-1757\"><a href=\"https:\/\/fleursauvagelingerie.com\/fr\/categories\/pornographie-litteraire\/\" class=\"elementor-item\" tabindex=\"-1\">Pornographie litt\u00e9raire<\/a><\/li>\n<\/ul>\t\t\t<\/nav>\n\t\t\t\t\t\t<\/div>\n\t\t\t\t<\/div>\n\t\t\t\t<div class=\"elementor-element elementor-element-9c60802 elementor-widget__width-inherit elementor-grid-2 elementor-grid-tablet-2 elementor-grid-mobile-1 elementor-posts--thumbnail-top elementor-posts__hover-gradient elementor-widget elementor-widget-posts\" data-id=\"9c60802\" data-element_type=\"widget\" data-settings=\"{&quot;cards_columns&quot;:&quot;2&quot;,&quot;pagination_type&quot;:&quot;numbers&quot;,&quot;cards_masonry&quot;:&quot;yes&quot;,&quot;cards_columns_tablet&quot;:&quot;2&quot;,&quot;cards_columns_mobile&quot;:&quot;1&quot;,&quot;cards_row_gap&quot;:{&quot;unit&quot;:&quot;px&quot;,&quot;size&quot;:35,&quot;sizes&quot;:[]},&quot;cards_row_gap_tablet&quot;:{&quot;unit&quot;:&quot;px&quot;,&quot;size&quot;:&quot;&quot;,&quot;sizes&quot;:[]},&quot;cards_row_gap_mobile&quot;:{&quot;unit&quot;:&quot;px&quot;,&quot;size&quot;:&quot;&quot;,&quot;sizes&quot;:[]}}\" data-widget_type=\"posts.cards\">\n\t\t\t\t<div class=\"elementor-widget-container\">\n\t\t\t\t\t\t\t<div class=\"elementor-posts-container elementor-posts elementor-posts--skin-cards elementor-grid\" role=\"list\">\n\t\t\t\t<article class=\"elementor-post elementor-grid-item post-2846 post type-post status-publish format-standard has-post-thumbnail hentry category-epanouissement-erotique tag-fantasmes\" role=\"listitem\">\n\t\t\t<div class=\"elementor-post__card\">\n\t\t\t\t<a class=\"elementor-post__thumbnail__link\" href=\"https:\/\/fleursauvagelingerie.com\/fr\/les-fantasmes-une-representation-erotique-invisible\/\" tabindex=\"-1\" ><div class=\"elementor-post__thumbnail\"><img fetchpriority=\"high\" decoding=\"async\" width=\"800\" height=\"532\" src=\"https:\/\/fleursauvagelingerie.com\/wp-content\/uploads\/2024\/09\/blog-7-1024x681.jpg\" class=\"attachment-large size-large wp-image-2995\" alt=\"slow sex forum blog role play fantasmes\" srcset=\"https:\/\/fleursauvagelingerie.com\/wp-content\/uploads\/2024\/09\/blog-7-1024x681.jpg 1024w, https:\/\/fleursauvagelingerie.com\/wp-content\/uploads\/2024\/09\/blog-7-scaled-550x366.jpg 550w, https:\/\/fleursauvagelingerie.com\/wp-content\/uploads\/2024\/09\/blog-7-scaled-1155x769.jpg 1155w, https:\/\/fleursauvagelingerie.com\/wp-content\/uploads\/2024\/09\/blog-7-465x309.jpg 465w, https:\/\/fleursauvagelingerie.com\/wp-content\/uploads\/2024\/09\/blog-7-768x511.jpg 768w, https:\/\/fleursauvagelingerie.com\/wp-content\/uploads\/2024\/09\/blog-7-1536x1022.jpg 1536w, https:\/\/fleursauvagelingerie.com\/wp-content\/uploads\/2024\/09\/blog-7-2048x1363.jpg 2048w, https:\/\/fleursauvagelingerie.com\/wp-content\/uploads\/2024\/09\/blog-7-18x12.jpg 18w\" sizes=\"(max-width: 800px) 100vw, 800px\" \/><\/div><\/a>\n\t\t\t\t<div class=\"elementor-post__badge\">\u00c9panouissement \u00e9rotique<\/div>\n\t\t\t\t<div class=\"elementor-post__text\">\n\t\t\t\t<h2 class=\"elementor-post__title\">\n\t\t\t<a href=\"https:\/\/fleursauvagelingerie.com\/fr\/les-fantasmes-une-representation-erotique-invisible\/\" >\n\t\t\t\tLes fantasmes\u00a0: une repr\u00e9sentation \u00e9rotique invisible\t\t\t<\/a>\n\t\t<\/h2>\n\t\t\t\t<div class=\"elementor-post__excerpt\">\n\t\t\t<p>Qu\u2019est-ce qu\u2019est un fantasme ? Un fantasme est une repr\u00e9sentation dans notre esprit qui \u00e9voque des d\u00e9sirs\/envies parfois de fa\u00e7on consciente et parfois de fa\u00e7on inconsciente. Nous avons donc des sc\u00e8nes imaginaires qui se forment dans notre t\u00eate certaines seront sexuelles et d\u2019autres non dans le but de nous stimuler.<\/p>\n\t\t<\/div>\n\t\t\n\t\t<a class=\"elementor-post__read-more\" href=\"https:\/\/fleursauvagelingerie.com\/fr\/les-fantasmes-une-representation-erotique-invisible\/\" aria-label=\"Read more about Les fantasmes\u00a0: une repr\u00e9sentation \u00e9rotique invisible\" tabindex=\"-1\" >\n\t\t\tLire plus &gt;\t\t<\/a>\n\n\t\t\t\t<\/div>\n\t\t\t\t<div class=\"elementor-post__meta-data\">\n\t\t\t\t\t<span class=\"elementor-post-date\">\n\t\t\t16 septembre 2024\t\t<\/span>\n\t\t\t\t<span class=\"elementor-post-avatar\">\n\t\t\tPas de commentaire\t\t<\/span>\n\t\t\t\t<\/div>\n\t\t\t\t\t<\/div>\n\t\t<\/article>\n\t\t\t\t<article class=\"elementor-post elementor-grid-item post-2844 post type-post status-publish format-standard has-post-thumbnail hentry category-epanouissement-erotique tag-jeux-de-role\" role=\"listitem\">\n\t\t\t<div class=\"elementor-post__card\">\n\t\t\t\t<a class=\"elementor-post__thumbnail__link\" href=\"https:\/\/fleursauvagelingerie.com\/fr\/les-jeux-de-role-avec-partenaires\/\" tabindex=\"-1\" ><div class=\"elementor-post__thumbnail\"><img decoding=\"async\" width=\"800\" height=\"535\" src=\"https:\/\/fleursauvagelingerie.com\/wp-content\/uploads\/2024\/09\/sex-blog-slow-sex-forum-fleur-sauvage-harness.jpg--1024x685.jpg\" class=\"attachment-large size-large wp-image-3035\" alt=\"sex blog forum slow sex role play couple sex\" srcset=\"https:\/\/fleursauvagelingerie.com\/wp-content\/uploads\/2024\/09\/sex-blog-slow-sex-forum-fleur-sauvage-harness.jpg--1024x685.jpg 1024w, https:\/\/fleursauvagelingerie.com\/wp-content\/uploads\/2024\/09\/sex-blog-slow-sex-forum-fleur-sauvage-harness.jpg--scaled-550x368.jpg 550w, https:\/\/fleursauvagelingerie.com\/wp-content\/uploads\/2024\/09\/sex-blog-slow-sex-forum-fleur-sauvage-harness.jpg--scaled-1155x773.jpg 1155w, https:\/\/fleursauvagelingerie.com\/wp-content\/uploads\/2024\/09\/sex-blog-slow-sex-forum-fleur-sauvage-harness.jpg--465x311.jpg 465w, https:\/\/fleursauvagelingerie.com\/wp-content\/uploads\/2024\/09\/sex-blog-slow-sex-forum-fleur-sauvage-harness.jpg--768x514.jpg 768w, https:\/\/fleursauvagelingerie.com\/wp-content\/uploads\/2024\/09\/sex-blog-slow-sex-forum-fleur-sauvage-harness.jpg--1536x1028.jpg 1536w, https:\/\/fleursauvagelingerie.com\/wp-content\/uploads\/2024\/09\/sex-blog-slow-sex-forum-fleur-sauvage-harness.jpg--2048x1371.jpg 2048w, https:\/\/fleursauvagelingerie.com\/wp-content\/uploads\/2024\/09\/sex-blog-slow-sex-forum-fleur-sauvage-harness.jpg--18x12.jpg 18w\" sizes=\"(max-width: 800px) 100vw, 800px\" \/><\/div><\/a>\n\t\t\t\t<div class=\"elementor-post__badge\">\u00c9panouissement \u00e9rotique<\/div>\n\t\t\t\t<div class=\"elementor-post__text\">\n\t\t\t\t<h2 class=\"elementor-post__title\">\n\t\t\t<a href=\"https:\/\/fleursauvagelingerie.com\/fr\/les-jeux-de-role-avec-partenaires\/\" >\n\t\t\t\tLes jeux de r\u00f4le avec partenaires\t\t\t<\/a>\n\t\t<\/h2>\n\t\t\t\t<div class=\"elementor-post__excerpt\">\n\t\t\t<p>Qu\u2019est-ce que les jeux de r\u00f4le dans une vie sexuelle ? On entend souvent parler de jeux de r\u00f4le dans les films ou dans les m\u00e9dias, souvent pr\u00e9sent\u00e9 sous un ton humoristique. Qu\u2019est-ce que donc les jeux de r\u00f4le dans une vie sexuelle et pourquoi cette pratique peut \u00eatre b\u00e9n\u00e9fique<\/p>\n\t\t<\/div>\n\t\t\n\t\t<a class=\"elementor-post__read-more\" href=\"https:\/\/fleursauvagelingerie.com\/fr\/les-jeux-de-role-avec-partenaires\/\" aria-label=\"Read more about Les jeux de r\u00f4le avec partenaires\" tabindex=\"-1\" >\n\t\t\tLire plus &gt;\t\t<\/a>\n\n\t\t\t\t<\/div>\n\t\t\t\t<div class=\"elementor-post__meta-data\">\n\t\t\t\t\t<span class=\"elementor-post-date\">\n\t\t\t16 septembre 2024\t\t<\/span>\n\t\t\t\t<span class=\"elementor-post-avatar\">\n\t\t\tPas de commentaire\t\t<\/span>\n\t\t\t\t<\/div>\n\t\t\t\t\t<\/div>\n\t\t<\/article>\n\t\t\t\t<article class=\"elementor-post elementor-grid-item post-2841 post type-post status-publish format-standard has-post-thumbnail hentry category-pornographie-litteraire tag-erotic-poem tag-poeme-erotique\" role=\"listitem\">\n\t\t\t<div class=\"elementor-post__card\">\n\t\t\t\t<a class=\"elementor-post__thumbnail__link\" href=\"https:\/\/fleursauvagelingerie.com\/fr\/menottes-serrees\/\" tabindex=\"-1\" ><div class=\"elementor-post__thumbnail\"><img decoding=\"async\" width=\"800\" height=\"598\" src=\"https:\/\/fleursauvagelingerie.com\/wp-content\/uploads\/2024\/09\/blog-17-1024x766.jpg\" class=\"attachment-large size-large wp-image-3004\" alt=\"sex blog po\u00e8me \u00e9rotique\" srcset=\"https:\/\/fleursauvagelingerie.com\/wp-content\/uploads\/2024\/09\/blog-17-1024x766.jpg 1024w, https:\/\/fleursauvagelingerie.com\/wp-content\/uploads\/2024\/09\/blog-17-scaled-550x412.jpg 550w, https:\/\/fleursauvagelingerie.com\/wp-content\/uploads\/2024\/09\/blog-17-scaled-1155x864.jpg 1155w, https:\/\/fleursauvagelingerie.com\/wp-content\/uploads\/2024\/09\/blog-17-465x348.jpg 465w, https:\/\/fleursauvagelingerie.com\/wp-content\/uploads\/2024\/09\/blog-17-768x575.jpg 768w, https:\/\/fleursauvagelingerie.com\/wp-content\/uploads\/2024\/09\/blog-17-1536x1149.jpg 1536w, https:\/\/fleursauvagelingerie.com\/wp-content\/uploads\/2024\/09\/blog-17-2048x1533.jpg 2048w, https:\/\/fleursauvagelingerie.com\/wp-content\/uploads\/2024\/09\/blog-17-16x12.jpg 16w\" sizes=\"(max-width: 800px) 100vw, 800px\" \/><\/div><\/a>\n\t\t\t\t<div class=\"elementor-post__badge\">Pornographie litt\u00e9raire<\/div>\n\t\t\t\t<div class=\"elementor-post__text\">\n\t\t\t\t<h2 class=\"elementor-post__title\">\n\t\t\t<a href=\"https:\/\/fleursauvagelingerie.com\/fr\/menottes-serrees\/\" >\n\t\t\t\tMenottes serr\u00e9es\t\t\t<\/a>\n\t\t<\/h2>\n\t\t\t\t<div class=\"elementor-post__excerpt\">\n\t\t\t<p>Ton doigt dans ma bouche Je ne veux plus parler Je n\u2019attends rien de toi En m\u00eame temps si tu veux Tu peux faire tout de moi On reste comme \u00e7a Tu me dis que je dois Sucer ton doigt plusieurs fois \u00c0 r\u00e9p\u00e9tition, encore et encore Avec ton masque<\/p>\n\t\t<\/div>\n\t\t\n\t\t<a class=\"elementor-post__read-more\" href=\"https:\/\/fleursauvagelingerie.com\/fr\/menottes-serrees\/\" aria-label=\"Read more about Menottes serr\u00e9es\" tabindex=\"-1\" >\n\t\t\tLire plus &gt;\t\t<\/a>\n\n\t\t\t\t<\/div>\n\t\t\t\t<div class=\"elementor-post__meta-data\">\n\t\t\t\t\t<span class=\"elementor-post-date\">\n\t\t\t15 septembre 2024\t\t<\/span>\n\t\t\t\t<span class=\"elementor-post-avatar\">\n\t\t\tPas de commentaire\t\t<\/span>\n\t\t\t\t<\/div>\n\t\t\t\t\t<\/div>\n\t\t<\/article>\n\t\t\t\t<article class=\"elementor-post elementor-grid-item post-2837 post type-post status-publish format-standard has-post-thumbnail hentry category-histoire-de-la-sexualite tag-kama-sutra\" role=\"listitem\">\n\t\t\t<div class=\"elementor-post__card\">\n\t\t\t\t<a class=\"elementor-post__thumbnail__link\" href=\"https:\/\/fleursauvagelingerie.com\/fr\/les-significations-du-kama-sutra\/\" tabindex=\"-1\" ><div class=\"elementor-post__thumbnail\"><img loading=\"lazy\" decoding=\"async\" width=\"800\" height=\"341\" src=\"https:\/\/fleursauvagelingerie.com\/wp-content\/uploads\/2024\/09\/histoire-de-la-sexualite-blog-fleur-sauvage-lingerie-1024x436.png\" class=\"attachment-large size-large wp-image-3021\" alt=\"kama sutra fleur sauvage blogue blog\" srcset=\"https:\/\/fleursauvagelingerie.com\/wp-content\/uploads\/2024\/09\/histoire-de-la-sexualite-blog-fleur-sauvage-lingerie-1024x436.png 1024w, https:\/\/fleursauvagelingerie.com\/wp-content\/uploads\/2024\/09\/histoire-de-la-sexualite-blog-fleur-sauvage-lingerie-550x234.png 550w, https:\/\/fleursauvagelingerie.com\/wp-content\/uploads\/2024\/09\/histoire-de-la-sexualite-blog-fleur-sauvage-lingerie-1155x492.png 1155w, https:\/\/fleursauvagelingerie.com\/wp-content\/uploads\/2024\/09\/histoire-de-la-sexualite-blog-fleur-sauvage-lingerie-465x198.png 465w, https:\/\/fleursauvagelingerie.com\/wp-content\/uploads\/2024\/09\/histoire-de-la-sexualite-blog-fleur-sauvage-lingerie-768x327.png 768w, https:\/\/fleursauvagelingerie.com\/wp-content\/uploads\/2024\/09\/histoire-de-la-sexualite-blog-fleur-sauvage-lingerie-1536x654.png 1536w, https:\/\/fleursauvagelingerie.com\/wp-content\/uploads\/2024\/09\/histoire-de-la-sexualite-blog-fleur-sauvage-lingerie-2048x872.png 2048w, https:\/\/fleursauvagelingerie.com\/wp-content\/uploads\/2024\/09\/histoire-de-la-sexualite-blog-fleur-sauvage-lingerie-18x8.png 18w\" sizes=\"(max-width: 800px) 100vw, 800px\" \/><\/div><\/a>\n\t\t\t\t<div class=\"elementor-post__badge\">Histoire de la sexualit\u00e9<\/div>\n\t\t\t\t<div class=\"elementor-post__text\">\n\t\t\t\t<h2 class=\"elementor-post__title\">\n\t\t\t<a href=\"https:\/\/fleursauvagelingerie.com\/fr\/les-significations-du-kama-sutra\/\" >\n\t\t\t\tLes significations du Kama Sutra\t\t\t<\/a>\n\t\t<\/h2>\n\t\t\t\t<div class=\"elementor-post__excerpt\">\n\t\t\t<p>Origine du Kama Sutra \u00e9crit par le pr\u00eatre V\u00e2tsy\u00e2yana Tout d\u2019abord, l\u2019ouvrage Kama Sutra aurait \u00e9t\u00e9 publi\u00e9 entre le 3\u00e8me&nbsp;avant J.C. et le 6\u00e8me&nbsp;si\u00e8cle apr\u00e8s J.C. par V\u00e2tsy\u00e2yana, un brahman c\u2019est-\u00e0-dire un pr\u00eatre de rang \u00e9lev\u00e9 d\u2019Inde du Nord. Le titre Kama Sutra est en sanskrit et signifie \u00abUn texte<\/p>\n\t\t<\/div>\n\t\t\n\t\t<a class=\"elementor-post__read-more\" href=\"https:\/\/fleursauvagelingerie.com\/fr\/les-significations-du-kama-sutra\/\" aria-label=\"Read more about Les significations du Kama Sutra\" tabindex=\"-1\" >\n\t\t\tLire plus &gt;\t\t<\/a>\n\n\t\t\t\t<\/div>\n\t\t\t\t<div class=\"elementor-post__meta-data\">\n\t\t\t\t\t<span class=\"elementor-post-date\">\n\t\t\t15 septembre 2024\t\t<\/span>\n\t\t\t\t<span class=\"elementor-post-avatar\">\n\t\t\tPas de commentaire\t\t<\/span>\n\t\t\t\t<\/div>\n\t\t\t\t\t<\/div>\n\t\t<\/article>\n\t\t\t\t<article class=\"elementor-post elementor-grid-item post-2833 post type-post status-publish format-standard has-post-thumbnail hentry category-lingerie-et-accessoires tag-histoire-lingerie\" role=\"listitem\">\n\t\t\t<div class=\"elementor-post__card\">\n\t\t\t\t<a class=\"elementor-post__thumbnail__link\" href=\"https:\/\/fleursauvagelingerie.com\/fr\/levolution-de-la-lingerie-masculine\/\" tabindex=\"-1\" ><div class=\"elementor-post__thumbnail\"><img loading=\"lazy\" decoding=\"async\" width=\"800\" height=\"499\" src=\"https:\/\/fleursauvagelingerie.com\/wp-content\/uploads\/2024\/09\/Histoire-de-la-lingerie-masculine-Lingerie-History-mens.png\" class=\"attachment-large size-large wp-image-3024\" alt=\"histoire de la lingerie masculine fleur sauvage blogue blog\" srcset=\"https:\/\/fleursauvagelingerie.com\/wp-content\/uploads\/2024\/09\/Histoire-de-la-lingerie-masculine-Lingerie-History-mens.png 834w, https:\/\/fleursauvagelingerie.com\/wp-content\/uploads\/2024\/09\/Histoire-de-la-lingerie-masculine-Lingerie-History-mens-550x343.png 550w, https:\/\/fleursauvagelingerie.com\/wp-content\/uploads\/2024\/09\/Histoire-de-la-lingerie-masculine-Lingerie-History-mens-600x374.png 600w, https:\/\/fleursauvagelingerie.com\/wp-content\/uploads\/2024\/09\/Histoire-de-la-lingerie-masculine-Lingerie-History-mens-465x290.png 465w, https:\/\/fleursauvagelingerie.com\/wp-content\/uploads\/2024\/09\/Histoire-de-la-lingerie-masculine-Lingerie-History-mens-768x479.png 768w, https:\/\/fleursauvagelingerie.com\/wp-content\/uploads\/2024\/09\/Histoire-de-la-lingerie-masculine-Lingerie-History-mens-18x12.png 18w\" sizes=\"(max-width: 800px) 100vw, 800px\" \/><\/div><\/a>\n\t\t\t\t<div class=\"elementor-post__badge\">Lingerie et accessoires<\/div>\n\t\t\t\t<div class=\"elementor-post__text\">\n\t\t\t\t<h2 class=\"elementor-post__title\">\n\t\t\t<a href=\"https:\/\/fleursauvagelingerie.com\/fr\/levolution-de-la-lingerie-masculine\/\" >\n\t\t\t\tL&rsquo;\u00e9volution de la lingerie masculine\t\t\t<\/a>\n\t\t<\/h2>\n\t\t\t\t<div class=\"elementor-post__excerpt\">\n\t\t\t<p>\u00c9gypte antique&nbsp;: nudit\u00e9 ou lingerie l\u00e9g\u00e8re Le d\u00e9but de la lingerie masculine fut marqu\u00e9 par l\u2019\u00e9poque de l\u2019\u00c9gypte antique quoi que pour la plupart, les hommes pauvres ne portaient pas de lingerie ou sous-v\u00eatement. Les hommes plus riches quant \u00e0 eux portent un pagne appel\u00e9 chendjit fait de lin d\u00e9cor\u00e9<\/p>\n\t\t<\/div>\n\t\t\n\t\t<a class=\"elementor-post__read-more\" href=\"https:\/\/fleursauvagelingerie.com\/fr\/levolution-de-la-lingerie-masculine\/\" aria-label=\"Read more about L&rsquo;\u00e9volution de la lingerie masculine\" tabindex=\"-1\" >\n\t\t\tLire plus &gt;\t\t<\/a>\n\n\t\t\t\t<\/div>\n\t\t\t\t<div class=\"elementor-post__meta-data\">\n\t\t\t\t\t<span class=\"elementor-post-date\">\n\t\t\t15 septembre 2024\t\t<\/span>\n\t\t\t\t<span class=\"elementor-post-avatar\">\n\t\t\tPas de commentaire\t\t<\/span>\n\t\t\t\t<\/div>\n\t\t\t\t\t<\/div>\n\t\t<\/article>\n\t\t\t\t<article class=\"elementor-post elementor-grid-item post-2830 post type-post status-publish format-standard has-post-thumbnail hentry category-pornographie-litteraire tag-erotic-poem tag-poeme-erotique\" role=\"listitem\">\n\t\t\t<div class=\"elementor-post__card\">\n\t\t\t\t<a class=\"elementor-post__thumbnail__link\" href=\"https:\/\/fleursauvagelingerie.com\/fr\/quimporte-le-reveil-est-bon\/\" tabindex=\"-1\" ><div class=\"elementor-post__thumbnail\"><img loading=\"lazy\" decoding=\"async\" width=\"800\" height=\"534\" src=\"https:\/\/fleursauvagelingerie.com\/wp-content\/uploads\/2024\/09\/Blog-1-1024x684.jpg\" class=\"attachment-large size-large wp-image-2989\" alt=\"po\u00e8me \u00e9rotique sex blog\" srcset=\"https:\/\/fleursauvagelingerie.com\/wp-content\/uploads\/2024\/09\/Blog-1-1024x684.jpg 1024w, https:\/\/fleursauvagelingerie.com\/wp-content\/uploads\/2024\/09\/Blog-1-scaled-550x367.jpg 550w, https:\/\/fleursauvagelingerie.com\/wp-content\/uploads\/2024\/09\/Blog-1-scaled-1155x771.jpg 1155w, https:\/\/fleursauvagelingerie.com\/wp-content\/uploads\/2024\/09\/Blog-1-465x310.jpg 465w, https:\/\/fleursauvagelingerie.com\/wp-content\/uploads\/2024\/09\/Blog-1-768x513.jpg 768w, https:\/\/fleursauvagelingerie.com\/wp-content\/uploads\/2024\/09\/Blog-1-1536x1026.jpg 1536w, https:\/\/fleursauvagelingerie.com\/wp-content\/uploads\/2024\/09\/Blog-1-2048x1367.jpg 2048w, https:\/\/fleursauvagelingerie.com\/wp-content\/uploads\/2024\/09\/Blog-1-18x12.jpg 18w\" sizes=\"(max-width: 800px) 100vw, 800px\" \/><\/div><\/a>\n\t\t\t\t<div class=\"elementor-post__badge\">Pornographie litt\u00e9raire<\/div>\n\t\t\t\t<div class=\"elementor-post__text\">\n\t\t\t\t<h2 class=\"elementor-post__title\">\n\t\t\t<a href=\"https:\/\/fleursauvagelingerie.com\/fr\/quimporte-le-reveil-est-bon\/\" >\n\t\t\t\tQu\u2019importe, le r\u00e9veil est bon\t\t\t<\/a>\n\t\t<\/h2>\n\t\t\t\t<div class=\"elementor-post__excerpt\">\n\t\t\t<p>Menton pos\u00e9 Dans le creux d\u2019une \u00e9paule famili\u00e8re Mon corps entier D\u00e9pos\u00e9 sur un autre Mon pied pend hors du lit Pour me garder fra\u00eeche Comme si fraicheur allait dur\u00e9e Je dirais que c\u2019est un jour pour les amants Poitrine perl\u00e9e d\u2019une jouissance partag\u00e9e Que l\u2019on l\u00e8che avec mouchoirs et<\/p>\n\t\t<\/div>\n\t\t\n\t\t<a class=\"elementor-post__read-more\" href=\"https:\/\/fleursauvagelingerie.com\/fr\/quimporte-le-reveil-est-bon\/\" aria-label=\"Read more about Qu\u2019importe, le r\u00e9veil est bon\" tabindex=\"-1\" >\n\t\t\tLire plus &gt;\t\t<\/a>\n\n\t\t\t\t<\/div>\n\t\t\t\t<div class=\"elementor-post__meta-data\">\n\t\t\t\t\t<span class=\"elementor-post-date\">\n\t\t\t15 septembre 2024\t\t<\/span>\n\t\t\t\t<span class=\"elementor-post-avatar\">\n\t\t\tPas de commentaire\t\t<\/span>\n\t\t\t\t<\/div>\n\t\t\t\t\t<\/div>\n\t\t<\/article>\n\t\t\t\t<\/div>\n\t\t\n\t\t\t\t<div class=\"e-load-more-anchor\" data-page=\"1\" data-max-page=\"4\" data-next-page=\"https:\/\/fleursauvagelingerie.com\/fr\/wp-json\/wp\/v2\/pages\/879\/page\/2\/\"><\/div>\n\t\t\t\t<nav class=\"elementor-pagination\" aria-label=\"Pagination\">\n\t\t\t<span aria-current=\"page\" class=\"page-numbers current\"><span class=\"elementor-screen-only\">Page<\/span>1<\/span>\n<a class=\"page-numbers\" href=\"https:\/\/fleursauvagelingerie.com\/fr\/wp-json\/wp\/v2\/pages\/879\/page\/2\/\"><span class=\"elementor-screen-only\">Page<\/span>2<\/a>\n<a class=\"page-numbers\" href=\"https:\/\/fleursauvagelingerie.com\/fr\/wp-json\/wp\/v2\/pages\/879\/page\/3\/\"><span class=\"elementor-screen-only\">Page<\/span>3<\/a>\n<a class=\"page-numbers\" href=\"https:\/\/fleursauvagelingerie.com\/fr\/wp-json\/wp\/v2\/pages\/879\/page\/4\/\"><span class=\"elementor-screen-only\">Page<\/span>4<\/a>\t\t<\/nav>\n\t\t\t\t\t\t<\/div>\n\t\t\t\t<\/div>\n\t\t\t\t\t<\/div>\n\t\t\t\t<\/div>\n\t\t\t\t<\/div>\n\t\t\t\t<\/div>\n\t\t","protected":false},"excerpt":{"rendered":"<p>Fleur Sauvage Culture<\/p>\n","protected":false},"author":2,"featured_media":0,"parent":0,"menu_order":0,"comment_status":"closed","ping_status":"closed","template":"","meta":{"_bbp_topic_count":0,"_bbp_reply_count":0,"_bbp_total_topic_count":0,"_bbp_total_reply_count":0,"_bbp_voice_count":0,"_bbp_anonymous_reply_count":0,"_bbp_topic_count_hidden":0,"_bbp_reply_count_hidden":0,"_bbp_forum_subforum_count":0,"footnotes":""},"class_list":["post-879","page","type-page","status-publish","hentry"],"_links":{"self":[{"href":"https:\/\/fleursauvagelingerie.com\/fr\/wp-json\/wp\/v2\/pages\/879","targetHints":{"allow":["GET"]}}],"collection":[{"href":"https:\/\/fleursauvagelingerie.com\/fr\/wp-json\/wp\/v2\/pages"}],"about":[{"href":"https:\/\/fleursauvagelingerie.com\/fr\/wp-json\/wp\/v2\/types\/page"}],"author":[{"embeddable":true,"href":"https:\/\/fleursauvagelingerie.com\/fr\/wp-json\/wp\/v2\/users\/2"}],"replies":[{"embeddable":true,"href":"https:\/\/fleursauvagelingerie.com\/fr\/wp-json\/wp\/v2\/comments?post=879"}],"version-history":[{"count":5,"href":"https:\/\/fleursauvagelingerie.com\/fr\/wp-json\/wp\/v2\/pages\/879\/revisions"}],"predecessor-version":[{"id":1934,"href":"https:\/\/fleursauvagelingerie.com\/fr\/wp-json\/wp\/v2\/pages\/879\/revisions\/1934"}],"wp:attachment":[{"href":"https:\/\/fleursauvagelingerie.com\/fr\/wp-json\/wp\/v2\/media?parent=879"}],"curies":[{"name":"wp","href":"https:\/\/api.w.org\/{rel}","templated":true}]}}