{"id":2346,"date":"2022-04-29T13:19:56","date_gmt":"2022-04-29T13:19:56","guid":{"rendered":"https:\/\/fleursauvagelingerie.com\/?post_type=product&#038;p=2346"},"modified":"2025-11-17T00:27:42","modified_gmt":"2025-11-17T00:27:42","slug":"harnais-en-cuir-artificiel-acte","status":"publish","type":"product","link":"https:\/\/fleursauvagelingerie.com\/fr\/produit\/harnais-en-cuir-artificiel-acte\/","title":{"rendered":"Harnais en cuir artificiel Act\u00e9"},"content":{"rendered":"<p>Le mod\u00e8le de harnais en cuir artificiel Act\u00e9 est pratique et simple \u00e0 porter, m\u00eame lors d&rsquo;occasions de tous les jours.<\/p>\n<p>Que ce soit avec une chemise, un veston, un justaucorps, ou compl\u00e8tement nu, ce harnais en cuir artificiel pourra bien vous accompagner dans votre quotidien.<\/p>\n<p>Le Act\u00e9 est un harnais de cuir artificiel avec deux anneaux au devant &amp; ajustable sous la poitrine et aux bretelles. Il peut \u00eatre porter autant avec les ajustements de bretelles \u00e0 l&rsquo;avant ou \u00e0 l&rsquo;arri\u00e8re selon le look recherch\u00e9!<\/p>\n<p>Pr\u00e9cisions grandeurs : <strong>Fid\u00e8le \u00e0 la taille\u00a0et ajustable<\/strong><\/p>\n<p>Les pi\u00e8ces de cuir ont \u00e9t\u00e9 popularis\u00e9s dans le style alternatif\/gothique et BDSM. Voici un article pour en savoir plus : <a href=\"https:\/\/fleursauvagelingerie.com\/les-origines-du-bdsm\/\">https:\/\/fleursauvagelingerie.com\/les-origines-du-bdsm\/<\/a><\/p>\n<p>Voici un court extrait :<\/p>\n<p>En fait, avec l\u2019industrialisation arrive de nouveaux mat\u00e9riaux comme le cuir, le pvc et le m\u00e9tal. Ils seront utilis\u00e9s dans le cadre de la culture BDSM dans les communaut\u00e9s influenc\u00e9 par les groupes de motard. Autant les habits que les jouets sexuels ont \u00e9t\u00e9 influenc\u00e9s par ces nouveaux mat\u00e9riaux amenant une innovation aux pratiques sexuelles BDSM.<\/p>\n<p>Donc, beaucoup associ\u00e9 \u00e0 la masculinit\u00e9 le cuir devient l&#8217;embl\u00e8me de la violence et la sexualit\u00e9 agressive dans les f\u00e9tiches. Par apr\u00e8s, certaines pin-ups dont Bettie Page, reprit ces repr\u00e9sentations BDSM.<\/p>\n","protected":false},"excerpt":{"rendered":"<p>Le mod\u00e8le de harnais en cuir artificiel Act\u00e9 est pratique et simple \u00e0 porter, m\u00eame lors d&rsquo;occasions de tous les jours. Que ce soit avec une chemise, un veston, un justaucorps, ou compl\u00e8tement nu, ce harnais en cuir artificiel pourra bien vous accompagner dans votre quotidien. Le Act\u00e9 est un harnais de cuir artificiel avec [&hellip;]<\/p>\n","protected":false},"featured_media":2902,"comment_status":"open","ping_status":"closed","template":"","meta":{"_bbp_topic_count":0,"_bbp_reply_count":0,"_bbp_total_topic_count":0,"_bbp_total_reply_count":0,"_bbp_voice_count":0,"_bbp_anonymous_reply_count":0,"_bbp_topic_count_hidden":0,"_bbp_reply_count_hidden":0,"_bbp_forum_subforum_count":0},"product_brand":[215],"product_cat":[210,209],"product_tag":[405,406,268,404],"class_list":{"0":"post-2346","1":"product","2":"type-product","3":"status-publish","4":"has-post-thumbnail","6":"product_brand-fleur-sauvage-lingerie","7":"product_cat-cuir-artificiel","8":"product_cat-page-d-accueil","9":"product_tag-harnais-de-cuir","10":"product_tag-leather-harness","11":"product_tag-leather-lingerie","12":"product_tag-lingerie-de-cuir","13":"pa_taille-xs-s","14":"pa_taille-s-m","15":"pa_taille-m-l","16":"pa_taille-xl-1xl","17":"pa_taille-2xl-3xl","18":"pa_upc-256","20":"first","21":"instock","22":"taxable","23":"shipping-taxable","24":"purchasable","25":"product-type-variable"},"_links":{"self":[{"href":"https:\/\/fleursauvagelingerie.com\/fr\/wp-json\/wp\/v2\/product\/2346","targetHints":{"allow":["GET"]}}],"collection":[{"href":"https:\/\/fleursauvagelingerie.com\/fr\/wp-json\/wp\/v2\/product"}],"about":[{"href":"https:\/\/fleursauvagelingerie.com\/fr\/wp-json\/wp\/v2\/types\/product"}],"replies":[{"embeddable":true,"href":"https:\/\/fleursauvagelingerie.com\/fr\/wp-json\/wp\/v2\/comments?post=2346"}],"version-history":[{"count":3,"href":"https:\/\/fleursauvagelingerie.com\/fr\/wp-json\/wp\/v2\/product\/2346\/revisions"}],"predecessor-version":[{"id":3199,"href":"https:\/\/fleursauvagelingerie.com\/fr\/wp-json\/wp\/v2\/product\/2346\/revisions\/3199"}],"wp:featuredmedia":[{"embeddable":true,"href":"https:\/\/fleursauvagelingerie.com\/fr\/wp-json\/wp\/v2\/media\/2902"}],"wp:attachment":[{"href":"https:\/\/fleursauvagelingerie.com\/fr\/wp-json\/wp\/v2\/media?parent=2346"}],"wp:term":[{"taxonomy":"product_brand","embeddable":true,"href":"https:\/\/fleursauvagelingerie.com\/fr\/wp-json\/wp\/v2\/product_brand?post=2346"},{"taxonomy":"product_cat","embeddable":true,"href":"https:\/\/fleursauvagelingerie.com\/fr\/wp-json\/wp\/v2\/product_cat?post=2346"},{"taxonomy":"product_tag","embeddable":true,"href":"https:\/\/fleursauvagelingerie.com\/fr\/wp-json\/wp\/v2\/product_tag?post=2346"}],"curies":[{"name":"wp","href":"https:\/\/api.w.org\/{rel}","templated":true}]}}