{"id":2356,"date":"2022-04-29T13:41:20","date_gmt":"2022-04-29T13:41:20","guid":{"rendered":"https:\/\/fleursauvagelingerie.com\/?post_type=product&#038;p=2356"},"modified":"2025-11-16T19:05:23","modified_gmt":"2025-11-16T19:05:23","slug":"ceinture-porte-jarretiere-en-cuir-artificiel-alisma","status":"publish","type":"product","link":"https:\/\/fleursauvagelingerie.com\/fr\/produit\/ceinture-porte-jarretiere-en-cuir-artificiel-alisma\/","title":{"rendered":"Ceinture porte-jarreti\u00e8re en cuir artificiel Alisma"},"content":{"rendered":"<p>Le mod\u00e8le <em>Ceinture porte-jarreti\u00e8re en cuir artificiel Alisma<\/em> est ajustable et polyvalent. Cette pi\u00e8ce vous offre diff\u00e9rentes options, selon vos go\u00fbts et envies du moment.<\/p>\n<p>Il pr\u00e9sente une ceinture en cuir artificiel \u00e0 la taille avec un anneau demi-cercle argent pour y ins\u00e9rer des accessoires. Par exemple, des menottes en cuir, une corde de Shibari, ou une laisse en cuir, etc.<\/p>\n<p>Il offre un porte-jarreti\u00e8re en cuir artificiel avec une possibilit\u00e9 d&rsquo;une double ou simple jarreti\u00e8re en cuir artificiel ajustable \u00e0 plusieurs niveaux. Vous n&rsquo;avez qu&rsquo;a retirer les petites cha\u00eenes pour que le deuxi\u00e8me \u00e9tage se d\u00e9tache de votre jambe.<\/p>\n<p>Pr\u00e9cisions grandeurs : <strong>Fid\u00e8le \u00e0 la taille\u00a0et ajustable<\/strong><\/p>\n<p>Les pi\u00e8ces de cuir ont \u00e9t\u00e9 popularis\u00e9s dans le style alternatif\/gothique et BDSM. Voici un article pour en savoir plus : <a href=\"https:\/\/fleursauvagelingerie.com\/les-origines-du-bdsm\/\">https:\/\/fleursauvagelingerie.com\/les-origines-du-bdsm\/<\/a><\/p>\n<p>Voici un court extrait :<\/p>\n<p>En fait, avec l\u2019industrialisation arrive de nouveaux mat\u00e9riaux comme le cuir, le pvc et le m\u00e9tal. Ils seront utilis\u00e9s dans le cadre de la culture BDSM dans les communaut\u00e9s influenc\u00e9 par les groupes de motard. Autant les habits que les jouets sexuels ont \u00e9t\u00e9 influenc\u00e9s par ces nouveaux mat\u00e9riaux amenant une innovation aux pratiques sexuelles BDSM.<\/p>\n<p>Donc, beaucoup associ\u00e9 \u00e0 la masculinit\u00e9 le cuir devient l&#8217;embl\u00e8me de la violence et la sexualit\u00e9 agressive dans les f\u00e9tiches. Par apr\u00e8s, certaines pin-ups dont Bettie Page, reprit ces repr\u00e9sentations BDSM.<\/p>\n","protected":false},"excerpt":{"rendered":"<p>Le mod\u00e8le Ceinture porte-jarreti\u00e8re en cuir artificiel Alisma est ajustable et polyvalent. Cette pi\u00e8ce vous offre diff\u00e9rentes options, selon vos go\u00fbts et envies du moment. Il pr\u00e9sente une ceinture en cuir artificiel \u00e0 la taille avec un anneau demi-cercle argent pour y ins\u00e9rer des accessoires. Par exemple, des menottes en cuir, une corde de Shibari, [&hellip;]<\/p>\n","protected":false},"featured_media":2899,"comment_status":"open","ping_status":"closed","template":"","meta":{"_bbp_topic_count":0,"_bbp_reply_count":0,"_bbp_total_topic_count":0,"_bbp_total_reply_count":0,"_bbp_voice_count":0,"_bbp_anonymous_reply_count":0,"_bbp_topic_count_hidden":0,"_bbp_reply_count_hidden":0,"_bbp_forum_subforum_count":0},"product_brand":[215],"product_cat":[210],"product_tag":[402,268,401,404,403],"class_list":{"0":"post-2356","1":"product","2":"type-product","3":"status-publish","4":"has-post-thumbnail","6":"product_brand-fleur-sauvage-lingerie","7":"product_cat-cuir-artificiel","8":"product_tag-leather-leg-garter","9":"product_tag-leather-lingerie","10":"product_tag-leg-garter","11":"product_tag-lingerie-de-cuir","12":"product_tag-porte-jarretiere-en-cuir","13":"pa_rating-scale_min-1-0-scale_max-5-0-value-5-0","14":"pa_rating_count-274","15":"pa_reviews-spr-container-padding-24px-border-color-ececec-spr-review-spr-form-border-color-ececec-commentaire-review-based-on-1-review-crire-un-commentaire-write-a-review-context-http-schema-org-type-aggregatera","16":"pa_taille-xs-s","17":"pa_taille-s-m","18":"pa_taille-m-l","19":"pa_taille-xl-1xl","20":"pa_taille-2xl-3xl","21":"pa_title_tag-fleur-sauvage-ceinture-en-cuir-artificiel-porte-jarretiere-alisma","22":"pa_upc-277","24":"first","25":"instock","26":"taxable","27":"shipping-taxable","28":"purchasable","29":"product-type-variable"},"_links":{"self":[{"href":"https:\/\/fleursauvagelingerie.com\/fr\/wp-json\/wp\/v2\/product\/2356","targetHints":{"allow":["GET"]}}],"collection":[{"href":"https:\/\/fleursauvagelingerie.com\/fr\/wp-json\/wp\/v2\/product"}],"about":[{"href":"https:\/\/fleursauvagelingerie.com\/fr\/wp-json\/wp\/v2\/types\/product"}],"replies":[{"embeddable":true,"href":"https:\/\/fleursauvagelingerie.com\/fr\/wp-json\/wp\/v2\/comments?post=2356"}],"version-history":[{"count":4,"href":"https:\/\/fleursauvagelingerie.com\/fr\/wp-json\/wp\/v2\/product\/2356\/revisions"}],"predecessor-version":[{"id":3198,"href":"https:\/\/fleursauvagelingerie.com\/fr\/wp-json\/wp\/v2\/product\/2356\/revisions\/3198"}],"wp:featuredmedia":[{"embeddable":true,"href":"https:\/\/fleursauvagelingerie.com\/fr\/wp-json\/wp\/v2\/media\/2899"}],"wp:attachment":[{"href":"https:\/\/fleursauvagelingerie.com\/fr\/wp-json\/wp\/v2\/media?parent=2356"}],"wp:term":[{"taxonomy":"product_brand","embeddable":true,"href":"https:\/\/fleursauvagelingerie.com\/fr\/wp-json\/wp\/v2\/product_brand?post=2356"},{"taxonomy":"product_cat","embeddable":true,"href":"https:\/\/fleursauvagelingerie.com\/fr\/wp-json\/wp\/v2\/product_cat?post=2356"},{"taxonomy":"product_tag","embeddable":true,"href":"https:\/\/fleursauvagelingerie.com\/fr\/wp-json\/wp\/v2\/product_tag?post=2356"}],"curies":[{"name":"wp","href":"https:\/\/api.w.org\/{rel}","templated":true}]}}