{"id":2380,"date":"2022-04-29T14:20:54","date_gmt":"2022-04-29T14:20:54","guid":{"rendered":"https:\/\/fleursauvagelingerie.com\/?post_type=product&#038;p=2380"},"modified":"2026-02-15T11:59:22","modified_gmt":"2026-02-15T11:59:22","slug":"menottes-en-cuir-artificiel-lysim","status":"publish","type":"product","link":"https:\/\/fleursauvagelingerie.com\/fr\/produit\/menottes-en-cuir-artificiel-lysim\/","title":{"rendered":"Menottes en cuir artificiel Lysim"},"content":{"rendered":"<p>Le mod\u00e8le de menottes en cuir artificiel<em>\u00a0Lysim\u00a0<\/em>vient avec trois types d&rsquo;attaches, dont une paire en cuir artificiel, une paire en cha\u00eene et une paire en mousquetons pivotants pour vous offrir de la vari\u00e9t\u00e9 dans votre intimit\u00e9.<\/p>\n<p>Pour un effet plus saisissant compl\u00e9ter votre ensemble de lingerie Fleur Sauvage avec la ceinture en cuir artificiel Mycelis, le harnais en cuir artificiel Act\u00e9 et la ceinture jarreti\u00e8re en cuir artificiel Alisma.<\/p>\n<p>On offre les menottes Lysim en trois diff\u00e9rentes grandeurs pour un maximum d&rsquo;inclusivit\u00e9. Nous offrons la grandeur XS-S, S-M et M-L. Les menottes sont disponibles sur notre site web et dans tous nos points de vente.<\/p>\n<p><strong>Vous vous demandez comment utiliser des menottes dans votre intimit\u00e9 ? C&rsquo;est votre premi\u00e8re fois et vous \u00eates curieux et curieuse d&rsquo;essayer des menottes avec votre partenaire?\u00a0<\/strong><\/p>\n<p><strong>Donc, voici un article de notre blogue Fleur Sauvage Culture qui pourra vous guider :<\/strong> <a href=\"https:\/\/fleursauvagelingerie.com\/les-menottes-en-cuir-introduction-dans-les-relations-sexuelles\/\">https:\/\/fleursauvagelingerie.com\/les-menottes-en-cuir-introduction-dans-les-relations-sexuelles\/<\/a>.<\/p>\n<p>\u00abUn accessoire comme des menottes est donc int\u00e9ressant puisqu\u2019il limite une personne dans son sens du toucher et dans son contr\u00f4le de mouvements. Lorsqu\u2019un de nos sens est coup\u00e9, le cerveau agit pour compenser ce manque et donc les sensations seront augment\u00e9s dans les 4 autres sens durant la relation sexuelle. \u00bb<\/p>\n<p>En fait, le blogue Fleur Sauvage Culture est un espace qui propose des articles sur l&rsquo;\u00e9ducation \u00e0 la sexualit\u00e9 principalement sur la lingerie, le bdsm, les kinks et le \u00ab slow sex \u00bb. Aussi, nous proposons de la pornographie litt\u00e9raire aves des po\u00e8mes et des histoires \u00e9rotiques.<\/p>\n","protected":false},"excerpt":{"rendered":"<p>Le mod\u00e8le de menottes en cuir artificiel\u00a0Lysim\u00a0vient avec trois types d&rsquo;attaches, dont une paire en cuir artificiel, une paire en cha\u00eene et une paire en mousquetons pivotants pour vous offrir de la vari\u00e9t\u00e9 dans votre intimit\u00e9. Pour un effet plus saisissant compl\u00e9ter votre ensemble de lingerie Fleur Sauvage avec la ceinture en cuir artificiel Mycelis, [&hellip;]<\/p>\n","protected":false},"featured_media":2935,"comment_status":"open","ping_status":"closed","template":"","meta":{"_bbp_topic_count":0,"_bbp_reply_count":0,"_bbp_total_topic_count":0,"_bbp_total_reply_count":0,"_bbp_voice_count":0,"_bbp_anonymous_reply_count":0,"_bbp_topic_count_hidden":0,"_bbp_reply_count_hidden":0,"_bbp_forum_subforum_count":0},"product_brand":[215],"product_cat":[212,210],"product_tag":[286,268,288,289],"class_list":{"0":"post-2380","1":"product","2":"type-product","3":"status-publish","4":"has-post-thumbnail","6":"wc_square_synced-yes","7":"product_brand-fleur-sauvage-lingerie","8":"product_cat-accessoires","9":"product_cat-cuir-artificiel","10":"product_tag-leather-handcuffs","11":"product_tag-leather-lingerie","12":"product_tag-menottes","13":"product_tag-menottes-en-cuir","14":"pa_couleur-noir","15":"pa_taille-m-l","16":"pa_taille-s-m","17":"pa_taille-xs-s","18":"pa_title_tag-menottes-lysim-en-cuir-artificiel-fleur-sauvage-lingerie","19":"pa_upc-297","21":"first","22":"instock","23":"taxable","24":"shipping-taxable","25":"purchasable","26":"product-type-variable"},"_links":{"self":[{"href":"https:\/\/fleursauvagelingerie.com\/fr\/wp-json\/wp\/v2\/product\/2380","targetHints":{"allow":["GET"]}}],"collection":[{"href":"https:\/\/fleursauvagelingerie.com\/fr\/wp-json\/wp\/v2\/product"}],"about":[{"href":"https:\/\/fleursauvagelingerie.com\/fr\/wp-json\/wp\/v2\/types\/product"}],"replies":[{"embeddable":true,"href":"https:\/\/fleursauvagelingerie.com\/fr\/wp-json\/wp\/v2\/comments?post=2380"}],"version-history":[{"count":2,"href":"https:\/\/fleursauvagelingerie.com\/fr\/wp-json\/wp\/v2\/product\/2380\/revisions"}],"predecessor-version":[{"id":3194,"href":"https:\/\/fleursauvagelingerie.com\/fr\/wp-json\/wp\/v2\/product\/2380\/revisions\/3194"}],"wp:featuredmedia":[{"embeddable":true,"href":"https:\/\/fleursauvagelingerie.com\/fr\/wp-json\/wp\/v2\/media\/2935"}],"wp:attachment":[{"href":"https:\/\/fleursauvagelingerie.com\/fr\/wp-json\/wp\/v2\/media?parent=2380"}],"wp:term":[{"taxonomy":"product_brand","embeddable":true,"href":"https:\/\/fleursauvagelingerie.com\/fr\/wp-json\/wp\/v2\/product_brand?post=2380"},{"taxonomy":"product_cat","embeddable":true,"href":"https:\/\/fleursauvagelingerie.com\/fr\/wp-json\/wp\/v2\/product_cat?post=2380"},{"taxonomy":"product_tag","embeddable":true,"href":"https:\/\/fleursauvagelingerie.com\/fr\/wp-json\/wp\/v2\/product_tag?post=2380"}],"curies":[{"name":"wp","href":"https:\/\/api.w.org\/{rel}","templated":true}]}}