{"id":2389,"date":"2022-04-29T14:33:30","date_gmt":"2022-04-29T14:33:30","guid":{"rendered":"https:\/\/fleursauvagelingerie.com\/?post_type=product&#038;p=2389"},"modified":"2025-11-16T19:01:46","modified_gmt":"2025-11-16T19:01:46","slug":"masque-en-cuir-artificiel-fragarya","status":"publish","type":"product","link":"https:\/\/fleursauvagelingerie.com\/fr\/produit\/masque-en-cuir-artificiel-fragarya\/","title":{"rendered":"Masque en cuir artificiel Fragarya"},"content":{"rendered":"<p>Le mod\u00e8le\u00a0<em>Masque en cuir artificiel Fragarya <\/em>est con\u00e7u pour mettre en valeur et habill\u00e9 le regard!<\/p>\n<p>Le masque en cuir artificiel ajustable \u00e0 l&rsquo;arri\u00e8re &amp; d\u00e9cor\u00e9 de bandes de bijoux argent\u00e9es \u00e0 l&rsquo;avant.<\/p>\n<p>Cet accessoire est parfait pour vos soir\u00e9es \u00e0 th\u00e9matique bal masqu\u00e9 !<\/p>\n<p>Un masque en cuir peut aussi \u00eatre int\u00e9ressant pour ajouter dans votre vie intime comme dans le cadre de jeux de r\u00f4le, par exemple.<\/p>\n<p>Pour en savoir plus sur les jeux de r\u00f4le, vous pouvez consulter notre article : <a href=\"https:\/\/fleursauvagelingerie.com\/les-jeux-de-role-avec-partenaires\/\">https:\/\/fleursauvagelingerie.com\/les-jeux-de-role-avec-partenaires\/<\/a><\/p>\n<p>Voici un bref extrait d&rsquo;exemples de jeux de r\u00f4le :<\/p>\n<p>\u00c0 noter que parfois les jeux de r\u00f4le ne sont pas sexuels pour certaines personnes \u00e9galement. Par exemple, en changeant votre personnalit\u00e9 pour incarner un r\u00f4le pendant une \u00ab date \u00bb pour faire un changement ou bien jouer le r\u00f4le d\u2019un employ\u00e9 qui vient chez votre partenaire pour travailler en faisant tout ce que votre personne vous indique de faire.<\/p>\n<p>Il peut y avoir ainsi par moment une dynamique de domination et soumissions rejoignant les principes du BDSM. Un autre exemple, pourrait d\u2019utiliser les \u00ab sextos \u00bb pour communiquer avec un ou une partenaire jouant un r\u00f4le et de recommencer \u00e0 vos d\u00e9buts avec des premiers \u00e9changes simul\u00e9s pour \u00ab apprendre \u00e0 vous connaitre \u00bb dans vos nouvelles identit\u00e9s de jeu.<\/p>\n","protected":false},"excerpt":{"rendered":"<p>Le mod\u00e8le\u00a0Masque en cuir artificiel Fragarya est con\u00e7u pour mettre en valeur et habill\u00e9 le regard! Le masque en cuir artificiel ajustable \u00e0 l&rsquo;arri\u00e8re &amp; d\u00e9cor\u00e9 de bandes de bijoux argent\u00e9es \u00e0 l&rsquo;avant. Cet accessoire est parfait pour vos soir\u00e9es \u00e0 th\u00e9matique bal masqu\u00e9 ! Un masque en cuir peut aussi \u00eatre int\u00e9ressant pour ajouter [&hellip;]<\/p>\n","protected":false},"featured_media":2941,"comment_status":"open","ping_status":"closed","template":"","meta":{"_bbp_topic_count":0,"_bbp_reply_count":0,"_bbp_total_topic_count":0,"_bbp_total_reply_count":0,"_bbp_voice_count":0,"_bbp_anonymous_reply_count":0,"_bbp_topic_count_hidden":0,"_bbp_reply_count_hidden":0,"_bbp_forum_subforum_count":0},"product_brand":[215],"product_cat":[212,210],"product_tag":[268,299,384],"class_list":{"0":"post-2389","1":"product","2":"type-product","3":"status-publish","4":"has-post-thumbnail","6":"wc_square_synced-yes","7":"product_brand-fleur-sauvage-lingerie","8":"product_cat-accessoires","9":"product_cat-cuir-artificiel","10":"product_tag-leather-lingerie","11":"product_tag-leather-mask","12":"product_tag-masque-en-cuir","13":"pa_couleur-noir","14":"pa_title_tag-masque-en-cuir-artificiel-fragarya-fleur-sauvage-lingerie","15":"pa_upc-306","17":"first","18":"instock","19":"taxable","20":"shipping-taxable","21":"purchasable","22":"product-type-variable"},"_links":{"self":[{"href":"https:\/\/fleursauvagelingerie.com\/fr\/wp-json\/wp\/v2\/product\/2389","targetHints":{"allow":["GET"]}}],"collection":[{"href":"https:\/\/fleursauvagelingerie.com\/fr\/wp-json\/wp\/v2\/product"}],"about":[{"href":"https:\/\/fleursauvagelingerie.com\/fr\/wp-json\/wp\/v2\/types\/product"}],"replies":[{"embeddable":true,"href":"https:\/\/fleursauvagelingerie.com\/fr\/wp-json\/wp\/v2\/comments?post=2389"}],"version-history":[{"count":2,"href":"https:\/\/fleursauvagelingerie.com\/fr\/wp-json\/wp\/v2\/product\/2389\/revisions"}],"predecessor-version":[{"id":3193,"href":"https:\/\/fleursauvagelingerie.com\/fr\/wp-json\/wp\/v2\/product\/2389\/revisions\/3193"}],"wp:featuredmedia":[{"embeddable":true,"href":"https:\/\/fleursauvagelingerie.com\/fr\/wp-json\/wp\/v2\/media\/2941"}],"wp:attachment":[{"href":"https:\/\/fleursauvagelingerie.com\/fr\/wp-json\/wp\/v2\/media?parent=2389"}],"wp:term":[{"taxonomy":"product_brand","embeddable":true,"href":"https:\/\/fleursauvagelingerie.com\/fr\/wp-json\/wp\/v2\/product_brand?post=2389"},{"taxonomy":"product_cat","embeddable":true,"href":"https:\/\/fleursauvagelingerie.com\/fr\/wp-json\/wp\/v2\/product_cat?post=2389"},{"taxonomy":"product_tag","embeddable":true,"href":"https:\/\/fleursauvagelingerie.com\/fr\/wp-json\/wp\/v2\/product_tag?post=2389"}],"curies":[{"name":"wp","href":"https:\/\/api.w.org\/{rel}","templated":true}]}}