{"id":2396,"date":"2022-04-29T14:44:40","date_gmt":"2022-04-29T14:44:40","guid":{"rendered":"https:\/\/fleursauvagelingerie.com\/?post_type=product&#038;p=2396"},"modified":"2026-02-15T01:32:12","modified_gmt":"2026-02-15T01:32:12","slug":"justaucorps-en-dentelle-nympha","status":"publish","type":"product","link":"https:\/\/fleursauvagelingerie.com\/fr\/produit\/justaucorps-en-dentelle-nympha\/","title":{"rendered":"Justaucorps en dentelle Nympha"},"content":{"rendered":"<p class=\"p1\">Le mod\u00e8le Justaucorps en dentelle <i>Nympha <\/i>apporte une douceur et un c\u00f4t\u00e9 vintage \u00e0 la collection!<\/p>\n<p class=\"p2\">Ce classique est fait en dentelle semi-extensible non doubl\u00e9 et est semi-ajust\u00e9 \u00e0 l&rsquo;aide de baleines. Le mod\u00e8le poss\u00e8de des bretelles ajustables non-permanentes et un lacet au dos. Le justaucorps en dentelle se conclu avec des boutons de pressions \u00e0 la fourche.<\/p>\n<p class=\"p2\">*Une extension en dentelle qui s&rsquo;attache \u00e0 l&rsquo;aide de boutons de pression \u00e0 la fourche fait \u00e0 la main est disponible pour les corps qui sont plus longs. Il et possible de la retirer si elle n&rsquo;est pas n\u00e9cessaire pour vous. *<\/p>\n<p class=\"p2\">Pr\u00e9cisions grandeurs: <b>Fid\u00e8le \u00e0 la taille<\/b><\/p>\n<p>Si vous h\u00e9sitez pour faire le bon choix de grandeurs n&rsquo;h\u00e9sitez pas \u00e0 nous \u00e9crire pour que nous puissions vous conseiller !<\/p>\n<p>Aussi, vous pouvez jeter un coup d&rsquo;oeil \u00e0 notre article pour vous aider : <a href=\"https:\/\/fleursauvagelingerie.com\/comment-trouver-la-bonne-taille-en-lingerie\/\">https:\/\/fleursauvagelingerie.com\/comment-trouver-la-bonne-taille-en-lingerie\/<\/a><\/p>\n<p>Voici un court extrait :<\/p>\n<p>La lingerie est un type de v\u00eatement qui est complexe par le fait que le morceau de tissu va suivre le corps de pr\u00e8s sans rarement le couvrir \u00e0 100%. Certaines parties du corps seront donc \u00e0 d\u00e9couvert, comme les hanches, le ventre, le d\u00e9collet\u00e9, les cuisses, etc. La lingerie peut alors influencer votre silhouette selon la grandeur ou le mod\u00e8le choisis.<\/p>\n<p>Par exemple, un justaucorps qui couvre vos hanches pourrait \u00eatre plus serr\u00e9es, donc une taille plus petite, qu\u2019un justaucorps qui ne couvre pas vos hanches pour le m\u00eame type d\u2019effet esth\u00e9tique. Il reste \u00e0 vous de pouvoir choisir l\u2019effet que vous d\u00e9sirez avec la lingerie qui vous pla\u00eet.<\/p>\n","protected":false},"excerpt":{"rendered":"<p>Le mod\u00e8le Justaucorps en dentelle Nympha apporte une douceur et un c\u00f4t\u00e9 vintage \u00e0 la collection! Ce classique est fait en dentelle semi-extensible non doubl\u00e9 et est semi-ajust\u00e9 \u00e0 l&rsquo;aide de baleines. Le mod\u00e8le poss\u00e8de des bretelles ajustables non-permanentes et un lacet au dos. Le justaucorps en dentelle se conclu avec des boutons de pressions [&hellip;]<\/p>\n","protected":false},"featured_media":2893,"comment_status":"open","ping_status":"closed","template":"","meta":{"_bbp_topic_count":0,"_bbp_reply_count":0,"_bbp_total_topic_count":0,"_bbp_total_reply_count":0,"_bbp_voice_count":0,"_bbp_anonymous_reply_count":0,"_bbp_topic_count_hidden":0,"_bbp_reply_count_hidden":0,"_bbp_forum_subforum_count":0},"product_brand":[215],"product_cat":[211],"product_tag":[308,397,398,399],"class_list":{"0":"post-2396","1":"product","2":"type-product","3":"status-publish","4":"has-post-thumbnail","6":"wc_square_synced-yes","7":"product_brand-fleur-sauvage-lingerie","8":"product_cat-lingerie","9":"product_tag-bodysuit","10":"product_tag-lace-bodysuit","11":"product_tag-lace-lingerie","12":"product_tag-lingerie-dentelle","13":"pa_couleur-noir","14":"pa_taille-xs","15":"pa_taille-s","16":"pa_taille-m","17":"pa_taille-l","18":"pa_taille-xl","19":"pa_taille-1xl","20":"pa_taille-2xl","21":"pa_taille-3xl","22":"pa_taille-4xl","23":"pa_title_tag-justaucorps-en-dentelle-extensible-nympha-fleur-sauvage-lingerie","24":"pa_upc-325","26":"first","27":"instock","28":"taxable","29":"shipping-taxable","30":"purchasable","31":"product-type-variable"},"_links":{"self":[{"href":"https:\/\/fleursauvagelingerie.com\/fr\/wp-json\/wp\/v2\/product\/2396","targetHints":{"allow":["GET"]}}],"collection":[{"href":"https:\/\/fleursauvagelingerie.com\/fr\/wp-json\/wp\/v2\/product"}],"about":[{"href":"https:\/\/fleursauvagelingerie.com\/fr\/wp-json\/wp\/v2\/types\/product"}],"replies":[{"embeddable":true,"href":"https:\/\/fleursauvagelingerie.com\/fr\/wp-json\/wp\/v2\/comments?post=2396"}],"version-history":[{"count":2,"href":"https:\/\/fleursauvagelingerie.com\/fr\/wp-json\/wp\/v2\/product\/2396\/revisions"}],"predecessor-version":[{"id":3191,"href":"https:\/\/fleursauvagelingerie.com\/fr\/wp-json\/wp\/v2\/product\/2396\/revisions\/3191"}],"wp:featuredmedia":[{"embeddable":true,"href":"https:\/\/fleursauvagelingerie.com\/fr\/wp-json\/wp\/v2\/media\/2893"}],"wp:attachment":[{"href":"https:\/\/fleursauvagelingerie.com\/fr\/wp-json\/wp\/v2\/media?parent=2396"}],"wp:term":[{"taxonomy":"product_brand","embeddable":true,"href":"https:\/\/fleursauvagelingerie.com\/fr\/wp-json\/wp\/v2\/product_brand?post=2396"},{"taxonomy":"product_cat","embeddable":true,"href":"https:\/\/fleursauvagelingerie.com\/fr\/wp-json\/wp\/v2\/product_cat?post=2396"},{"taxonomy":"product_tag","embeddable":true,"href":"https:\/\/fleursauvagelingerie.com\/fr\/wp-json\/wp\/v2\/product_tag?post=2396"}],"curies":[{"name":"wp","href":"https:\/\/api.w.org\/{rel}","templated":true}]}}