{"id":2410,"date":"2022-04-29T14:51:04","date_gmt":"2022-04-29T14:51:04","guid":{"rendered":"https:\/\/fleursauvagelingerie.com\/?post_type=product&#038;p=2410"},"modified":"2025-11-16T18:58:42","modified_gmt":"2025-11-16T18:58:42","slug":"jupe-en-mesh-kalmy","status":"publish","type":"product","link":"https:\/\/fleursauvagelingerie.com\/fr\/produit\/jupe-en-mesh-kalmy\/","title":{"rendered":"Jupe en mesh Kalmy"},"content":{"rendered":"<p>Le mod\u00e8le\u00a0<em>Jupe en mesh Kalmy\u00a0<\/em>est un classique \u00e0 avoir dans votre garde-robe ! Elle permet \u00e0 vos courbes de se faire accompagner en toute subtilit\u00e9 lors de vos mouvements.<\/p>\n<p>En fait, cette jupe en mesh peut se porter avec de la lingerie ou compl\u00e8tement nu, \u00e0 votre choix!<\/p>\n<p>Le mod\u00e8le est fait en mesh extensible pour un confort absolu et une libert\u00e9 dans vos mouvements.<\/p>\n<p>Pr\u00e9cisions grandeurs :\u00a0<strong>Pour effet ajust\u00e9, prendre une grandeur plus petite qu\u2019\u00e0 l\u2019habitude et pour option de confort fid\u00e8le \u00e0 la taille.<\/strong><\/p>\n<p>Il est important de laver votre jupe en mesh \u00e0 la main puisqu&rsquo;un lavage \u00e0 la machine peut endommager le tissu d\u00e9licat.<\/p>\n<p>Pour en savoir plus vous pouvez vous r\u00e9f\u00e9rer \u00e0 notre article sur l&rsquo;entretien de la lingerie : <a href=\"https:\/\/fleursauvagelingerie.com\/quel-est-le-meilleur-entretien-de-la-lingerie\/\">https:\/\/fleursauvagelingerie.com\/quel-est-le-meilleur-entretien-de-la-lingerie\/<\/a><\/p>\n<p>Voici un bref extrait sur l&rsquo;importance de bien laver la lingerie fine :<\/p>\n<p>En fait, l\u2019entretien de votre lingerie est primordial pour que vos morceaux de tissus d\u00e9licats restent beaux \u00e0 long terme. La lingerie est faite de tissus comme la dentelle et le mesh principalement, souvent avec des fibres extensibles. Aussi, il est donc important de bien en prendre soin pour \u00e9viter que la lingerie devienne trop \u00e9lastique. L\u2019entretien de la lingerie permet aussi d\u2019\u00e9viter que le tissu se d\u00e9grade et que la qualit\u00e9 diminue \u00e0 travers le temps.<\/p>\n","protected":false},"excerpt":{"rendered":"<p>Le mod\u00e8le\u00a0Jupe en mesh Kalmy\u00a0est un classique \u00e0 avoir dans votre garde-robe ! Elle permet \u00e0 vos courbes de se faire accompagner en toute subtilit\u00e9 lors de vos mouvements. En fait, cette jupe en mesh peut se porter avec de la lingerie ou compl\u00e8tement nu, \u00e0 votre choix! Le mod\u00e8le est fait en mesh extensible [&hellip;]<\/p>\n","protected":false},"featured_media":2916,"comment_status":"open","ping_status":"closed","template":"","meta":{"_bbp_topic_count":0,"_bbp_reply_count":0,"_bbp_total_topic_count":0,"_bbp_total_reply_count":0,"_bbp_voice_count":0,"_bbp_anonymous_reply_count":0,"_bbp_topic_count_hidden":0,"_bbp_reply_count_hidden":0,"_bbp_forum_subforum_count":0},"product_brand":[215],"product_cat":[211],"product_tag":[396,394,395,386],"class_list":{"0":"post-2410","1":"product","2":"type-product","3":"status-publish","4":"has-post-thumbnail","6":"wc_square_synced-yes","7":"product_brand-fleur-sauvage-lingerie","8":"product_cat-lingerie","9":"product_tag-black-lingerie","10":"product_tag-jupe-lingerie","11":"product_tag-mesh-lingerie","12":"product_tag-mesh-skirt","13":"pa_couleur-noir","14":"pa_rating-scale_min-1-0-scale_max-5-0-value-5-0","15":"pa_rating_count-274","16":"pa_reviews-spr-container-padding-24px-border-color-ececec-spr-review-spr-form-border-color-ececec-commentaire-review-based-on-1-review-crire-un-commentaire-write-a-review-context-http-schema-org-type-aggregatera","17":"pa_taille-1xl","18":"pa_taille-2xl","19":"pa_taille-3xl","20":"pa_taille-4xl","21":"pa_taille-l","22":"pa_taille-m","23":"pa_taille-s","24":"pa_taille-xl","25":"pa_taille-xs","26":"pa_title_tag-jupe-en-mesh-extensible-kalmy-9-grandeurs-fleur-sauvage-lingerie","27":"pa_upc-332","29":"first","30":"instock","31":"taxable","32":"shipping-taxable","33":"purchasable","34":"product-type-variable"},"_links":{"self":[{"href":"https:\/\/fleursauvagelingerie.com\/fr\/wp-json\/wp\/v2\/product\/2410","targetHints":{"allow":["GET"]}}],"collection":[{"href":"https:\/\/fleursauvagelingerie.com\/fr\/wp-json\/wp\/v2\/product"}],"about":[{"href":"https:\/\/fleursauvagelingerie.com\/fr\/wp-json\/wp\/v2\/types\/product"}],"replies":[{"embeddable":true,"href":"https:\/\/fleursauvagelingerie.com\/fr\/wp-json\/wp\/v2\/comments?post=2410"}],"version-history":[{"count":2,"href":"https:\/\/fleursauvagelingerie.com\/fr\/wp-json\/wp\/v2\/product\/2410\/revisions"}],"predecessor-version":[{"id":3190,"href":"https:\/\/fleursauvagelingerie.com\/fr\/wp-json\/wp\/v2\/product\/2410\/revisions\/3190"}],"wp:featuredmedia":[{"embeddable":true,"href":"https:\/\/fleursauvagelingerie.com\/fr\/wp-json\/wp\/v2\/media\/2916"}],"wp:attachment":[{"href":"https:\/\/fleursauvagelingerie.com\/fr\/wp-json\/wp\/v2\/media?parent=2410"}],"wp:term":[{"taxonomy":"product_brand","embeddable":true,"href":"https:\/\/fleursauvagelingerie.com\/fr\/wp-json\/wp\/v2\/product_brand?post=2410"},{"taxonomy":"product_cat","embeddable":true,"href":"https:\/\/fleursauvagelingerie.com\/fr\/wp-json\/wp\/v2\/product_cat?post=2410"},{"taxonomy":"product_tag","embeddable":true,"href":"https:\/\/fleursauvagelingerie.com\/fr\/wp-json\/wp\/v2\/product_tag?post=2410"}],"curies":[{"name":"wp","href":"https:\/\/api.w.org\/{rel}","templated":true}]}}