{"id":2425,"date":"2022-04-29T15:00:55","date_gmt":"2022-04-29T15:00:55","guid":{"rendered":"https:\/\/fleursauvagelingerie.com\/?post_type=product&#038;p=2425"},"modified":"2026-04-28T13:24:10","modified_gmt":"2026-04-28T13:24:10","slug":"justaucorps-en-mesh-oxalis","status":"publish","type":"product","link":"https:\/\/fleursauvagelingerie.com\/fr\/produit\/justaucorps-en-mesh-oxalis\/","title":{"rendered":"Justaucorps en mesh Oxalis"},"content":{"rendered":"<p>Le mod\u00e8le\u00a0<em>Justaucorps Oxalis en mesh\u00a0<\/em>apporte une \u00e9nergie de contr\u00f4le et de prestance \u00e0 la collection!<\/p>\n<p>Ce mod\u00e8le de justaucorps est fait en mesh pour le corps ajust\u00e9 avec des baleines et en voile pour la poitrine. Il s&rsquo;attache dans le cou en bouclant le voile et au dos \u00e0 l&rsquo;aide d&rsquo;un lacet. Le justaucorps se conclu avec des boutons de pression \u00e0 la fourche.<\/p>\n<p>Pr\u00e9cisions grandeurs\u00a0: <strong>Fait plus grand, on conseille de prendre une taille plus petite qu\u2019\u00e0 l\u2019habitude.<\/strong><\/p>\n<p>Si vous h\u00e9sitez pour faire le bon choix de grandeurs n&rsquo;h\u00e9sitez pas \u00e0 nous \u00e9crire pour que nous puissions vous conseiller !<\/p>\n<p>Aussi, vous pouvez jeter un coup d&rsquo;oeil \u00e0 notre article pour vous aider : <a href=\"https:\/\/fleursauvagelingerie.com\/comment-trouver-la-bonne-taille-en-lingerie\/\">https:\/\/fleursauvagelingerie.com\/comment-trouver-la-bonne-taille-en-lingerie\/<\/a><\/p>\n<p>Voici un court extrait :<\/p>\n<p>La lingerie est un type de v\u00eatement qui est complexe. Par le fait, que le morceau de tissu va suivre le corps de pr\u00e8s sans rarement le couvrir \u00e0 100%. Certaines parties du corps seront donc \u00e0 d\u00e9couvert, comme les hanches, le ventre, le d\u00e9collet\u00e9, les cuisses, etc. La lingerie peut alors influencer votre silhouette selon la grandeur ou le mod\u00e8le choisis.<\/p>\n<p>Par exemple, un justaucorps qui couvre vos hanches pourrait \u00eatre plus serr\u00e9es, donc une taille plus petite, qu\u2019un justaucorps qui ne couvre pas vos hanches pour le m\u00eame type d\u2019effet esth\u00e9tique. Il reste \u00e0 vous de pouvoir choisir l\u2019effet que vous d\u00e9sirez avec la lingerie qui vous pla\u00eet.<\/p>\n","protected":false},"excerpt":{"rendered":"<p>Le mod\u00e8le\u00a0Justaucorps Oxalis en mesh\u00a0apporte une \u00e9nergie de contr\u00f4le et de prestance \u00e0 la collection! Ce mod\u00e8le de justaucorps est fait en mesh pour le corps ajust\u00e9 avec des baleines et en voile pour la poitrine. Il s&rsquo;attache dans le cou en bouclant le voile et au dos \u00e0 l&rsquo;aide d&rsquo;un lacet. Le justaucorps se [&hellip;]<\/p>\n","protected":false},"featured_media":2897,"comment_status":"open","ping_status":"closed","template":"","meta":{"_bbp_topic_count":0,"_bbp_reply_count":0,"_bbp_total_topic_count":0,"_bbp_total_reply_count":0,"_bbp_voice_count":0,"_bbp_anonymous_reply_count":0,"_bbp_topic_count_hidden":0,"_bbp_reply_count_hidden":0,"_bbp_forum_subforum_count":0},"product_brand":[215],"product_cat":[211],"product_tag":[308,236,392,393],"class_list":{"0":"post-2425","1":"product","2":"type-product","3":"status-publish","4":"has-post-thumbnail","6":"wc_square_synced-yes","7":"product_brand-fleur-sauvage-lingerie","8":"product_cat-lingerie","9":"product_tag-bodysuit","10":"product_tag-lingerie-3","11":"product_tag-mesh-bodysuit","12":"product_tag-one-piece-lingerie","13":"pa_rating-scale_min-1-0-scale_max-5-0-value-5-0","14":"pa_rating_count-336","15":"pa_reviews-spr-container-padding-24px-border-color-ececec-spr-review-spr-form-border-color-ececec-commentaire-review-based-on-2-reviews-crire-un-commentaire-write-a-review-context-http-schema-org-type-aggregater","16":"pa_taille-1xl","17":"pa_taille-2xl","18":"pa_taille-3xl","19":"pa_taille-4xl","20":"pa_taille-l","21":"pa_taille-m","22":"pa_taille-s","23":"pa_taille-xl","24":"pa_taille-xs","25":"pa_title_tag-justaucorps-en-mesh-extensible-oxalis-fleur-sauvage-lingerie","26":"pa_upc-339","28":"first","29":"instock","30":"taxable","31":"shipping-taxable","32":"purchasable","33":"product-type-variable"},"_links":{"self":[{"href":"https:\/\/fleursauvagelingerie.com\/fr\/wp-json\/wp\/v2\/product\/2425","targetHints":{"allow":["GET"]}}],"collection":[{"href":"https:\/\/fleursauvagelingerie.com\/fr\/wp-json\/wp\/v2\/product"}],"about":[{"href":"https:\/\/fleursauvagelingerie.com\/fr\/wp-json\/wp\/v2\/types\/product"}],"replies":[{"embeddable":true,"href":"https:\/\/fleursauvagelingerie.com\/fr\/wp-json\/wp\/v2\/comments?post=2425"}],"version-history":[{"count":4,"href":"https:\/\/fleursauvagelingerie.com\/fr\/wp-json\/wp\/v2\/product\/2425\/revisions"}],"predecessor-version":[{"id":3187,"href":"https:\/\/fleursauvagelingerie.com\/fr\/wp-json\/wp\/v2\/product\/2425\/revisions\/3187"}],"wp:featuredmedia":[{"embeddable":true,"href":"https:\/\/fleursauvagelingerie.com\/fr\/wp-json\/wp\/v2\/media\/2897"}],"wp:attachment":[{"href":"https:\/\/fleursauvagelingerie.com\/fr\/wp-json\/wp\/v2\/media?parent=2425"}],"wp:term":[{"taxonomy":"product_brand","embeddable":true,"href":"https:\/\/fleursauvagelingerie.com\/fr\/wp-json\/wp\/v2\/product_brand?post=2425"},{"taxonomy":"product_cat","embeddable":true,"href":"https:\/\/fleursauvagelingerie.com\/fr\/wp-json\/wp\/v2\/product_cat?post=2425"},{"taxonomy":"product_tag","embeddable":true,"href":"https:\/\/fleursauvagelingerie.com\/fr\/wp-json\/wp\/v2\/product_tag?post=2425"}],"curies":[{"name":"wp","href":"https:\/\/api.w.org\/{rel}","templated":true}]}}