{"id":2446,"date":"2022-12-19T10:36:29","date_gmt":"2022-12-19T10:36:29","guid":{"rendered":"https:\/\/fleursauvagelingerie.com\/?post_type=product&#038;p=2446"},"modified":"2026-03-29T14:33:18","modified_gmt":"2026-03-29T14:33:18","slug":"gants-transparents-galane","status":"publish","type":"product","link":"https:\/\/fleursauvagelingerie.com\/fr\/produit\/gants-transparents-galane\/","title":{"rendered":"Gants transparents Galane"},"content":{"rendered":"<p>Cette paire de gants transparents en mesh est un classique \u00e0 avoir dans sa collection de lingerie et de cuir artificiel \u00e0 la maison!<\/p>\n<p>Ces gants en mesh transparents sont l\u00e9gers, sensuels et facile \u00e0 retirer pour apporter une finition \u00e0 vos items coups de coeur de notre premi\u00e8re collection!<\/p>\n<p>Ils peuvent se porter sur le long ou plus court si on veut avoir un effet pliss\u00e9. \u00c0 vous de voir l&rsquo;esth\u00e9tique qui vous convient le mieux !<\/p>\n<p>Cet accessoire peut permettre de pouvoir accentuer vos bras et votre \u00e9l\u00e9gance \u00e0 travers un ensemble de lingerie.<\/p>\n<p>Ces gants en mesh peuvent aussi permettre de jouer un personnage dans le cadre d&rsquo;un jeu de r\u00f4le. Voici un article si vous voulez en savoir un peu plus : <a href=\"https:\/\/fleursauvagelingerie.com\/les-jeux-de-role-avec-partenaires\/\">https:\/\/fleursauvagelingerie.com\/les-jeux-de-role-avec-partenaires\/<\/a><\/p>\n<p>Voici un court extrait :<\/p>\n<p>Vous pouvez d\u00e9buter par une ou plusieurs discussions dans un lieu et une atmosph\u00e8re confortable. Aussi, vous pourrez aborder vos envies et fantasmes que vous aimeriez explorer ensemble avec les jeux de r\u00f4le. Une fa\u00e7on d\u2019\u00e9changer sur vos perceptions, vos craintes, vos d\u00e9sirs, vos attentes vis-\u00e0-vis cette nouveaut\u00e9.<\/p>\n<p>Assurez-vous de garder l\u2019esprit bien ouvert et d\u2019accueillir votre partenaire dans ce moment de communication. Le but \u00e9tant que tout le monde se sente bien \u00e0 l\u2019aise de se mettre en accord sur la direction que vous d\u00e9sirez explorer.<\/p>\n","protected":false},"excerpt":{"rendered":"<p>Cette paire de gants transparents en mesh est un classique \u00e0 avoir dans sa collection de lingerie et de cuir artificiel \u00e0 la maison! Ces gants en mesh transparents sont l\u00e9gers, sensuels et facile \u00e0 retirer pour apporter une finition \u00e0 vos items coups de coeur de notre premi\u00e8re collection! Ils peuvent se porter sur [&hellip;]<\/p>\n","protected":false},"featured_media":2922,"comment_status":"open","ping_status":"closed","template":"","meta":{"_bbp_topic_count":0,"_bbp_reply_count":0,"_bbp_total_topic_count":0,"_bbp_total_reply_count":0,"_bbp_voice_count":0,"_bbp_anonymous_reply_count":0,"_bbp_topic_count_hidden":0,"_bbp_reply_count_hidden":0,"_bbp_forum_subforum_count":0},"product_brand":[216],"product_cat":[212],"product_tag":[341,388,389],"class_list":{"0":"post-2446","1":"product","2":"type-product","3":"status-publish","4":"has-post-thumbnail","6":"wc_square_synced-yes","7":"product_brand-fleursauvagelingerie-4899","8":"product_cat-accessoires","9":"product_tag-gants-longs","10":"product_tag-gloves","11":"product_tag-mesh-gloves","12":"pa_couleur-vert","13":"pa_title_tag-gants-transparents-en-mesh-extensible-galane-fleur-sauvage-lingerie","14":"pa_upc-349","16":"first","17":"instock","18":"taxable","19":"shipping-taxable","20":"purchasable","21":"product-type-variable"},"_links":{"self":[{"href":"https:\/\/fleursauvagelingerie.com\/fr\/wp-json\/wp\/v2\/product\/2446","targetHints":{"allow":["GET"]}}],"collection":[{"href":"https:\/\/fleursauvagelingerie.com\/fr\/wp-json\/wp\/v2\/product"}],"about":[{"href":"https:\/\/fleursauvagelingerie.com\/fr\/wp-json\/wp\/v2\/types\/product"}],"replies":[{"embeddable":true,"href":"https:\/\/fleursauvagelingerie.com\/fr\/wp-json\/wp\/v2\/comments?post=2446"}],"version-history":[{"count":3,"href":"https:\/\/fleursauvagelingerie.com\/fr\/wp-json\/wp\/v2\/product\/2446\/revisions"}],"predecessor-version":[{"id":3186,"href":"https:\/\/fleursauvagelingerie.com\/fr\/wp-json\/wp\/v2\/product\/2446\/revisions\/3186"}],"wp:featuredmedia":[{"embeddable":true,"href":"https:\/\/fleursauvagelingerie.com\/fr\/wp-json\/wp\/v2\/media\/2922"}],"wp:attachment":[{"href":"https:\/\/fleursauvagelingerie.com\/fr\/wp-json\/wp\/v2\/media?parent=2446"}],"wp:term":[{"taxonomy":"product_brand","embeddable":true,"href":"https:\/\/fleursauvagelingerie.com\/fr\/wp-json\/wp\/v2\/product_brand?post=2446"},{"taxonomy":"product_cat","embeddable":true,"href":"https:\/\/fleursauvagelingerie.com\/fr\/wp-json\/wp\/v2\/product_cat?post=2446"},{"taxonomy":"product_tag","embeddable":true,"href":"https:\/\/fleursauvagelingerie.com\/fr\/wp-json\/wp\/v2\/product_tag?post=2446"}],"curies":[{"name":"wp","href":"https:\/\/api.w.org\/{rel}","templated":true}]}}