{"id":2450,"date":"2022-12-19T13:05:34","date_gmt":"2022-12-19T13:05:34","guid":{"rendered":"https:\/\/fleursauvagelingerie.com\/?post_type=product&#038;p=2450"},"modified":"2026-02-09T16:04:00","modified_gmt":"2026-02-09T16:04:00","slug":"ceinture-en-cuir-artificiel-mycelis-2","status":"publish","type":"product","link":"https:\/\/fleursauvagelingerie.com\/fr\/produit\/ceinture-en-cuir-artificiel-mycelis-2\/","title":{"rendered":"Ceinture en cuir artificiel Mycelis"},"content":{"rendered":"<p>Le mod\u00e8le C<em>einture en cuir artificiel Mycelis <\/em>pr\u00e9sente plusieurs anneaux en demi-cercle tout autour de la taille, vous permettant de pouvoir jouer au maximum! Vous pouvez y ajouter des menottes ou des cha\u00eenes, par exemple.<\/p>\n<p>La ceinture en cuir artificiel est ajustable et peut se porter autant au devant que vers l&rsquo;arri\u00e8re. Elle peut se porter \u00e0 la taille, au niveau de la poitrine, au niveau des cuisses, etc. La ceinture Mycelis est disponible en noir et en vert for\u00eat.<\/p>\n<p>Pr\u00e9cisions grandeurs :<strong>\u00a0Fid\u00e8le \u00e0 la taille\u00a0et ajustable<\/strong><\/p>\n<p>Un ceinture en cuir accessoire peut permettre de pratiquer le \u00absoft bondage\u00bb qui est consid\u00e9r\u00e9 dans la sexualit\u00e9 BDSM ou kinky. Pour en apprendre plus sur le sujet voici notre article sur l&rsquo;explication d&rsquo;un kink : <a href=\"https:\/\/fleursauvagelingerie.com\/quest-ce-quun-kink\/\">https:\/\/fleursauvagelingerie.com\/quest-ce-quun-kink\/<\/a><\/p>\n<p>Voici un bref extrait :<\/p>\n<p>En fait, le terme \u00ab kink \u00bb ou la sexualit\u00e9 \u00ab kinky \u00bb fait r\u00e9f\u00e9rence \u00e0 une sexualit\u00e9 qui est \u00e9tiquet\u00e9e comme hors de la norme. Contrairement \u00e0 la sexualit\u00e9 vanille, dite conventionnelle selon la soci\u00e9t\u00e9. Donc, la sexualit\u00e9 \u00ab kinky \u00bb est une sexualit\u00e9 avec des fantasmes et des pratiques sexuels qui sont identifi\u00e9s comme d\u00e9viants.<\/p>\n<p>Dans les ann\u00e9es 70, il y a eu un mouvement pour revendiquer le droit d\u2019avoir une sexualit\u00e9 plus libertine. Dont, la culture du \u00ab kink \u00bb par une communaut\u00e9 qui a \u00e9t\u00e9 longtemps mise de c\u00f4t\u00e9. Effectivement, le \u00ab kink \u00bb a \u00e9t\u00e9 longtemps stigmatis\u00e9 et continue de l\u2019\u00eatre. Par contre, selon une \u00e9tude \u00e0 l\u2019Universit\u00e9 de Montr\u00e9al en 2014, \u00ab peu de fantasmes sont inhabituels ou rares, bien qu\u2019ils soient qualifi\u00e9s d\u2019atypiques dans le DSM-5. \u00bb<\/p>\n","protected":false},"excerpt":{"rendered":"<p>Le mod\u00e8le Ceinture en cuir artificiel Mycelis pr\u00e9sente plusieurs anneaux en demi-cercle tout autour de la taille, vous permettant de pouvoir jouer au maximum! Vous pouvez y ajouter des menottes ou des cha\u00eenes, par exemple. La ceinture en cuir artificiel est ajustable et peut se porter autant au devant que vers l&rsquo;arri\u00e8re. Elle peut se [&hellip;]<\/p>\n","protected":false},"featured_media":2927,"comment_status":"open","ping_status":"closed","template":"","meta":{"_bbp_topic_count":0,"_bbp_reply_count":0,"_bbp_total_topic_count":0,"_bbp_total_reply_count":0,"_bbp_voice_count":0,"_bbp_anonymous_reply_count":0,"_bbp_topic_count_hidden":0,"_bbp_reply_count_hidden":0,"_bbp_forum_subforum_count":0},"product_brand":[215],"product_cat":[210],"product_tag":[358,285],"class_list":{"0":"post-2450","1":"product","2":"type-product","3":"status-publish","4":"has-post-thumbnail","6":"wc_square_synced-yes","7":"product_brand-fleur-sauvage-lingerie","8":"product_cat-cuir-artificiel","9":"product_tag-green-lingerie","10":"product_tag-leather-belt","11":"pa_couleur-vert","12":"pa_reviews-spr-container-padding-24px-border-color-ececec-spr-review-spr-form-border-color-ececec-commentaires-aucun-commentaire-crire-un-commentaire","13":"pa_taille-2xl-3xl","14":"pa_taille-m-l","15":"pa_taille-s-m","16":"pa_taille-xl-1xl","17":"pa_taille-xs-s","18":"pa_title_tag-ceinture-fetish-en-cuir-artificiel-pour-menottes-et-restrictions-erotiques-fsl","19":"pa_upc-355","21":"first","22":"instock","23":"taxable","24":"shipping-taxable","25":"purchasable","26":"product-type-variable"},"_links":{"self":[{"href":"https:\/\/fleursauvagelingerie.com\/fr\/wp-json\/wp\/v2\/product\/2450","targetHints":{"allow":["GET"]}}],"collection":[{"href":"https:\/\/fleursauvagelingerie.com\/fr\/wp-json\/wp\/v2\/product"}],"about":[{"href":"https:\/\/fleursauvagelingerie.com\/fr\/wp-json\/wp\/v2\/types\/product"}],"replies":[{"embeddable":true,"href":"https:\/\/fleursauvagelingerie.com\/fr\/wp-json\/wp\/v2\/comments?post=2450"}],"version-history":[{"count":3,"href":"https:\/\/fleursauvagelingerie.com\/fr\/wp-json\/wp\/v2\/product\/2450\/revisions"}],"predecessor-version":[{"id":3184,"href":"https:\/\/fleursauvagelingerie.com\/fr\/wp-json\/wp\/v2\/product\/2450\/revisions\/3184"}],"wp:featuredmedia":[{"embeddable":true,"href":"https:\/\/fleursauvagelingerie.com\/fr\/wp-json\/wp\/v2\/media\/2927"}],"wp:attachment":[{"href":"https:\/\/fleursauvagelingerie.com\/fr\/wp-json\/wp\/v2\/media?parent=2450"}],"wp:term":[{"taxonomy":"product_brand","embeddable":true,"href":"https:\/\/fleursauvagelingerie.com\/fr\/wp-json\/wp\/v2\/product_brand?post=2450"},{"taxonomy":"product_cat","embeddable":true,"href":"https:\/\/fleursauvagelingerie.com\/fr\/wp-json\/wp\/v2\/product_cat?post=2450"},{"taxonomy":"product_tag","embeddable":true,"href":"https:\/\/fleursauvagelingerie.com\/fr\/wp-json\/wp\/v2\/product_tag?post=2450"}],"curies":[{"name":"wp","href":"https:\/\/api.w.org\/{rel}","templated":true}]}}