{"id":2959,"date":"2024-11-08T17:13:05","date_gmt":"2024-11-08T17:13:05","guid":{"rendered":"https:\/\/fleursauvagelingerie.com\/?post_type=product&#038;p=2959"},"modified":"2026-01-09T19:20:53","modified_gmt":"2026-01-09T19:20:53","slug":"boxer-en-dentelle-zaria","status":"publish","type":"product","link":"https:\/\/fleursauvagelingerie.com\/fr\/produit\/boxer-en-dentelle-zaria\/","title":{"rendered":"Boxer en dentelle Zaria"},"content":{"rendered":"<p><img fetchpriority=\"high\" decoding=\"async\" class=\"wp-image-3317 aligncenter\" src=\"https:\/\/fleursauvagelingerie.com\/wp-content\/uploads\/2024\/11\/fleursauvagelingeriegrandeurboxer-465x96.png\" alt=\"\" width=\"674\" height=\"139\" srcset=\"https:\/\/fleursauvagelingerie.com\/wp-content\/uploads\/2024\/11\/fleursauvagelingeriegrandeurboxer-465x96.png 465w, https:\/\/fleursauvagelingerie.com\/wp-content\/uploads\/2024\/11\/fleursauvagelingeriegrandeurboxer-1024x212.png 1024w, https:\/\/fleursauvagelingerie.com\/wp-content\/uploads\/2024\/11\/fleursauvagelingeriegrandeurboxer-768x159.png 768w, https:\/\/fleursauvagelingerie.com\/wp-content\/uploads\/2024\/11\/fleursauvagelingeriegrandeurboxer-18x4.png 18w, https:\/\/fleursauvagelingerie.com\/wp-content\/uploads\/2024\/11\/fleursauvagelingeriegrandeurboxer-550x114.png 550w, https:\/\/fleursauvagelingerie.com\/wp-content\/uploads\/2024\/11\/fleursauvagelingeriegrandeurboxer-1155x240.png 1155w, https:\/\/fleursauvagelingerie.com\/wp-content\/uploads\/2024\/11\/fleursauvagelingeriegrandeurboxer.png 1446w\" sizes=\"(max-width: 674px) 100vw, 674px\" \/><\/p>\n<p>Voici notre premi\u00e8re paire de boxer en dentelle !<\/p>\n<p>Le boxer en dentelle Zaria est sophistiqu\u00e9, confortable et semi-transparent. Vous pourrez les porter autant de jour dans votre quotidien que dans vos moments plus intimes pour vous sentir bien, confiant et sexy.<\/p>\n<p>Le boxer en dentelle Zaria a un \u00e9lastique \u00e0 la taille avec notre logo court FSL. Il comprend une poche en coton au milieu avant pour plus de confort. La dentelle illustre un feuillage d\u00e9corant les jambes et l&rsquo;arri\u00e8re au niveau des fesses. Le tissu a \u00e9t\u00e9 choisi aussi pour sa fonction \u00e9lastique qui permet de pouvoir bien s&rsquo;\u00e9tirer \u00e0 la circonf\u00e9rence des cuisses.<\/p>\n<p>Une nouvelle pi\u00e8ce dans votre garde-robe de lingerie qui sera un incontournable Fleur Sauvage !<\/p>\n<p>**Il est important de toujours laver le boxer \u00e0 la main avec un savon doux puisqu&rsquo;un lavage dans la machine pourrait endommager ou briser le tissus.**<\/p>\n<p>Pour en savoir plus sur l&rsquo;histoire de la lingerie masculine voici un article pertinent disponible sur notre blogue : <a href=\"https:\/\/fleursauvagelingerie.com\/levolution-de-la-lingerie-masculine\/\">https:\/\/fleursauvagelingerie.com\/levolution-de-la-lingerie-masculine\/<\/a><\/p>\n<p>Voici un bref extrait concernant le boxer :<\/p>\n<p>Au d\u00e9but des ann\u00e9es 80, les fameuses campagnes Calvin Klein voient le jour. Elles apportent le style boxer au niveau sup\u00e9rieur devenant la r\u00e9f\u00e9rence pour sous-v\u00eatement pour hommes. Ces publicit\u00e9s am\u00e8nerons \u00e9galement une autre fa\u00e7on de voir les hommes et leurs sous-v\u00eatements. Cette direction qu\u2019apportera Calvin Klein marquera l\u2019industrie des sous-v\u00eatements pour hommes, encore pr\u00e9sent aujourd\u2019hui.<\/p>\n<p>&nbsp;<\/p>\n","protected":false},"excerpt":{"rendered":"<p>Voici notre premi\u00e8re paire de boxer en dentelle ! Le boxer en dentelle Zaria est sophistiqu\u00e9, confortable et semi-transparent. Vous pourrez les porter autant de jour dans votre quotidien que dans vos moments plus intimes pour vous sentir bien, confiant et sexy. Le boxer en dentelle Zaria a un \u00e9lastique \u00e0 la taille avec notre [&hellip;]<\/p>\n","protected":false},"featured_media":2954,"comment_status":"open","ping_status":"closed","template":"","meta":{"_bbp_topic_count":0,"_bbp_reply_count":0,"_bbp_total_topic_count":0,"_bbp_total_reply_count":0,"_bbp_voice_count":0,"_bbp_anonymous_reply_count":0,"_bbp_topic_count_hidden":0,"_bbp_reply_count_hidden":0,"_bbp_forum_subforum_count":0},"product_brand":[],"product_cat":[211],"product_tag":[],"class_list":{"0":"post-2959","1":"product","2":"type-product","3":"status-publish","4":"has-post-thumbnail","6":"product_cat-lingerie","7":"pa_taille-2xl","8":"pa_taille-l","9":"pa_taille-m","10":"pa_taille-s","11":"pa_taille-xl","12":"pa_taille-xs","14":"first","15":"instock","16":"taxable","17":"shipping-taxable","18":"purchasable","19":"product-type-variable"},"_links":{"self":[{"href":"https:\/\/fleursauvagelingerie.com\/fr\/wp-json\/wp\/v2\/product\/2959","targetHints":{"allow":["GET"]}}],"collection":[{"href":"https:\/\/fleursauvagelingerie.com\/fr\/wp-json\/wp\/v2\/product"}],"about":[{"href":"https:\/\/fleursauvagelingerie.com\/fr\/wp-json\/wp\/v2\/types\/product"}],"replies":[{"embeddable":true,"href":"https:\/\/fleursauvagelingerie.com\/fr\/wp-json\/wp\/v2\/comments?post=2959"}],"version-history":[{"count":7,"href":"https:\/\/fleursauvagelingerie.com\/fr\/wp-json\/wp\/v2\/product\/2959\/revisions"}],"predecessor-version":[{"id":3318,"href":"https:\/\/fleursauvagelingerie.com\/fr\/wp-json\/wp\/v2\/product\/2959\/revisions\/3318"}],"wp:featuredmedia":[{"embeddable":true,"href":"https:\/\/fleursauvagelingerie.com\/fr\/wp-json\/wp\/v2\/media\/2954"}],"wp:attachment":[{"href":"https:\/\/fleursauvagelingerie.com\/fr\/wp-json\/wp\/v2\/media?parent=2959"}],"wp:term":[{"taxonomy":"product_brand","embeddable":true,"href":"https:\/\/fleursauvagelingerie.com\/fr\/wp-json\/wp\/v2\/product_brand?post=2959"},{"taxonomy":"product_cat","embeddable":true,"href":"https:\/\/fleursauvagelingerie.com\/fr\/wp-json\/wp\/v2\/product_cat?post=2959"},{"taxonomy":"product_tag","embeddable":true,"href":"https:\/\/fleursauvagelingerie.com\/fr\/wp-json\/wp\/v2\/product_tag?post=2959"}],"curies":[{"name":"wp","href":"https:\/\/api.w.org\/{rel}","templated":true}]}}