{"id":2961,"date":"2024-11-08T17:42:15","date_gmt":"2024-11-08T17:42:15","guid":{"rendered":"https:\/\/fleursauvagelingerie.com\/?post_type=product&#038;p=2961"},"modified":"2025-11-09T20:42:57","modified_gmt":"2025-11-09T20:42:57","slug":"boxer-en-dentelle-naca","status":"publish","type":"product","link":"https:\/\/fleursauvagelingerie.com\/fr\/produit\/boxer-en-dentelle-naca\/","title":{"rendered":"Boxer en dentelle Naca"},"content":{"rendered":"<p><img fetchpriority=\"high\" decoding=\"async\" class=\" wp-image-3319 aligncenter\" src=\"https:\/\/fleursauvagelingerie.com\/wp-content\/uploads\/2024\/11\/fleursauvageboxergrandeur-465x97.png\" alt=\"\" width=\"666\" height=\"139\" srcset=\"https:\/\/fleursauvagelingerie.com\/wp-content\/uploads\/2024\/11\/fleursauvageboxergrandeur-465x97.png 465w, https:\/\/fleursauvagelingerie.com\/wp-content\/uploads\/2024\/11\/fleursauvageboxergrandeur-1024x214.png 1024w, https:\/\/fleursauvagelingerie.com\/wp-content\/uploads\/2024\/11\/fleursauvageboxergrandeur-768x160.png 768w, https:\/\/fleursauvagelingerie.com\/wp-content\/uploads\/2024\/11\/fleursauvageboxergrandeur-18x4.png 18w, https:\/\/fleursauvagelingerie.com\/wp-content\/uploads\/2024\/11\/fleursauvageboxergrandeur-550x115.png 550w, https:\/\/fleursauvagelingerie.com\/wp-content\/uploads\/2024\/11\/fleursauvageboxergrandeur-1155x241.png 1155w, https:\/\/fleursauvagelingerie.com\/wp-content\/uploads\/2024\/11\/fleursauvageboxergrandeur.png 1448w\" sizes=\"(max-width: 666px) 100vw, 666px\" \/><\/p>\n<p>Voici notre premi\u00e8re paire de boxer en dentelle !<\/p>\n<p>Le boxer en dentelle Naca est sophistiqu\u00e9, confortable et semi-transparent. Vous pourrez les porter autant de jour dans votre quotidien que dans vos moments plus intimes pour vous sentir bien, confiant.e et sexy.<\/p>\n<p>Le boxer en dentelle Naca a un \u00e9lastique \u00e0 la taille avec notre logo court FSL. La dentelle illustre un feuillage d\u00e9corant votre entrejambe, vos cuisses et vos fesses. Le tissu a \u00e9t\u00e9 choisi aussi pour sa fonction \u00e9lastique qui permet de pouvoir bien s&rsquo;\u00e9tirer \u00e0 la circonf\u00e9rence des cuisses.<\/p>\n<p>Une nouvelle pi\u00e8ce dans votre garde-robe de lingerie qui sera un incontournable Fleur Sauvage !<\/p>\n<p>**Il est important de toujours laver le boxer \u00e0 la main avec un savon doux. Un lavage dans la machine pourrait endommager ou briser le tissus.**<\/p>\n<p>Pour en savoir plus sur l&rsquo;entretien de votre lingerie voici un article pertinent disponible sur notre blogue : <a href=\"https:\/\/fleursauvagelingerie.com\/quel-est-le-meilleur-entretien-de-la-lingerie\/\">https:\/\/fleursauvagelingerie.com\/quel-est-le-meilleur-entretien-de-la-lingerie\/<\/a><\/p>\n<p>Voici un bref extrait sur l&rsquo;important de bien entretenir sa lingerie :<\/p>\n<p>L\u2019entretien de votre lingerie est primordial pour que vos morceaux de tissus d\u00e9licats restent beaux et confortables sur le long terme. La lingerie est faite de tissus comme la dentelle et le mesh principalement, souvent avec des fibres extensibles. Il est donc important de bien en prendre soin pour \u00e9viter que la lingerie devienne trop \u00e9lastique. L\u2019entretien de la lingerie permet aussi d\u2019\u00e9viter que le tissu se d\u00e9grade \u00e0 travers le temps.<\/p>\n<p>Pour plus d&rsquo;articles, d\u00e9couvrez notre blogue sur la lingerie et l&rsquo;\u00e9panouissement \u00e9rotique.<\/p>\n","protected":false},"excerpt":{"rendered":"<p>Voici notre premi\u00e8re paire de boxer en dentelle ! Le boxer en dentelle Naca est sophistiqu\u00e9, confortable et semi-transparent. Vous pourrez les porter autant de jour dans votre quotidien que dans vos moments plus intimes pour vous sentir bien, confiant.e et sexy. Le boxer en dentelle Naca a un \u00e9lastique \u00e0 la taille avec notre [&hellip;]<\/p>\n","protected":false},"featured_media":2885,"comment_status":"open","ping_status":"closed","template":"","meta":{"_bbp_topic_count":0,"_bbp_reply_count":0,"_bbp_total_topic_count":0,"_bbp_total_reply_count":0,"_bbp_voice_count":0,"_bbp_anonymous_reply_count":0,"_bbp_topic_count_hidden":0,"_bbp_reply_count_hidden":0,"_bbp_forum_subforum_count":0},"product_brand":[],"product_cat":[211],"product_tag":[],"class_list":{"0":"post-2961","1":"product","2":"type-product","3":"status-publish","4":"has-post-thumbnail","6":"wc_square_synced-yes","7":"product_cat-lingerie","8":"pa_taille-xs","9":"pa_taille-s","10":"pa_taille-m","11":"pa_taille-l","12":"pa_taille-xl","13":"pa_taille-2xl","15":"first","16":"instock","17":"sale","18":"taxable","19":"shipping-taxable","20":"purchasable","21":"product-type-variable","22":"has-default-attributes"},"_links":{"self":[{"href":"https:\/\/fleursauvagelingerie.com\/fr\/wp-json\/wp\/v2\/product\/2961","targetHints":{"allow":["GET"]}}],"collection":[{"href":"https:\/\/fleursauvagelingerie.com\/fr\/wp-json\/wp\/v2\/product"}],"about":[{"href":"https:\/\/fleursauvagelingerie.com\/fr\/wp-json\/wp\/v2\/types\/product"}],"replies":[{"embeddable":true,"href":"https:\/\/fleursauvagelingerie.com\/fr\/wp-json\/wp\/v2\/comments?post=2961"}],"version-history":[{"count":8,"href":"https:\/\/fleursauvagelingerie.com\/fr\/wp-json\/wp\/v2\/product\/2961\/revisions"}],"predecessor-version":[{"id":3163,"href":"https:\/\/fleursauvagelingerie.com\/fr\/wp-json\/wp\/v2\/product\/2961\/revisions\/3163"}],"wp:featuredmedia":[{"embeddable":true,"href":"https:\/\/fleursauvagelingerie.com\/fr\/wp-json\/wp\/v2\/media\/2885"}],"wp:attachment":[{"href":"https:\/\/fleursauvagelingerie.com\/fr\/wp-json\/wp\/v2\/media?parent=2961"}],"wp:term":[{"taxonomy":"product_brand","embeddable":true,"href":"https:\/\/fleursauvagelingerie.com\/fr\/wp-json\/wp\/v2\/product_brand?post=2961"},{"taxonomy":"product_cat","embeddable":true,"href":"https:\/\/fleursauvagelingerie.com\/fr\/wp-json\/wp\/v2\/product_cat?post=2961"},{"taxonomy":"product_tag","embeddable":true,"href":"https:\/\/fleursauvagelingerie.com\/fr\/wp-json\/wp\/v2\/product_tag?post=2961"}],"curies":[{"name":"wp","href":"https:\/\/api.w.org\/{rel}","templated":true}]}}