{"id":2963,"date":"2024-11-11T20:01:48","date_gmt":"2024-11-11T20:01:48","guid":{"rendered":"https:\/\/fleursauvagelingerie.com\/?post_type=product&#038;p=2963"},"modified":"2025-12-18T21:04:10","modified_gmt":"2025-12-18T21:04:10","slug":"bas-collant-fishnet-axis","status":"publish","type":"product","link":"https:\/\/fleursauvagelingerie.com\/fr\/produit\/bas-collant-fishnet-axis\/","title":{"rendered":"Bas collant fishnet Axis"},"content":{"rendered":"<p>Le bas collant \u00ab fishnet \u00bb Axis est confortable, extensible, ouvert au niveau de la fourche et des fesses ! Avec sa taille \u00e9lastique, il est possible de le porter autant \u00e0 la hauteur de vos hanches ou \u00e0 votre taille.<\/p>\n<p>Ce collant \u00abfishnet\u00bb est id\u00e9al pour porter avec votre lingerie, nu ou avec vos pi\u00e8ces de cuir !<\/p>\n<p>Pr\u00e9cisions grandeurs : <strong>Taille unique\u00a0<\/strong><\/p>\n<p>Il est important de bien \u00e9tirer le collant avant de le porter la premi\u00e8re fois pour avoir tout le potentiel \u00e9lastique. Aussi, il est important de le laver \u00e0 d\u00e9licat ou \u00e0 la main pour ne pas l&rsquo;endommager.<\/p>\n<p>Si vous voulez en savoir plus sur l&rsquo;entretien de votre lingerie, voici un article sur le sujet : <a href=\"https:\/\/fleursauvagelingerie.com\/quel-est-le-meilleur-entretien-de-la-lingerie\/\">https:\/\/fleursauvagelingerie.com\/quel-est-le-meilleur-entretien-de-la-lingerie\/<\/a><\/p>\n<p>Voici un court extrait :<\/p>\n<p>L\u2019entretien de votre lingerie est primordial pour que vos morceaux de tissus d\u00e9licats restent beaux et confortables sur le long terme. La lingerie est faite de tissus comme la dentelle et le mesh principalement, souvent avec des fibres extensibles.<\/p>\n<p>Il est donc important de bien en prendre soin pour \u00e9viter que la lingerie devienne trop \u00e9lastique et qu\u2019elle ne nous fasse plus comme au premier jour. L\u2019entretien de la lingerie permet aussi d\u2019\u00e9viter que le tissu se d\u00e9grade et que la qualit\u00e9 diminue \u00e0 travers le temps.<\/p>\n","protected":false},"excerpt":{"rendered":"<p>Le bas collant \u00ab fishnet \u00bb Axis est confortable, extensible, ouvert au niveau de la fourche et des fesses ! Avec sa taille \u00e9lastique, il est possible de le porter autant \u00e0 la hauteur de vos hanches ou \u00e0 votre taille. Ce collant \u00abfishnet\u00bb est id\u00e9al pour porter avec votre lingerie, nu ou avec vos [&hellip;]<\/p>\n","protected":false},"featured_media":2906,"comment_status":"open","ping_status":"closed","template":"","meta":{"_bbp_topic_count":0,"_bbp_reply_count":0,"_bbp_total_topic_count":0,"_bbp_total_reply_count":0,"_bbp_voice_count":0,"_bbp_anonymous_reply_count":0,"_bbp_topic_count_hidden":0,"_bbp_reply_count_hidden":0,"_bbp_forum_subforum_count":0},"product_brand":[],"product_cat":[211],"product_tag":[410,409],"class_list":{"0":"post-2963","1":"product","2":"type-product","3":"status-publish","4":"has-post-thumbnail","6":"product_cat-lingerie","7":"product_tag-bas-collant","8":"product_tag-fishnet","10":"first","11":"instock","12":"taxable","13":"shipping-taxable","14":"purchasable","15":"product-type-simple"},"_links":{"self":[{"href":"https:\/\/fleursauvagelingerie.com\/fr\/wp-json\/wp\/v2\/product\/2963","targetHints":{"allow":["GET"]}}],"collection":[{"href":"https:\/\/fleursauvagelingerie.com\/fr\/wp-json\/wp\/v2\/product"}],"about":[{"href":"https:\/\/fleursauvagelingerie.com\/fr\/wp-json\/wp\/v2\/types\/product"}],"replies":[{"embeddable":true,"href":"https:\/\/fleursauvagelingerie.com\/fr\/wp-json\/wp\/v2\/comments?post=2963"}],"version-history":[{"count":3,"href":"https:\/\/fleursauvagelingerie.com\/fr\/wp-json\/wp\/v2\/product\/2963\/revisions"}],"predecessor-version":[{"id":3204,"href":"https:\/\/fleursauvagelingerie.com\/fr\/wp-json\/wp\/v2\/product\/2963\/revisions\/3204"}],"wp:featuredmedia":[{"embeddable":true,"href":"https:\/\/fleursauvagelingerie.com\/fr\/wp-json\/wp\/v2\/media\/2906"}],"wp:attachment":[{"href":"https:\/\/fleursauvagelingerie.com\/fr\/wp-json\/wp\/v2\/media?parent=2963"}],"wp:term":[{"taxonomy":"product_brand","embeddable":true,"href":"https:\/\/fleursauvagelingerie.com\/fr\/wp-json\/wp\/v2\/product_brand?post=2963"},{"taxonomy":"product_cat","embeddable":true,"href":"https:\/\/fleursauvagelingerie.com\/fr\/wp-json\/wp\/v2\/product_cat?post=2963"},{"taxonomy":"product_tag","embeddable":true,"href":"https:\/\/fleursauvagelingerie.com\/fr\/wp-json\/wp\/v2\/product_tag?post=2963"}],"curies":[{"name":"wp","href":"https:\/\/api.w.org\/{rel}","templated":true}]}}