{"id":2967,"date":"2024-10-09T01:02:24","date_gmt":"2024-10-09T01:02:24","guid":{"rendered":"https:\/\/fleursauvagelingerie.com\/?post_type=product&#038;p=2967"},"modified":"2026-02-14T22:13:55","modified_gmt":"2026-02-14T22:13:55","slug":"collier-en-cuir-kaltha","status":"publish","type":"product","link":"https:\/\/fleursauvagelingerie.com\/fr\/produit\/collier-en-cuir-kaltha\/","title":{"rendered":"Collier en cuir Kaltha"},"content":{"rendered":"<p><img fetchpriority=\"high\" decoding=\"async\" class=\" wp-image-3321 aligncenter\" src=\"https:\/\/fleursauvagelingerie.com\/wp-content\/uploads\/2024\/10\/fleursauvagelingerie-grandeur-collier-465x81.png\" alt=\"\" width=\"580\" height=\"101\" srcset=\"https:\/\/fleursauvagelingerie.com\/wp-content\/uploads\/2024\/10\/fleursauvagelingerie-grandeur-collier-465x81.png 465w, https:\/\/fleursauvagelingerie.com\/wp-content\/uploads\/2024\/10\/fleursauvagelingerie-grandeur-collier-1024x178.png 1024w, https:\/\/fleursauvagelingerie.com\/wp-content\/uploads\/2024\/10\/fleursauvagelingerie-grandeur-collier-768x133.png 768w, https:\/\/fleursauvagelingerie.com\/wp-content\/uploads\/2024\/10\/fleursauvagelingerie-grandeur-collier-18x3.png 18w, https:\/\/fleursauvagelingerie.com\/wp-content\/uploads\/2024\/10\/fleursauvagelingerie-grandeur-collier-550x96.png 550w, https:\/\/fleursauvagelingerie.com\/wp-content\/uploads\/2024\/10\/fleursauvagelingerie-grandeur-collier-1155x201.png 1155w, https:\/\/fleursauvagelingerie.com\/wp-content\/uploads\/2024\/10\/fleursauvagelingerie-grandeur-collier.png 1450w\" sizes=\"(max-width: 580px) 100vw, 580px\" \/><\/p>\n<p>Ce collier en cuir est une co-cr\u00e9ation exclusivement disponible sur notre site web. Il est fait \u00e0 la main par l&rsquo;artisan Nicholette, qui est bas\u00e9 \u00e0 Toronto (voir son travail au <a href=\"https:\/\/www.fetstyle.ca\/\">https:\/\/www.fetstyle.ca\/<\/a>).<\/p>\n<p>Le collier en cuir artificiel Kaltha est ajustable avec une boucle de couleur argent. Il poss\u00e8de un anneau \u00e0 l&rsquo;avant qui est amovible pour pouvoir le porter avec deux esth\u00e9tiques diff\u00e9rents. En fait, cela apporte une belle vari\u00e9t\u00e9 tant pour le jeu que pour compl\u00e9ter un ensemble.<\/p>\n<p>Le collier en cuir a une finition de couture vert for\u00eat, notre couleur signature. Puis, il est disponible dans la taille small et m\u00e9dium.<\/p>\n<p>Pour plus d&rsquo;informations sur l&rsquo;origine des pi\u00e8ces en cuir voici un article notre blogue :\u00a0 <a href=\"https:\/\/fleursauvagelingerie.com\/les-origines-du-bdsm\/\">https:\/\/fleursauvagelingerie.com\/les-origines-du-bdsm\/<\/a><\/p>\n<p>Voici un court extrait :<\/p>\n<p>En fait, avec l\u2019industrialisation arrive de nouveaux mat\u00e9riaux comme le cuir, le pvc et le m\u00e9tal. Ils seront utilis\u00e9s dans le cadre de la culture BDSM dans les communaut\u00e9s influenc\u00e9 par les groupes de motard.<\/p>\n<p>Autant les habits que les jouets sexuels ont \u00e9t\u00e9 influenc\u00e9s par ces nouveaux mat\u00e9riaux amenant une innovation aux pratiques sexuelles BDSM. Donc, beaucoup associ\u00e9 \u00e0 la masculinit\u00e9 le cuir devient l&#8217;embl\u00e8me de la violence et la sexualit\u00e9 agressive dans les f\u00e9tiches. Par apr\u00e8s, certaines pin-ups dont Bettie Page, reprit ces repr\u00e9sentations BDSM.<\/p>\n","protected":false},"excerpt":{"rendered":"<p>Ce collier en cuir est une co-cr\u00e9ation exclusivement disponible sur notre site web. Il est fait \u00e0 la main par l&rsquo;artisan Nicholette, qui est bas\u00e9 \u00e0 Toronto (voir son travail au https:\/\/www.fetstyle.ca\/). Le collier en cuir artificiel Kaltha est ajustable avec une boucle de couleur argent. Il poss\u00e8de un anneau \u00e0 l&rsquo;avant qui est amovible [&hellip;]<\/p>\n","protected":false},"featured_media":2875,"comment_status":"open","ping_status":"closed","template":"","meta":{"_bbp_topic_count":0,"_bbp_reply_count":0,"_bbp_total_topic_count":0,"_bbp_total_reply_count":0,"_bbp_voice_count":0,"_bbp_anonymous_reply_count":0,"_bbp_topic_count_hidden":0,"_bbp_reply_count_hidden":0,"_bbp_forum_subforum_count":0},"product_brand":[],"product_cat":[212,210],"product_tag":[],"class_list":{"0":"post-2967","1":"product","2":"type-product","3":"status-publish","4":"has-post-thumbnail","6":"wc_square_synced-yes","7":"product_cat-accessoires","8":"product_cat-cuir-artificiel","10":"first","11":"instock","12":"sale","13":"taxable","14":"shipping-taxable","15":"purchasable","16":"product-type-variable"},"_links":{"self":[{"href":"https:\/\/fleursauvagelingerie.com\/fr\/wp-json\/wp\/v2\/product\/2967","targetHints":{"allow":["GET"]}}],"collection":[{"href":"https:\/\/fleursauvagelingerie.com\/fr\/wp-json\/wp\/v2\/product"}],"about":[{"href":"https:\/\/fleursauvagelingerie.com\/fr\/wp-json\/wp\/v2\/types\/product"}],"replies":[{"embeddable":true,"href":"https:\/\/fleursauvagelingerie.com\/fr\/wp-json\/wp\/v2\/comments?post=2967"}],"version-history":[{"count":7,"href":"https:\/\/fleursauvagelingerie.com\/fr\/wp-json\/wp\/v2\/product\/2967\/revisions"}],"predecessor-version":[{"id":3322,"href":"https:\/\/fleursauvagelingerie.com\/fr\/wp-json\/wp\/v2\/product\/2967\/revisions\/3322"}],"wp:featuredmedia":[{"embeddable":true,"href":"https:\/\/fleursauvagelingerie.com\/fr\/wp-json\/wp\/v2\/media\/2875"}],"wp:attachment":[{"href":"https:\/\/fleursauvagelingerie.com\/fr\/wp-json\/wp\/v2\/media?parent=2967"}],"wp:term":[{"taxonomy":"product_brand","embeddable":true,"href":"https:\/\/fleursauvagelingerie.com\/fr\/wp-json\/wp\/v2\/product_brand?post=2967"},{"taxonomy":"product_cat","embeddable":true,"href":"https:\/\/fleursauvagelingerie.com\/fr\/wp-json\/wp\/v2\/product_cat?post=2967"},{"taxonomy":"product_tag","embeddable":true,"href":"https:\/\/fleursauvagelingerie.com\/fr\/wp-json\/wp\/v2\/product_tag?post=2967"}],"curies":[{"name":"wp","href":"https:\/\/api.w.org\/{rel}","templated":true}]}}