{"id":3469,"date":"2025-11-20T21:46:04","date_gmt":"2025-11-20T21:46:04","guid":{"rendered":"https:\/\/fleursauvagelingerie.com\/?post_type=product&#038;p=3469"},"modified":"2025-11-30T21:50:33","modified_gmt":"2025-11-30T21:50:33","slug":"justaucorps-arelia","status":"publish","type":"product","link":"https:\/\/fleursauvagelingerie.com\/fr\/produit\/justaucorps-arelia\/","title":{"rendered":"Justaucorps Arelia"},"content":{"rendered":"<p>Un justaucorps confortable, sexy et sophistiqu\u00e9e pour votre collection ! Notre nouvelle couleur \u00abDark Cherry \u00bb vous ira \u00e0 merveille.<\/p>\n<p>Ce style comporte un d\u00e9collet\u00e9 plongeant et une ouverture totale \u00e0 la fourche. Puis, il est ajustable autant aux bretelles du dos que les \u00e9lastiques sur fesses pour un look personnalis\u00e9 \u00e0 votre corps!<\/p>\n","protected":false},"excerpt":{"rendered":"<p>Un justaucorps confortable, sexy et sophistiqu\u00e9e pour votre collection ! Notre nouvelle couleur \u00abDark Cherry \u00bb vous ira \u00e0 merveille. Ce style comporte un d\u00e9collet\u00e9 plongeant et une ouverture totale \u00e0 la fourche. Puis, il est ajustable autant aux bretelles du dos que les \u00e9lastiques sur fesses pour un look personnalis\u00e9 \u00e0 votre corps!<\/p>\n","protected":false},"featured_media":3471,"comment_status":"open","ping_status":"closed","template":"","meta":{"_bbp_topic_count":0,"_bbp_reply_count":0,"_bbp_total_topic_count":0,"_bbp_total_reply_count":0,"_bbp_voice_count":0,"_bbp_anonymous_reply_count":0,"_bbp_topic_count_hidden":0,"_bbp_reply_count_hidden":0,"_bbp_forum_subforum_count":0},"product_brand":[215],"product_cat":[211],"product_tag":[],"class_list":{"0":"post-3469","1":"product","2":"type-product","3":"status-publish","4":"has-post-thumbnail","6":"product_brand-fleur-sauvage-lingerie","7":"product_cat-lingerie","8":"pa_taille-2xl","9":"pa_taille-3xl","10":"pa_taille-l","11":"pa_taille-m","12":"pa_taille-s","13":"pa_taille-xl","14":"pa_taille-xs","16":"first","17":"instock","18":"taxable","19":"shipping-taxable","20":"purchasable","21":"product-type-variable"},"_links":{"self":[{"href":"https:\/\/fleursauvagelingerie.com\/fr\/wp-json\/wp\/v2\/product\/3469","targetHints":{"allow":["GET"]}}],"collection":[{"href":"https:\/\/fleursauvagelingerie.com\/fr\/wp-json\/wp\/v2\/product"}],"about":[{"href":"https:\/\/fleursauvagelingerie.com\/fr\/wp-json\/wp\/v2\/types\/product"}],"replies":[{"embeddable":true,"href":"https:\/\/fleursauvagelingerie.com\/fr\/wp-json\/wp\/v2\/comments?post=3469"}],"version-history":[{"count":1,"href":"https:\/\/fleursauvagelingerie.com\/fr\/wp-json\/wp\/v2\/product\/3469\/revisions"}],"predecessor-version":[{"id":3474,"href":"https:\/\/fleursauvagelingerie.com\/fr\/wp-json\/wp\/v2\/product\/3469\/revisions\/3474"}],"wp:featuredmedia":[{"embeddable":true,"href":"https:\/\/fleursauvagelingerie.com\/fr\/wp-json\/wp\/v2\/media\/3471"}],"wp:attachment":[{"href":"https:\/\/fleursauvagelingerie.com\/fr\/wp-json\/wp\/v2\/media?parent=3469"}],"wp:term":[{"taxonomy":"product_brand","embeddable":true,"href":"https:\/\/fleursauvagelingerie.com\/fr\/wp-json\/wp\/v2\/product_brand?post=3469"},{"taxonomy":"product_cat","embeddable":true,"href":"https:\/\/fleursauvagelingerie.com\/fr\/wp-json\/wp\/v2\/product_cat?post=3469"},{"taxonomy":"product_tag","embeddable":true,"href":"https:\/\/fleursauvagelingerie.com\/fr\/wp-json\/wp\/v2\/product_tag?post=3469"}],"curies":[{"name":"wp","href":"https:\/\/api.w.org\/{rel}","templated":true}]}}