{"id":3475,"date":"2025-11-20T21:53:22","date_gmt":"2025-11-20T21:53:22","guid":{"rendered":"https:\/\/fleursauvagelingerie.com\/?post_type=product&#038;p=3475"},"modified":"2025-11-21T22:59:39","modified_gmt":"2025-11-21T22:59:39","slug":"culotte-en-dentelle-sessil","status":"publish","type":"product","link":"https:\/\/fleursauvagelingerie.com\/fr\/produit\/culotte-en-dentelle-sessil\/","title":{"rendered":"Culotte en dentelle Sessil"},"content":{"rendered":"<p>Notre toute premi\u00e8re culotte en dentelle dans ce beau \u00abBlack Cherry\u00bb pour compl\u00e9ter le style du justaucorps Arelia.<\/p>\n<p>La culotte en dentelle Sessil est ajustable aux hanches et semi-couvrante \u00e0 l&rsquo;arri\u00e8re pour une effet thong confortable. Parfaite pour une longue soir\u00e9e de plaisir!<\/p>\n","protected":false},"excerpt":{"rendered":"<p>Notre toute premi\u00e8re culotte en dentelle dans ce beau \u00abBlack Cherry\u00bb pour compl\u00e9ter le style du justaucorps Arelia. La culotte en dentelle Sessil est ajustable aux hanches et semi-couvrante \u00e0 l&rsquo;arri\u00e8re pour une effet thong confortable. Parfaite pour une longue soir\u00e9e de plaisir!<\/p>\n","protected":false},"featured_media":3476,"comment_status":"open","ping_status":"closed","template":"","meta":{"_bbp_topic_count":0,"_bbp_reply_count":0,"_bbp_total_topic_count":0,"_bbp_total_reply_count":0,"_bbp_voice_count":0,"_bbp_anonymous_reply_count":0,"_bbp_topic_count_hidden":0,"_bbp_reply_count_hidden":0,"_bbp_forum_subforum_count":0},"product_brand":[215],"product_cat":[211],"product_tag":[],"class_list":{"0":"post-3475","1":"product","2":"type-product","3":"status-publish","4":"has-post-thumbnail","6":"product_brand-fleur-sauvage-lingerie","7":"product_cat-lingerie","8":"pa_taille-2xl","9":"pa_taille-3xl","10":"pa_taille-l","11":"pa_taille-m","12":"pa_taille-s","13":"pa_taille-xl","14":"pa_taille-xs","16":"first","17":"instock","18":"taxable","19":"shipping-taxable","20":"purchasable","21":"product-type-variable"},"_links":{"self":[{"href":"https:\/\/fleursauvagelingerie.com\/fr\/wp-json\/wp\/v2\/product\/3475","targetHints":{"allow":["GET"]}}],"collection":[{"href":"https:\/\/fleursauvagelingerie.com\/fr\/wp-json\/wp\/v2\/product"}],"about":[{"href":"https:\/\/fleursauvagelingerie.com\/fr\/wp-json\/wp\/v2\/types\/product"}],"replies":[{"embeddable":true,"href":"https:\/\/fleursauvagelingerie.com\/fr\/wp-json\/wp\/v2\/comments?post=3475"}],"version-history":[{"count":1,"href":"https:\/\/fleursauvagelingerie.com\/fr\/wp-json\/wp\/v2\/product\/3475\/revisions"}],"predecessor-version":[{"id":3479,"href":"https:\/\/fleursauvagelingerie.com\/fr\/wp-json\/wp\/v2\/product\/3475\/revisions\/3479"}],"wp:featuredmedia":[{"embeddable":true,"href":"https:\/\/fleursauvagelingerie.com\/fr\/wp-json\/wp\/v2\/media\/3476"}],"wp:attachment":[{"href":"https:\/\/fleursauvagelingerie.com\/fr\/wp-json\/wp\/v2\/media?parent=3475"}],"wp:term":[{"taxonomy":"product_brand","embeddable":true,"href":"https:\/\/fleursauvagelingerie.com\/fr\/wp-json\/wp\/v2\/product_brand?post=3475"},{"taxonomy":"product_cat","embeddable":true,"href":"https:\/\/fleursauvagelingerie.com\/fr\/wp-json\/wp\/v2\/product_cat?post=3475"},{"taxonomy":"product_tag","embeddable":true,"href":"https:\/\/fleursauvagelingerie.com\/fr\/wp-json\/wp\/v2\/product_tag?post=3475"}],"curies":[{"name":"wp","href":"https:\/\/api.w.org\/{rel}","templated":true}]}}