{"id":3480,"date":"2025-11-20T22:01:27","date_gmt":"2025-11-20T22:01:27","guid":{"rendered":"https:\/\/fleursauvagelingerie.com\/?post_type=product&#038;p=3480"},"modified":"2025-11-21T22:57:26","modified_gmt":"2025-11-21T22:57:26","slug":"pantalon-en-mesh-vicia","status":"publish","type":"product","link":"https:\/\/fleursauvagelingerie.com\/fr\/produit\/pantalon-en-mesh-vicia\/","title":{"rendered":"Pantalon en mesh Vicia"},"content":{"rendered":"<p>Notre premi\u00e8re paire de pantalon lingerie c&rsquo;est-\u00e0-dire les pantalons en mesh Vicia !<\/p>\n<p>Cette paire de pantalon est semi-transparente avec ligne de d\u00e9coupe. Une culotte \u00abshorty\u00bb opaque est int\u00e9gr\u00e9 pour un maximum de confort. Puis, un zip \u00e0 la fourche pour ajouter une touche sensuelle \u00e0 vos moments intimes !<\/p>\n","protected":false},"excerpt":{"rendered":"<p>Notre premi\u00e8re paire de pantalon lingerie c&rsquo;est-\u00e0-dire les pantalons en mesh Vicia ! Cette paire de pantalon est semi-transparente avec ligne de d\u00e9coupe. Une culotte \u00abshorty\u00bb opaque est int\u00e9gr\u00e9 pour un maximum de confort. Puis, un zip \u00e0 la fourche pour ajouter une touche sensuelle \u00e0 vos moments intimes !<\/p>\n","protected":false},"featured_media":3481,"comment_status":"open","ping_status":"closed","template":"","meta":{"_bbp_topic_count":0,"_bbp_reply_count":0,"_bbp_total_topic_count":0,"_bbp_total_reply_count":0,"_bbp_voice_count":0,"_bbp_anonymous_reply_count":0,"_bbp_topic_count_hidden":0,"_bbp_reply_count_hidden":0,"_bbp_forum_subforum_count":0},"product_brand":[215],"product_cat":[211],"product_tag":[],"class_list":{"0":"post-3480","1":"product","2":"type-product","3":"status-publish","4":"has-post-thumbnail","6":"product_brand-fleur-sauvage-lingerie","7":"product_cat-lingerie","8":"pa_taille-2xl","9":"pa_taille-3xl","10":"pa_taille-l","11":"pa_taille-m","12":"pa_taille-s","13":"pa_taille-xl","14":"pa_taille-xs","16":"first","17":"instock","18":"taxable","19":"shipping-taxable","20":"purchasable","21":"product-type-variable"},"_links":{"self":[{"href":"https:\/\/fleursauvagelingerie.com\/fr\/wp-json\/wp\/v2\/product\/3480","targetHints":{"allow":["GET"]}}],"collection":[{"href":"https:\/\/fleursauvagelingerie.com\/fr\/wp-json\/wp\/v2\/product"}],"about":[{"href":"https:\/\/fleursauvagelingerie.com\/fr\/wp-json\/wp\/v2\/types\/product"}],"replies":[{"embeddable":true,"href":"https:\/\/fleursauvagelingerie.com\/fr\/wp-json\/wp\/v2\/comments?post=3480"}],"version-history":[{"count":1,"href":"https:\/\/fleursauvagelingerie.com\/fr\/wp-json\/wp\/v2\/product\/3480\/revisions"}],"predecessor-version":[{"id":3486,"href":"https:\/\/fleursauvagelingerie.com\/fr\/wp-json\/wp\/v2\/product\/3480\/revisions\/3486"}],"wp:featuredmedia":[{"embeddable":true,"href":"https:\/\/fleursauvagelingerie.com\/fr\/wp-json\/wp\/v2\/media\/3481"}],"wp:attachment":[{"href":"https:\/\/fleursauvagelingerie.com\/fr\/wp-json\/wp\/v2\/media?parent=3480"}],"wp:term":[{"taxonomy":"product_brand","embeddable":true,"href":"https:\/\/fleursauvagelingerie.com\/fr\/wp-json\/wp\/v2\/product_brand?post=3480"},{"taxonomy":"product_cat","embeddable":true,"href":"https:\/\/fleursauvagelingerie.com\/fr\/wp-json\/wp\/v2\/product_cat?post=3480"},{"taxonomy":"product_tag","embeddable":true,"href":"https:\/\/fleursauvagelingerie.com\/fr\/wp-json\/wp\/v2\/product_tag?post=3480"}],"curies":[{"name":"wp","href":"https:\/\/api.w.org\/{rel}","templated":true}]}}